{"id":812,"date":"2023-05-16T21:10:41","date_gmt":"2023-05-16T21:10:41","guid":{"rendered":"https:\/\/www.sslwrp.goleniow.net.pl\/?page_id=812"},"modified":"2024-03-20T22:13:48","modified_gmt":"2024-03-20T22:13:48","slug":"nie-zyje-henryk-szymanski","status":"publish","type":"page","link":"https:\/\/www.sslwrp.goleniow.net.pl\/?page_id=812","title":{"rendered":"Nie \u017cyje Henryk Szyma\u0144ski"},"content":{"rendered":"\n<figure class=\"wp-block-image size-large is-resized\"><img loading=\"lazy\" decoding=\"async\" width=\"994\" height=\"1024\" src=\"https:\/\/www.sslwrp.goleniow.net.pl\/wp-content\/uploads\/2023\/05\/Henryk-Szymanski-994x1024.jpg\" alt=\"\" class=\"wp-image-814\" style=\"width:158px;height:auto\" srcset=\"https:\/\/www.sslwrp.goleniow.net.pl\/wp-content\/uploads\/2023\/05\/Henryk-Szymanski-994x1024.jpg 994w, https:\/\/www.sslwrp.goleniow.net.pl\/wp-content\/uploads\/2023\/05\/Henryk-Szymanski-291x300.jpg 291w, https:\/\/www.sslwrp.goleniow.net.pl\/wp-content\/uploads\/2023\/05\/Henryk-Szymanski-768x791.jpg 768w, https:\/\/www.sslwrp.goleniow.net.pl\/wp-content\/uploads\/2023\/05\/Henryk-Szymanski.jpg 1000w\" sizes=\"auto, (max-width: 994px) 100vw, 994px\" \/><\/figure>\n\n\n\n<p>W poniedzia\u0142ek 8 maja 2023 roku, odszed\u0142 na wieczn\u0105 wart\u0119 \u017co\u0142nierz 2 PLM &#8222;KRAK\u00d3W&#8221;  mjr Henryk SZYMA\u0143SKI. Absolwent TOSWL w OLE\u015aNICY z 1968 roku. Specjalno\u015b\u0107 osprz\u0119t lotniczy. Pod koniec s\u0142u\u017cby zajmowa\u0142 stanowisko kierownika sekcji urz\u0105dze\u0144 treningowych.<\/p>\n","protected":false},"excerpt":{"rendered":"<p>W poniedzia\u0142ek 8 maja 2023 roku, odszed\u0142 na wieczn\u0105 wart\u0119 \u017co\u0142nierz 2 PLM &#8222;KRAK\u00d3W&#8221; mjr Henryk SZYMA\u0143SKI. Absolwent TOSWL w OLE\u015aNICY z 1968 roku. Specjalno\u015b\u0107<\/p>\n","protected":false},"author":1,"featured_media":0,"parent":0,"menu_order":0,"comment_status":"closed","ping_status":"closed","template":"","meta":{"footnotes":""},"class_list":["post-812","page","type-page","status-publish","hentry"],"_links":{"self":[{"href":"https:\/\/www.sslwrp.goleniow.net.pl\/index.php?rest_route=\/wp\/v2\/pages\/812","targetHints":{"allow":["GET"]}}],"collection":[{"href":"https:\/\/www.sslwrp.goleniow.net.pl\/index.php?rest_route=\/wp\/v2\/pages"}],"about":[{"href":"https:\/\/www.sslwrp.goleniow.net.pl\/index.php?rest_route=\/wp\/v2\/types\/page"}],"author":[{"embeddable":true,"href":"https:\/\/www.sslwrp.goleniow.net.pl\/index.php?rest_route=\/wp\/v2\/users\/1"}],"replies":[{"embeddable":true,"href":"https:\/\/www.sslwrp.goleniow.net.pl\/index.php?rest_route=%2Fwp%2Fv2%2Fcomments&post=812"}],"version-history":[{"count":2,"href":"https:\/\/www.sslwrp.goleniow.net.pl\/index.php?rest_route=\/wp\/v2\/pages\/812\/revisions"}],"predecessor-version":[{"id":1333,"href":"https:\/\/www.sslwrp.goleniow.net.pl\/index.php?rest_route=\/wp\/v2\/pages\/812\/revisions\/1333"}],"wp:attachment":[{"href":"https:\/\/www.sslwrp.goleniow.net.pl\/index.php?rest_route=%2Fwp%2Fv2%2Fmedia&parent=812"}],"curies":[{"name":"wp","href":"https:\/\/api.w.org\/{rel}","templated":true}]}}