{"id":734,"date":"2023-03-12T13:53:05","date_gmt":"2023-03-12T13:53:05","guid":{"rendered":"https:\/\/www.sslwrp.goleniow.net.pl\/?page_id=734"},"modified":"2023-03-26T09:04:46","modified_gmt":"2023-03-26T09:04:46","slug":"zebranie-oddzialu-relacja","status":"publish","type":"page","link":"https:\/\/www.sslwrp.goleniow.net.pl\/?page_id=734","title":{"rendered":"Zebranie sprawozdawczo-wyborcze."},"content":{"rendered":"\n<p class=\"has-vivid-cyan-blue-color has-text-color has-medium-font-size\"><strong>    <em>W zwi\u0105zku z up\u0142ywem statutowej kadencji Zarz\u0105du Oddzia\u0142u, w dniu 10 marca 2023 r. zwo\u0142ane zosta\u0142o walne zebranie cz\u0142onk\u00f3w Goleniowskiego Oddzia\u0142u SSLW RP. Odby\u0142o si\u0119 ono w sali CAL przy ul. Wojska Polskiego 28. Frekwencja wynios\u0142a ponad 62%.<br>     Zgodnie z za\u0142o\u017conym i zaaprobowanym programem, prowadz\u0105cy zebranie Prezes dokona\u0142 podsumowania mijaj\u0105cej kadencji, om\u00f3wi\u0142 sprawy bie\u017c\u0105ce oraz zapozna\u0142 zebranych z planami na bie\u017c\u0105cy rok.<br>Wa\u017cnym punktem zebrania by\u0142a kwestia absolutorium dla ust\u0119puj\u0105cego zarz\u0105du Oddzia\u0142u. Przewodnicz\u0105cy Komisji Rewizyjnej przedstawi\u0142 w swoim wyst\u0105pieniu wyniki prac komisji i zarekomendowa\u0142 zebraniu udzielenie absolutorium, co w g\u0142osowaniu zosta\u0142o jednog\u0142o\u015bnie przyj\u0119te.<br>    W g\u0142osowaniach jawnych wybrano sk\u0142ady komisji wyborczej i rewizyjnej na nast\u0119pn\u0105 kadencj\u0119.<br>   Zebranie przyj\u0119\u0142o zg\u0142oszony z sali wniosek o ponowny wyb\u00f3r aktualnego Prezesa jak i sk\u0142adu Zarz\u0105du na kolejn\u0105 kadencj\u0119.<\/em><\/strong><\/p>\n\n\n\n<figure class=\"wp-block-gallery has-nested-images columns-default is-cropped wp-block-gallery-1 is-layout-flex wp-block-gallery-is-layout-flex\">\n<figure class=\"wp-block-image size-large\"><img loading=\"lazy\" decoding=\"async\" width=\"850\" height=\"638\" data-id=\"740\" src=\"https:\/\/www.sslwrp.goleniow.net.pl\/wp-content\/uploads\/2023\/03\/zebr5.jpg\" alt=\"\" class=\"wp-image-740\" srcset=\"https:\/\/www.sslwrp.goleniow.net.pl\/wp-content\/uploads\/2023\/03\/zebr5.jpg 850w, https:\/\/www.sslwrp.goleniow.net.pl\/wp-content\/uploads\/2023\/03\/zebr5-300x225.jpg 300w, https:\/\/www.sslwrp.goleniow.net.pl\/wp-content\/uploads\/2023\/03\/zebr5-768x576.jpg 768w\" sizes=\"auto, (max-width: 850px) 100vw, 850px\" \/><\/figure>\n\n\n\n<figure class=\"wp-block-image size-large\"><img loading=\"lazy\" decoding=\"async\" width=\"850\" height=\"638\" data-id=\"744\" src=\"https:\/\/www.sslwrp.goleniow.net.pl\/wp-content\/uploads\/2023\/03\/zebr9.jpg\" alt=\"\" class=\"wp-image-744\" srcset=\"https:\/\/www.sslwrp.goleniow.net.pl\/wp-content\/uploads\/2023\/03\/zebr9.jpg 850w, https:\/\/www.sslwrp.goleniow.net.pl\/wp-content\/uploads\/2023\/03\/zebr9-300x225.jpg 300w, https:\/\/www.sslwrp.goleniow.net.pl\/wp-content\/uploads\/2023\/03\/zebr9-768x576.jpg 768w\" sizes=\"auto, (max-width: 850px) 100vw, 850px\" \/><\/figure>\n\n\n\n<figure class=\"wp-block-image size-large\"><img loading=\"lazy\" decoding=\"async\" width=\"850\" height=\"638\" data-id=\"743\" src=\"https:\/\/www.sslwrp.goleniow.net.pl\/wp-content\/uploads\/2023\/03\/zebr8.jpg\" alt=\"\" class=\"wp-image-743\" srcset=\"https:\/\/www.sslwrp.goleniow.net.pl\/wp-content\/uploads\/2023\/03\/zebr8.jpg 850w, https:\/\/www.sslwrp.goleniow.net.pl\/wp-content\/uploads\/2023\/03\/zebr8-300x225.jpg 300w, https:\/\/www.sslwrp.goleniow.net.pl\/wp-content\/uploads\/2023\/03\/zebr8-768x576.jpg 768w\" sizes=\"auto, (max-width: 850px) 100vw, 850px\" \/><\/figure>\n<\/figure>\n\n\n\n<div style=\"height:100px\" aria-hidden=\"true\" class=\"wp-block-spacer\"><\/div>\n\n\n\n<p class=\"has-text-align-center has-vivid-green-cyan-color has-text-color has-medium-font-size\"><strong><em>Szeregi naszego stowarzyszenia powi\u0119kszy\u0142o dw\u00f3ch koleg\u00f3w, kt\u00f3rym oficjalnie wr\u0119czono legitymacje cz\u0142onkowskie<\/em><\/strong>.<\/p>\n\n\n\n<figure class=\"wp-block-gallery has-nested-images columns-default is-cropped wp-block-gallery-2 is-layout-flex wp-block-gallery-is-layout-flex\">\n<figure class=\"wp-block-image size-large\"><img loading=\"lazy\" decoding=\"async\" width=\"850\" height=\"638\" data-id=\"736\" src=\"https:\/\/www.sslwrp.goleniow.net.pl\/wp-content\/uploads\/2023\/03\/zebr1.jpg\" alt=\"\" class=\"wp-image-736\" srcset=\"https:\/\/www.sslwrp.goleniow.net.pl\/wp-content\/uploads\/2023\/03\/zebr1.jpg 850w, https:\/\/www.sslwrp.goleniow.net.pl\/wp-content\/uploads\/2023\/03\/zebr1-300x225.jpg 300w, https:\/\/www.sslwrp.goleniow.net.pl\/wp-content\/uploads\/2023\/03\/zebr1-768x576.jpg 768w\" sizes=\"auto, (max-width: 850px) 100vw, 850px\" \/><\/figure>\n\n\n\n<figure class=\"wp-block-image size-large\"><img loading=\"lazy\" decoding=\"async\" width=\"850\" height=\"638\" data-id=\"741\" src=\"https:\/\/www.sslwrp.goleniow.net.pl\/wp-content\/uploads\/2023\/03\/zebr6.jpg\" alt=\"\" class=\"wp-image-741\" srcset=\"https:\/\/www.sslwrp.goleniow.net.pl\/wp-content\/uploads\/2023\/03\/zebr6.jpg 850w, https:\/\/www.sslwrp.goleniow.net.pl\/wp-content\/uploads\/2023\/03\/zebr6-300x225.jpg 300w, https:\/\/www.sslwrp.goleniow.net.pl\/wp-content\/uploads\/2023\/03\/zebr6-768x576.jpg 768w\" sizes=\"auto, (max-width: 850px) 100vw, 850px\" \/><\/figure>\n\n\n\n<figure class=\"wp-block-image size-large\"><img loading=\"lazy\" decoding=\"async\" width=\"850\" height=\"638\" data-id=\"738\" src=\"https:\/\/www.sslwrp.goleniow.net.pl\/wp-content\/uploads\/2023\/03\/zebr3.jpg\" alt=\"\" class=\"wp-image-738\" srcset=\"https:\/\/www.sslwrp.goleniow.net.pl\/wp-content\/uploads\/2023\/03\/zebr3.jpg 850w, https:\/\/www.sslwrp.goleniow.net.pl\/wp-content\/uploads\/2023\/03\/zebr3-300x225.jpg 300w, https:\/\/www.sslwrp.goleniow.net.pl\/wp-content\/uploads\/2023\/03\/zebr3-768x576.jpg 768w\" sizes=\"auto, (max-width: 850px) 100vw, 850px\" \/><\/figure>\n<\/figure>\n\n\n\n<div style=\"height:100px\" aria-hidden=\"true\" class=\"wp-block-spacer\"><\/div>\n\n\n\n<p class=\"has-text-align-center has-vivid-green-cyan-color has-text-color has-medium-font-size\"><em><strong>Za du\u017ce zaanga\u017cowanie w dzia\u0142alno\u015b\u0107 przy organizowaniu przedsi\u0119wzi\u0119\u0107 zwi\u0105zanych z naszym stowarzyszeniem oraz 2 PLM, wyr\u00f3\u017cniony zosta\u0142 kolega Rados\u0142aw Kacperski. Po cz\u0119\u015bci oficjalnej uczestnicy zebrania zaj\u0119li si\u0119 wspomnieniami przy tradycyjnym pocz\u0119stunku.<\/strong><\/em><\/p>\n\n\n\n<figure class=\"wp-block-gallery has-nested-images columns-default is-cropped wp-block-gallery-3 is-layout-flex wp-block-gallery-is-layout-flex\">\n<figure class=\"wp-block-image size-large\"><img loading=\"lazy\" decoding=\"async\" width=\"850\" height=\"638\" data-id=\"737\" src=\"https:\/\/www.sslwrp.goleniow.net.pl\/wp-content\/uploads\/2023\/03\/zebr2.jpg\" alt=\"\" class=\"wp-image-737\" srcset=\"https:\/\/www.sslwrp.goleniow.net.pl\/wp-content\/uploads\/2023\/03\/zebr2.jpg 850w, https:\/\/www.sslwrp.goleniow.net.pl\/wp-content\/uploads\/2023\/03\/zebr2-300x225.jpg 300w, https:\/\/www.sslwrp.goleniow.net.pl\/wp-content\/uploads\/2023\/03\/zebr2-768x576.jpg 768w\" sizes=\"auto, (max-width: 850px) 100vw, 850px\" \/><\/figure>\n\n\n\n<figure class=\"wp-block-image size-large\"><img loading=\"lazy\" decoding=\"async\" width=\"850\" height=\"638\" data-id=\"742\" src=\"https:\/\/www.sslwrp.goleniow.net.pl\/wp-content\/uploads\/2023\/03\/zebr7.jpg\" alt=\"\" class=\"wp-image-742\" srcset=\"https:\/\/www.sslwrp.goleniow.net.pl\/wp-content\/uploads\/2023\/03\/zebr7.jpg 850w, https:\/\/www.sslwrp.goleniow.net.pl\/wp-content\/uploads\/2023\/03\/zebr7-300x225.jpg 300w, https:\/\/www.sslwrp.goleniow.net.pl\/wp-content\/uploads\/2023\/03\/zebr7-768x576.jpg 768w\" sizes=\"auto, (max-width: 850px) 100vw, 850px\" \/><\/figure>\n<\/figure>\n","protected":false},"excerpt":{"rendered":"<p>W zwi\u0105zku z up\u0142ywem statutowej kadencji Zarz\u0105du Oddzia\u0142u, w dniu 10 marca 2023 r. zwo\u0142ane zosta\u0142o walne zebranie cz\u0142onk\u00f3w Goleniowskiego Oddzia\u0142u SSLW RP. Odby\u0142o si\u0119<\/p>\n","protected":false},"author":1,"featured_media":0,"parent":0,"menu_order":0,"comment_status":"closed","ping_status":"closed","template":"","meta":{"footnotes":""},"class_list":["post-734","page","type-page","status-publish","hentry"],"_links":{"self":[{"href":"https:\/\/www.sslwrp.goleniow.net.pl\/index.php?rest_route=\/wp\/v2\/pages\/734","targetHints":{"allow":["GET"]}}],"collection":[{"href":"https:\/\/www.sslwrp.goleniow.net.pl\/index.php?rest_route=\/wp\/v2\/pages"}],"about":[{"href":"https:\/\/www.sslwrp.goleniow.net.pl\/index.php?rest_route=\/wp\/v2\/types\/page"}],"author":[{"embeddable":true,"href":"https:\/\/www.sslwrp.goleniow.net.pl\/index.php?rest_route=\/wp\/v2\/users\/1"}],"replies":[{"embeddable":true,"href":"https:\/\/www.sslwrp.goleniow.net.pl\/index.php?rest_route=%2Fwp%2Fv2%2Fcomments&post=734"}],"version-history":[{"count":5,"href":"https:\/\/www.sslwrp.goleniow.net.pl\/index.php?rest_route=\/wp\/v2\/pages\/734\/revisions"}],"predecessor-version":[{"id":758,"href":"https:\/\/www.sslwrp.goleniow.net.pl\/index.php?rest_route=\/wp\/v2\/pages\/734\/revisions\/758"}],"wp:attachment":[{"href":"https:\/\/www.sslwrp.goleniow.net.pl\/index.php?rest_route=%2Fwp%2Fv2%2Fmedia&parent=734"}],"curies":[{"name":"wp","href":"https:\/\/api.w.org\/{rel}","templated":true}]}}