{"id":697,"date":"2023-01-13T11:14:25","date_gmt":"2023-01-13T11:14:25","guid":{"rendered":"https:\/\/www.sslwrp.goleniow.net.pl\/?page_id=697"},"modified":"2023-01-13T11:43:44","modified_gmt":"2023-01-13T11:43:44","slug":"samoloty-poza-granicami-polski","status":"publish","type":"page","link":"https:\/\/www.sslwrp.goleniow.net.pl\/?page_id=697","title":{"rendered":"Samoloty poza granicami Polski"},"content":{"rendered":"\n<p style=\"font-size:30px\"><small><strong><em>Lista samolot\u00f3w poza granicami Polski<\/em><\/strong>.<\/small><\/p>\n\n\n\n<p class=\"has-medium-font-size\">&nbsp;&nbsp;&nbsp; Lim-2&nbsp;&nbsp;&nbsp;&nbsp;&nbsp;&nbsp;&nbsp;&nbsp;&nbsp;&nbsp;&nbsp;&nbsp;<strong>1120<\/strong>&nbsp;&nbsp; obecnie w RAF Museum, Cosford Wielka Brytania<br>&nbsp;&nbsp;&nbsp; Lim-5&nbsp;&nbsp;&nbsp;&nbsp;&nbsp;&nbsp;&nbsp;&nbsp;&nbsp;&nbsp;&nbsp;&nbsp;<strong>1910<\/strong>&nbsp;&nbsp; obecnie w Mus\u00e9e Europ\u00e9en de l&#8217;Aviation de Chasse, Mont\u00e9limar Francja<br>&nbsp;&nbsp;&nbsp; MiG-21F-13&nbsp;<strong>1217<\/strong>&nbsp;&nbsp; obecnie w Flugausstellung, Hermeskeil Niemcy<br>&nbsp;&nbsp;&nbsp; MiG-21PFM&nbsp;<strong>7809<\/strong>&nbsp;&nbsp; obecnie w National Museum of Military Vehicles, Dubois WY USA<br>&nbsp;&nbsp;&nbsp; MiG-21PFM&nbsp;<strong>7904<\/strong>&nbsp;&nbsp; obecnie przednia cz\u0119\u015b\u0107 samolotu znajduje si\u0119 na lotnisku Altstedt Niemcy<br>&nbsp;&nbsp;&nbsp; MiG-21PFM&nbsp;<strong>7905<\/strong>&nbsp;&nbsp; obecnie w Georgetown DE USA<br>&nbsp;&nbsp;&nbsp; MiG-21M&nbsp;&nbsp;&nbsp;&nbsp;&nbsp;<strong>1809<\/strong>&nbsp;&nbsp; obecnie w P.s. Aero B.V., Baarlo Holandia<br>&nbsp;&nbsp;&nbsp; MiG-21M &nbsp; &nbsp;&nbsp;<strong>1812<\/strong>&nbsp;&nbsp; do pewnego czasu znajdowa\u0142 si\u0119 w P.s. Aero B.V., Baarlo Holandia<br>&nbsp;&nbsp;&nbsp; MiG-21M&nbsp;&nbsp;&nbsp;&nbsp;&nbsp;<strong>1904<\/strong>&nbsp;&nbsp; obecnie w Fighter Jet collection, Savigny-les-Beaune Francja<br>&nbsp;&nbsp;&nbsp; MiG-21M&nbsp;&nbsp;&nbsp;&nbsp;&nbsp;<strong>1914<\/strong>&nbsp;&nbsp; obecnie w Hellevoetsluis Holandia<br>&nbsp;&nbsp;&nbsp; MiG-21M&nbsp;&nbsp;&nbsp;&nbsp;&nbsp;<strong>2005<\/strong>&nbsp;&nbsp; obecnie w Maasbracht Holandia<br>&nbsp;&nbsp;&nbsp; MiG-21M&nbsp;&nbsp;&nbsp;&nbsp;&nbsp;<strong>2007<\/strong>&nbsp;&nbsp; obecnie w P.s. Aero B.V., Baarlo Holandia<br>&nbsp;&nbsp;&nbsp; MiG-21M&nbsp;&nbsp;&nbsp;&nbsp;&nbsp;<strong>2008<\/strong>&nbsp;&nbsp; obecnie w P.s. Aero B.V., Baarlo Holandia<br>&nbsp;&nbsp;&nbsp; MiG-21MF &nbsp;&nbsp;<strong>8008<\/strong>&nbsp;&nbsp; obecnie w Auckland Nowa Zelandia<br>&nbsp;&nbsp;&nbsp; MiG-21MF &nbsp;&nbsp;<strong>8907<\/strong>&nbsp;&nbsp; obecnie w Zehdenik Niemcy<br>&nbsp;&nbsp;&nbsp; MiG-21MF &nbsp;&nbsp;<strong>8909<\/strong>&nbsp;&nbsp; do pewnego czasu znajdowa\u0142 si\u0119 w P.s. Aero B.V., Baarlo Holandia<br>&nbsp;&nbsp;&nbsp; MiG-21U&nbsp;&nbsp;&nbsp;&nbsp;&nbsp;&nbsp;<strong>2718<\/strong>&nbsp;&nbsp; obecnie w Fighter Jet collection, Savigny-les-Beaune Francja<br>&nbsp;&nbsp;&nbsp; MiG-21US&nbsp;&nbsp;&nbsp;&nbsp;<strong>4502<\/strong>&nbsp;&nbsp; obecnie w Vietnam War Flight Museum, Houston TX USA, rejestracja N221MG<br>&nbsp;&nbsp;&nbsp; MiG-21US &nbsp;&nbsp;&nbsp;<strong>4608<\/strong>&nbsp;&nbsp; do pewnego czasu znajdowa\u0142 si\u0119 w Fort Walton Beach FL USA, rejestracja N9149F<br>&nbsp;&nbsp;&nbsp; MiG-21US&nbsp;&nbsp;&nbsp;&nbsp;<strong>5141<\/strong>&nbsp;&nbsp; obecnie w National Transport &amp; Toy Museum, Wanaka Nowa Zelandia<br>&nbsp;&nbsp;&nbsp; MiG-21UM &nbsp;&nbsp;<strong>9293<\/strong>&nbsp;&nbsp; obecnie na lotnisku Reno Stead NV USA, rejestracja N221UM<\/p>\n","protected":false},"excerpt":{"rendered":"<p>Lista samolot\u00f3w poza granicami Polski. &nbsp;&nbsp;&nbsp; Lim-2&nbsp;&nbsp;&nbsp;&nbsp;&nbsp;&nbsp;&nbsp;&nbsp;&nbsp;&nbsp;&nbsp;&nbsp;1120&nbsp;&nbsp; obecnie w RAF Museum, Cosford Wielka Brytania&nbsp;&nbsp;&nbsp; Lim-5&nbsp;&nbsp;&nbsp;&nbsp;&nbsp;&nbsp;&nbsp;&nbsp;&nbsp;&nbsp;&nbsp;&nbsp;1910&nbsp;&nbsp; obecnie w Mus\u00e9e Europ\u00e9en de l&#8217;Aviation de Chasse, Mont\u00e9limar Francja&nbsp;&nbsp;&nbsp;<\/p>\n","protected":false},"author":1,"featured_media":0,"parent":684,"menu_order":2,"comment_status":"closed","ping_status":"closed","template":"","meta":{"footnotes":""},"class_list":["post-697","page","type-page","status-publish","hentry"],"_links":{"self":[{"href":"https:\/\/www.sslwrp.goleniow.net.pl\/index.php?rest_route=\/wp\/v2\/pages\/697","targetHints":{"allow":["GET"]}}],"collection":[{"href":"https:\/\/www.sslwrp.goleniow.net.pl\/index.php?rest_route=\/wp\/v2\/pages"}],"about":[{"href":"https:\/\/www.sslwrp.goleniow.net.pl\/index.php?rest_route=\/wp\/v2\/types\/page"}],"author":[{"embeddable":true,"href":"https:\/\/www.sslwrp.goleniow.net.pl\/index.php?rest_route=\/wp\/v2\/users\/1"}],"replies":[{"embeddable":true,"href":"https:\/\/www.sslwrp.goleniow.net.pl\/index.php?rest_route=%2Fwp%2Fv2%2Fcomments&post=697"}],"version-history":[{"count":2,"href":"https:\/\/www.sslwrp.goleniow.net.pl\/index.php?rest_route=\/wp\/v2\/pages\/697\/revisions"}],"predecessor-version":[{"id":699,"href":"https:\/\/www.sslwrp.goleniow.net.pl\/index.php?rest_route=\/wp\/v2\/pages\/697\/revisions\/699"}],"up":[{"embeddable":true,"href":"https:\/\/www.sslwrp.goleniow.net.pl\/index.php?rest_route=\/wp\/v2\/pages\/684"}],"wp:attachment":[{"href":"https:\/\/www.sslwrp.goleniow.net.pl\/index.php?rest_route=%2Fwp%2Fv2%2Fmedia&parent=697"}],"curies":[{"name":"wp","href":"https:\/\/api.w.org\/{rel}","templated":true}]}}