{"id":694,"date":"2023-01-13T11:13:30","date_gmt":"2023-01-13T11:13:30","guid":{"rendered":"https:\/\/www.sslwrp.goleniow.net.pl\/?page_id=694"},"modified":"2023-06-05T09:47:32","modified_gmt":"2023-06-05T09:47:32","slug":"lista-samolotow-na-terenie-naszego-kraju","status":"publish","type":"page","link":"https:\/\/www.sslwrp.goleniow.net.pl\/?page_id=694","title":{"rendered":"Lista samolot\u00f3w na terenie naszego kraju"},"content":{"rendered":"\n<p class=\"has-medium-font-size\">MiG-21F-13\u00a0<strong>2307<\/strong>\u00a0Lubuskie Muzeum Wojskowe     <em><a rel=\"noreferrer noopener\" href=\"https:\/\/www.sslwrp.goleniow.net.pl\/wp-content\/uploads\/2023\/05\/MiG-21F13_2307.jpg\" target=\"_blank\">foto<\/a><\/em><br>MiG-21PFM\u00a0<strong>7815<\/strong>\u00a0Lubuskie Muzeum Wojskowe      <em><a rel=\"noreferrer noopener\" href=\"https:\/\/www.sslwrp.goleniow.net.pl\/wp-content\/uploads\/2023\/05\/7815.jpg\" target=\"_blank\">foto<\/a><\/em><br>MiG-21PFM\u00a0<strong>7810<\/strong>\u00a0Warszawa ul. Wi\u015bniowa 56\u00a0\u00a0\u00a0       <em><a rel=\"noreferrer noopener\" href=\"https:\/\/www.sslwrp.goleniow.net.pl\/wp-content\/uploads\/2023\/05\/7810_po-odnowie_2022.jpg\" target=\"_blank\">foto<\/a><\/em><br>Po-2LNB\u00a0\u00a0\u00a0\u00a0\u00a0\u00a0\u00a0\u00a0\u00a0\u00a0\u00a0<strong>4<\/strong>\u00a0 Muzeum Lotnictwa Polskiego\u00a0    <em><a rel=\"noreferrer noopener\" href=\"https:\/\/www.sslwrp.goleniow.net.pl\/wp-content\/uploads\/2023\/05\/Po-2.jpg\" target=\"_blank\">foto<\/a><\/em><br>MiG-21F-13\u00a0\u00a0\u00a0<strong>809<\/strong>\u00a0 Muzeum Lotnictwa Polskiego    <em><a rel=\"noreferrer noopener\" href=\"https:\/\/www.sslwrp.goleniow.net.pl\/wp-content\/uploads\/2023\/05\/MiG-21F13_809.jpg\" target=\"_blank\">foto<\/a><\/em><br>MiG-21PF\u00a0\u00a0\u00a0\u00a0<strong>2004<\/strong>\u00a0Muzeum Lotnictwa Polskiego     <a rel=\"noreferrer noopener\" href=\"https:\/\/www.sslwrp.goleniow.net.pl\/wp-content\/uploads\/2023\/05\/MiG-21PF_2004.jpg\" target=\"_blank\"><em>foto<\/em><\/a><br>MiG-21PFM\u00a0\u00a0\u00a0\u00a0\u00a0<strong>01<\/strong>\u00a0Muzeum Lotnictwa Polskiego      <a rel=\"noreferrer noopener\" href=\"https:\/\/www.sslwrp.goleniow.net.pl\/wp-content\/uploads\/2023\/05\/MIG-21PFM_01.jpg\" target=\"_blank\"><em>foto<\/em><\/a><br>MiG-21PFM\u00a0<strong>4205<\/strong>\u00a0Muzeum Lotnictwa Polskiego     <em><a rel=\"noreferrer noopener\" href=\"https:\/\/www.sslwrp.goleniow.net.pl\/wp-content\/uploads\/2023\/05\/4205pfm.jpg\" target=\"_blank\">foto<\/a><\/em><br>MiG-21M\u00a0\u00a0\u00a0\u00a0\u00a0\u00a0<strong>2003<\/strong>\u00a0Muzeum Lotnictwa Polskiego<br>MiG-21MF\u00a0\u00a0\u00a0\u00a0<strong>6504<\/strong>\u00a0Muzeum Lotnictwa Polskiego<br>TS-11\u00a0\u00a0\u00a0\u00a0\u00a0\u00a0\u00a0\u00a0\u00a0\u00a0\u00a0\u00a0<strong>1909<\/strong>\u00a0Muzeum Lotnictwa Polskiego<br>MiG-17PF\u00a0\u00a0\u00a0\u00a0\u00a0\u00a0\u00a0<strong>305<\/strong>\u00a0Muzeum Si\u0142 Powietrznych<br>MiG-17PF\u00a0\u00a0\u00a0\u00a0\u00a0\u00a0\u00a0<strong>948<\/strong>\u00a0Muzeum Si\u0142 Powietrznych<br>MiG-21F-13\u00a0\u00a0<strong>2015<\/strong>\u00a0Muzeum Si\u0142 Powietrznych<br>MiG-21PFM\u00a0\u00a0\u00a0\u00a0\u00a0\u00a0<strong>10<\/strong>\u00a0Muzeum Si\u0142 Powietrznych<br>MiG-21M\u00a0\u00a0\u00a0\u00a0\u00a0\u00a0\u00a0<strong>2001<\/strong>\u00a0Muzeum Si\u0142 Powietrznych<br>MiG-21M\u00a0\u00a0\u00a0\u00a0\u00a0\u00a0\u00a0<strong>1810<\/strong>\u00a0Stacja paliw Shell k. Trojanowice<br>MiG-21F-13\u00a0\u00a0\u00a0\u00a0\u00a0<strong>806<\/strong>\u00a03 Regionalna Baza Logistyczna<br>MiG-21PFM\u00a0\u00a0\u00a0<strong>7902<\/strong>\u00a03 Regionalna Baza Logistyczna<br>MiG-21MF\u00a0\u00a0\u00a0\u00a0\u00a0<strong>8910<\/strong>\u00a0Ostatnia informacja o zakupie przez TDM Electronics<br>MiG-21M\u00a0\u00a0\u00a0\u00a0\u00a0\u00a0\u00a0<strong>1811<\/strong>\u00a0W Muzeum Sprz\u0119tu Wojskowego w Mr\u0105gowie przekazany z muzeum\u00a0\u00a0\u00a0\u00a0\u00a0\u00a0\u00a0\u00a0 &#8222;Sztygarka&#8221; w D\u0105browie G\u00f3rniczej<br>MiG-21M\u00a0\u00a0\u00a0\u00a0\u00a0\u00a0\u00a0<strong>1901<\/strong>\u00a0 Bia\u0142a Podlaska<br>MiG-21M\u00a0\u00a0\u00a0\u00a0\u00a0\u00a0\u00a0<strong>1909<\/strong>\u00a022 Baza Lotnictwa Taktycznego<br>Lim-2\u00a0\u00a0\u00a0\u00a0\u00a0\u00a0\u00a0\u00a0\u00a0\u00a0\u00a0\u00a0\u00a0<strong>1918<\/strong>\u00a0(samolot-pomnik z Goleniowa) 22 Baza Lotnictwa Taktycznego<br>MiG-21M\u00a0\u00a0\u00a0\u00a0\u00a0\u00a0\u00a0<strong>1906<\/strong>\u00a0Rosnowo\u00a0\u00a0\u00a0\u00a0\u00a0\u00a0<em><a rel=\"noreferrer noopener\" href=\"https:\/\/www.sslwrp.goleniow.net.pl\/wp-content\/uploads\/2023\/05\/1906m.jpg\" target=\"_blank\">foto<\/a><\/em>\u00a0\u00a0\u00a0\u00a0\u00a0\u00a0\u00a0\u00a0\u00a0\u00a0\u00a0\u00a0\u00a0\u00a0\u00a0\u00a0\u00a0\u00a0\u00a0\u00a0\u00a0\u00a0\u00a0\u00a0\u00a0\u00a0<br>MiG-21M\u00a0\u00a0\u00a0\u00a0\u00a0\u00a0\u00a0<strong>1907<\/strong>\u00a0Muzeum 303 im. pp\u0142k pil. Jana Zumbacha w Napoleonie<br>MiG-21M\u00a0\u00a0\u00a0\u00a0\u00a0\u00a0\u00a0<strong>1912<\/strong>\u00a021 Centralny Poligon Lotniczy<br>MiG-21M\u00a0\u00a0\u00a0\u00a0\u00a0\u00a0\u00a0<strong>1910<\/strong>\u00a021 Centralny Poligon Lotniczy<br>MiG-21M\u00a0\u00a0\u00a0\u00a0\u00a0\u00a0\u00a0<strong>1913<\/strong>\u00a021 Centralny Poligon Lotniczy<br>MiG-21MF\u00a0\u00a0\u00a0\u00a0\u00a0<strong>6715<\/strong>\u00a032 Baza Lotnictwa Taktycznego<br>MiG-21MF\u00a0\u00a0\u00a0\u00a0\u00a0<strong>7913<\/strong>\u00a0Muzeum 303 im. pp\u0142k pil. Jana Zumbacha w Napoleonie<br>MiG-21UM\u00a0\u00a0\u00a0\u00a0\u00a0<strong>9233<\/strong>\u00a023 Baza Lotnictwa Taktycznego<br>MiG-21PFM\u00a0\u00a0\u00a0\u00a0\u00a0\u00a0\u00a0<strong>06<\/strong>\u00a0Dobie\u017cyn Kolekcjoner sprz\u0119tu lotniczego<br>MiG-21PFM\u00a0\u00a0\u00a0<strong>6915<\/strong>\u00a0Dobie\u017cyn Kolekcjoner sprz\u0119tu lotniczego<br>MiG-21M\u00a0\u00a0\u00a0\u00a0\u00a0\u00a0\u00a0<strong>1814<\/strong>\u00a0Dobie\u017cyn Kolekcjoner sprz\u0119tu lotniczego<br>MiG-21M\u00a0\u00a0\u00a0\u00a0\u00a0\u00a0\u00a0<strong>1903<\/strong>\u00a0Dobie\u017cyn Kolekcjoner sprz\u0119tu lotniczego<br>MiG-21UM\u00a0\u00a0\u00a0\u00a0<strong>5709<\/strong>\u00a0Dobie\u017cyn Kolekcjoner sprz\u0119tu lotniczego<br>MiG-21UM\u00a0\u00a0\u00a0\u00a0<strong>9292<\/strong>\u00a0Dobie\u017cyn Kolekcjoner sprz\u0119tu lotniczego<br>MiG-21UM\u00a0\u00a0\u00a0\u00a0<strong>9296<\/strong>\u00a0Olchowa<br>MiG-21UM\u00a0\u00a0\u00a0\u00a0<strong>9321<\/strong>\u00a0Che\u0142m<br>An-2\u00a0\u00a0\u00a0\u00a0\u00a0\u00a0\u00a0\u00a0\u00a0\u00a0\u00a0\u00a0\u00a0\u00a0<strong>8552<\/strong>\u00a0Ostatnia lokalizacja w \u0141apino Kartuskie<br>MiG-21PFM\u00a0\u00a0\u00a0\u00a0\u00a0\u00a0<strong>04<\/strong>\u00a0Muzeum Techniki Wojskowej w Zabrzu<br>MiG-21PFM\u00a0\u00a0\u00a0\u00a0\u00a0\u00a0<strong>09<\/strong>\u00a0Rogowo (w\u0142asno\u015b\u0107 MSP wypo\u017cyczony do Muzeum Or\u0119\u017ca Polskiego)<br>MiG-21M\u00a0\u00a0\u00a0\u00a0\u00a0\u00a0\u00a0<strong>1905<\/strong>\u00a0Centralny Poligon Si\u0142 Powietrznych<br>MiG-21M\u00a0\u00a0\u00a0\u00a0\u00a0\u00a0\u00a0<strong>1813<\/strong>\u00a0Nisko, lokalizacja przybli\u017cona<\/p>\n","protected":false},"excerpt":{"rendered":"<p>MiG-21F-13\u00a02307\u00a0Lubuskie Muzeum Wojskowe fotoMiG-21PFM\u00a07815\u00a0Lubuskie Muzeum Wojskowe fotoMiG-21PFM\u00a07810\u00a0Warszawa ul. Wi\u015bniowa 56\u00a0\u00a0\u00a0 fotoPo-2LNB\u00a0\u00a0\u00a0\u00a0\u00a0\u00a0\u00a0\u00a0\u00a0\u00a0\u00a04\u00a0 Muzeum Lotnictwa Polskiego\u00a0 fotoMiG-21F-13\u00a0\u00a0\u00a0809\u00a0 Muzeum Lotnictwa Polskiego fotoMiG-21PF\u00a0\u00a0\u00a0\u00a02004\u00a0Muzeum Lotnictwa Polskiego fotoMiG-21PFM\u00a0\u00a0\u00a0\u00a0\u00a001\u00a0Muzeum Lotnictwa Polskiego fotoMiG-21PFM\u00a04205\u00a0Muzeum<\/p>\n","protected":false},"author":1,"featured_media":0,"parent":684,"menu_order":1,"comment_status":"closed","ping_status":"closed","template":"","meta":{"footnotes":""},"class_list":["post-694","page","type-page","status-publish","hentry"],"_links":{"self":[{"href":"https:\/\/www.sslwrp.goleniow.net.pl\/index.php?rest_route=\/wp\/v2\/pages\/694","targetHints":{"allow":["GET"]}}],"collection":[{"href":"https:\/\/www.sslwrp.goleniow.net.pl\/index.php?rest_route=\/wp\/v2\/pages"}],"about":[{"href":"https:\/\/www.sslwrp.goleniow.net.pl\/index.php?rest_route=\/wp\/v2\/types\/page"}],"author":[{"embeddable":true,"href":"https:\/\/www.sslwrp.goleniow.net.pl\/index.php?rest_route=\/wp\/v2\/users\/1"}],"replies":[{"embeddable":true,"href":"https:\/\/www.sslwrp.goleniow.net.pl\/index.php?rest_route=%2Fwp%2Fv2%2Fcomments&post=694"}],"version-history":[{"count":14,"href":"https:\/\/www.sslwrp.goleniow.net.pl\/index.php?rest_route=\/wp\/v2\/pages\/694\/revisions"}],"predecessor-version":[{"id":908,"href":"https:\/\/www.sslwrp.goleniow.net.pl\/index.php?rest_route=\/wp\/v2\/pages\/694\/revisions\/908"}],"up":[{"embeddable":true,"href":"https:\/\/www.sslwrp.goleniow.net.pl\/index.php?rest_route=\/wp\/v2\/pages\/684"}],"wp:attachment":[{"href":"https:\/\/www.sslwrp.goleniow.net.pl\/index.php?rest_route=%2Fwp%2Fv2%2Fmedia&parent=694"}],"curies":[{"name":"wp","href":"https:\/\/api.w.org\/{rel}","templated":true}]}}