{"id":684,"date":"2023-01-13T11:13:04","date_gmt":"2023-01-13T11:13:04","guid":{"rendered":"https:\/\/www.sslwrp.goleniow.net.pl\/?page_id=684"},"modified":"2024-03-23T20:58:47","modified_gmt":"2024-03-23T20:58:47","slug":"nasze-samoloty","status":"publish","type":"page","link":"https:\/\/www.sslwrp.goleniow.net.pl\/?page_id=684","title":{"rendered":"Nasze samoloty"},"content":{"rendered":"\n<p class=\"has-text-align-center has-vivid-cyan-blue-color has-text-color has-large-font-size\" style=\"text-decoration:underline\"><strong><em>Samoloty, kt\u00f3re lata\u0142y w Goleniowie.<\/em><\/strong><\/p>\n\n\n\n<p class=\"has-medium-font-size\">Przez goleniowskie lotnisko przewin\u0119\u0142o si\u0119 sporo samolot\u00f3w r\u00f3\u017cnych wersji. Po rozformowaniu pu\u0142ku w 1993 roku sporo maszyn zosta\u0142o zez\u0142omowanych, jednak cz\u0119\u015b\u0107&nbsp; samolot\u00f3w ocala\u0142o. Trafi\u0142y one do r\u00f3\u017cnych instytucji takich jak muzea zar\u00f3wno w kraju jak i za granic\u0105 oraz do sympatyk\u00f3w sprz\u0119tu lotniczego. Aby mo\u017cna je by\u0142o odwiedzi\u0107 w podr\u00f3\u017cy sentymentalnej, zosta\u0142a opracowana mapka oraz opis gdzie w Polsce stacjonuj\u0105 samoloty, kt\u00f3re lata\u0142y w 2 PLM, przez sympatyka naszego pu\u0142ku oraz sprz\u0119tu lotniczego Korneliusza Zio\u0142o.<\/p>\n\n\n<div class=\"wp-block-image\">\n<figure class=\"aligncenter size-full\"><a href=\"https:\/\/www.google.com\/maps\/d\/embed?mid=1PhLtGtkirpyazIWh-3v8NScxH5s&amp;ll=52.12592020897683%2C18.794249970796486&amp;z=6\"><img loading=\"lazy\" decoding=\"async\" width=\"254\" height=\"250\" src=\"https:\/\/www.sslwrp.goleniow.net.pl\/wp-content\/uploads\/2023\/01\/mapka.jpg\" alt=\"\" class=\"wp-image-690\"\/><\/a><figcaption class=\"wp-element-caption\"><em>Kliknij<\/em><\/figcaption><\/figure>\n<\/div>\n\n\n<p class=\"has-text-align-center\" style=\"font-size:30px\"><small><strong><em>Lista samolot\u00f3w znajduj\u0105cych si\u0119 na terenie naszego kraju, miejsca przedstawione na mapce.&nbsp;<\/em><\/strong><\/small><\/p>\n\n\n<div class=\"wp-block-image\">\n<figure class=\"aligncenter size-medium is-resized\"><a href=\"https:\/\/www.sslwrp.goleniow.net.pl\/?page_id=694(otworzy si\u0119 w nowej karcie)\"><img loading=\"lazy\" decoding=\"async\" width=\"300\" height=\"169\" src=\"https:\/\/www.sslwrp.goleniow.net.pl\/wp-content\/uploads\/2023\/01\/poland2-300x169.png\" alt=\"\" class=\"wp-image-689\" style=\"width:450px;height:253px\" srcset=\"https:\/\/www.sslwrp.goleniow.net.pl\/wp-content\/uploads\/2023\/01\/poland2-300x169.png 300w, https:\/\/www.sslwrp.goleniow.net.pl\/wp-content\/uploads\/2023\/01\/poland2-1024x576.png 1024w, https:\/\/www.sslwrp.goleniow.net.pl\/wp-content\/uploads\/2023\/01\/poland2-768x432.png 768w, https:\/\/www.sslwrp.goleniow.net.pl\/wp-content\/uploads\/2023\/01\/poland2-1170x658.png 1170w, https:\/\/www.sslwrp.goleniow.net.pl\/wp-content\/uploads\/2023\/01\/poland2.png 1280w\" sizes=\"auto, (max-width: 300px) 100vw, 300px\" \/><\/a><\/figure>\n<\/div>\n\n\n<p class=\"has-text-align-center\" style=\"font-size:30px\"><strong><em>Tutaj znajduje si\u0119 lista samolot\u00f3w poza granicami Polski<\/em><\/strong>.<\/p>\n\n\n<div class=\"wp-block-image\">\n<figure class=\"aligncenter size-full is-resized\"><a href=\"https:\/\/www.sslwrp.goleniow.net.pl\/?page_id=697(otworzy si\u0119 w nowej karcie)\"><img loading=\"lazy\" decoding=\"async\" width=\"113\" height=\"105\" src=\"https:\/\/www.sslwrp.goleniow.net.pl\/wp-content\/uploads\/2023\/01\/sat.gif\" alt=\"\" class=\"wp-image-688\" style=\"width:154px;height:143px\"\/><\/a><\/figure>\n<\/div>\n\n\n<div style=\"height:100px\" aria-hidden=\"true\" class=\"wp-block-spacer\"><\/div>\n\n\n\n<p class=\"has-text-align-left has-luminous-vivid-orange-color has-text-color has-link-color has-large-font-size wp-elements-6f590e85bc92c09503b0368bc585f963\"><strong><em>Historia samolotu MIG-21<\/em><\/strong><\/p>\n\n\n\n<p class=\"has-vivid-cyan-blue-color has-text-color has-link-color has-medium-font-size wp-elements-e54ce87e2ffc4b4567991466350ca351\"><strong><em>W przejrzysty spos\u00f3b zosta\u0142 opisany cykl oraz wielko\u015b\u0107 produkcji samolotu MIG-21 &#8211; wszystkie wersje. Zapraszam do odwiedzenia strony o tym my\u015bliwcu &#8211; <a href=\"https:\/\/pl.wikipedia.org\/wiki\/MiG-21\">KLIKNIJ  wikipedia.org.<\/a> <\/em><\/strong><\/p>\n","protected":false},"excerpt":{"rendered":"<p>Samoloty, kt\u00f3re lata\u0142y w Goleniowie. Przez goleniowskie lotnisko przewin\u0119\u0142o si\u0119 sporo samolot\u00f3w r\u00f3\u017cnych wersji. Po rozformowaniu pu\u0142ku w 1993 roku sporo maszyn zosta\u0142o zez\u0142omowanych, jednak<\/p>\n","protected":false},"author":1,"featured_media":0,"parent":0,"menu_order":0,"comment_status":"closed","ping_status":"closed","template":"","meta":{"footnotes":""},"class_list":["post-684","page","type-page","status-publish","hentry"],"_links":{"self":[{"href":"https:\/\/www.sslwrp.goleniow.net.pl\/index.php?rest_route=\/wp\/v2\/pages\/684","targetHints":{"allow":["GET"]}}],"collection":[{"href":"https:\/\/www.sslwrp.goleniow.net.pl\/index.php?rest_route=\/wp\/v2\/pages"}],"about":[{"href":"https:\/\/www.sslwrp.goleniow.net.pl\/index.php?rest_route=\/wp\/v2\/types\/page"}],"author":[{"embeddable":true,"href":"https:\/\/www.sslwrp.goleniow.net.pl\/index.php?rest_route=\/wp\/v2\/users\/1"}],"replies":[{"embeddable":true,"href":"https:\/\/www.sslwrp.goleniow.net.pl\/index.php?rest_route=%2Fwp%2Fv2%2Fcomments&post=684"}],"version-history":[{"count":12,"href":"https:\/\/www.sslwrp.goleniow.net.pl\/index.php?rest_route=\/wp\/v2\/pages\/684\/revisions"}],"predecessor-version":[{"id":1355,"href":"https:\/\/www.sslwrp.goleniow.net.pl\/index.php?rest_route=\/wp\/v2\/pages\/684\/revisions\/1355"}],"wp:attachment":[{"href":"https:\/\/www.sslwrp.goleniow.net.pl\/index.php?rest_route=%2Fwp%2Fv2%2Fmedia&parent=684"}],"curies":[{"name":"wp","href":"https:\/\/api.w.org\/{rel}","templated":true}]}}