{"id":550,"date":"2022-11-12T21:09:51","date_gmt":"2022-11-12T21:09:51","guid":{"rendered":"https:\/\/www.sslwrp.goleniow.net.pl\/?page_id=550"},"modified":"2022-12-01T20:15:07","modified_gmt":"2022-12-01T20:15:07","slug":"11-listopada","status":"publish","type":"page","link":"https:\/\/www.sslwrp.goleniow.net.pl\/?page_id=550","title":{"rendered":"11 listopada"},"content":{"rendered":"\n<p class=\"has-text-align-center has-vivid-cyan-blue-color has-text-color\" style=\"font-size:30px\"><strong><em>\u015awi\u0119to w Goleniowie<\/em><\/strong><\/p>\n\n\n\n<p class=\"has-medium-font-size\">Obchody narodowego \u015bwi\u0119ta rozpocz\u0119\u0142y si\u0119 msz\u0105 patriotyczn\u0105 w intencji Ojczyzny, kt\u00f3ra z udzia\u0142em poczt\u00f3w sztandarowych, harcerzy oraz kompanii honorowej 3. Batalionu Logistycznego z Glewic odby\u0142a si\u0119 w ko\u015bciele p.w. \u015bw. Jerzego. W ci\u0105gu dnia odbywa\u0142y si\u0119 imprezy zgodnie z rozk\u0142adem przedstawionym na plakacie informacyjnym. G\u0142\u00f3wna cz\u0119\u015b\u0107 uroczysto\u015bci mia\u0142a miejsce wieczorem, pod pomnikiem marsza\u0142ka J\u00f3zefa Pi\u0142sudskiego &#8211; na Placu J\u00f3zefa Pi\u0142sudskiego. Grupa dzieci\u0119ca Zespo\u0142u Pie\u015bni i Ta\u0144ca Ina wykona\u0142a kilka pie\u015bni patriotycznych, a do zgromadzonych goleniowian przemawia\u0142 burmistrz Robert Krupowicz. Po przem\u00f3wieniu burmistrza, poczty sztandarowe, delegacje organizacji goleniowskich, zaproszeni go\u015bcie oraz liczna grupa mieszka\u0144c\u00f3w przesz\u0142y bia\u0142o-czerwon\u0105 kolumn\u0105 pod Pomnik Niepodleg\u0142o\u015bci na Plac Rotmistrza Witolda Pileckiego. Po uroczystej zmianie warty, przy \u015bpiewanym hymnie Polski, poczet flagowy wci\u0105gn\u0105\u0142 na maszt flag\u0119 pa\u0144stwow\u0105. Nast\u0119pnie odby\u0142 si\u0119 Niepodleg\u0142o\u015bciowy Apel Pami\u0119ci, po kt\u00f3rym pod Pomnikiem Niepodleg\u0142o\u015bci delegacje r\u00f3\u017cnych instytucji, s\u0142u\u017cb, organizacji pozarz\u0105dowych, z\u0142o\u017cy\u0142y wi\u0105zanki kwiat\u00f3w. Uroczysto\u015b\u0107 zako\u0144czy\u0142 wsp\u00f3lnie zata\u0144czony polonez na goleniowskich Plantach.<\/p>\n\n\n\n<div style=\"height:100px\" aria-hidden=\"true\" class=\"wp-block-spacer\"><\/div>\n\n\n\n<p class=\"has-small-font-size\"><em>Foto Antoni Budzi\u0144ski<\/em><\/p>\n\n\n\n<figure class=\"wp-block-gallery has-nested-images columns-default is-cropped wp-block-gallery-1 is-layout-flex wp-block-gallery-is-layout-flex\">\n<figure class=\"wp-block-image size-large\"><img loading=\"lazy\" decoding=\"async\" width=\"822\" height=\"617\" data-id=\"535\" src=\"https:\/\/www.sslwrp.goleniow.net.pl\/wp-content\/uploads\/2022\/11\/lis1.jpg\" alt=\"\" class=\"wp-image-535\" srcset=\"https:\/\/www.sslwrp.goleniow.net.pl\/wp-content\/uploads\/2022\/11\/lis1.jpg 822w, https:\/\/www.sslwrp.goleniow.net.pl\/wp-content\/uploads\/2022\/11\/lis1-300x225.jpg 300w, https:\/\/www.sslwrp.goleniow.net.pl\/wp-content\/uploads\/2022\/11\/lis1-768x576.jpg 768w\" sizes=\"auto, (max-width: 822px) 100vw, 822px\" \/><\/figure>\n\n\n\n<figure class=\"wp-block-image size-large\"><img loading=\"lazy\" decoding=\"async\" width=\"822\" height=\"617\" data-id=\"536\" src=\"https:\/\/www.sslwrp.goleniow.net.pl\/wp-content\/uploads\/2022\/11\/lis2.jpg\" alt=\"\" class=\"wp-image-536\" srcset=\"https:\/\/www.sslwrp.goleniow.net.pl\/wp-content\/uploads\/2022\/11\/lis2.jpg 822w, https:\/\/www.sslwrp.goleniow.net.pl\/wp-content\/uploads\/2022\/11\/lis2-300x225.jpg 300w, https:\/\/www.sslwrp.goleniow.net.pl\/wp-content\/uploads\/2022\/11\/lis2-768x576.jpg 768w\" sizes=\"auto, (max-width: 822px) 100vw, 822px\" \/><\/figure>\n\n\n\n<figure class=\"wp-block-image size-large\"><img loading=\"lazy\" decoding=\"async\" width=\"822\" height=\"617\" data-id=\"537\" src=\"https:\/\/www.sslwrp.goleniow.net.pl\/wp-content\/uploads\/2022\/11\/lis3.jpg\" alt=\"\" class=\"wp-image-537\" srcset=\"https:\/\/www.sslwrp.goleniow.net.pl\/wp-content\/uploads\/2022\/11\/lis3.jpg 822w, https:\/\/www.sslwrp.goleniow.net.pl\/wp-content\/uploads\/2022\/11\/lis3-300x225.jpg 300w, https:\/\/www.sslwrp.goleniow.net.pl\/wp-content\/uploads\/2022\/11\/lis3-768x576.jpg 768w\" sizes=\"auto, (max-width: 822px) 100vw, 822px\" \/><\/figure>\n\n\n\n<figure class=\"wp-block-image size-large\"><img loading=\"lazy\" decoding=\"async\" width=\"822\" height=\"617\" data-id=\"538\" src=\"https:\/\/www.sslwrp.goleniow.net.pl\/wp-content\/uploads\/2022\/11\/lis4.jpg\" alt=\"\" class=\"wp-image-538\" srcset=\"https:\/\/www.sslwrp.goleniow.net.pl\/wp-content\/uploads\/2022\/11\/lis4.jpg 822w, https:\/\/www.sslwrp.goleniow.net.pl\/wp-content\/uploads\/2022\/11\/lis4-300x225.jpg 300w, https:\/\/www.sslwrp.goleniow.net.pl\/wp-content\/uploads\/2022\/11\/lis4-768x576.jpg 768w\" sizes=\"auto, (max-width: 822px) 100vw, 822px\" \/><\/figure>\n\n\n\n<figure class=\"wp-block-image size-large\"><img loading=\"lazy\" decoding=\"async\" width=\"822\" height=\"617\" data-id=\"539\" src=\"https:\/\/www.sslwrp.goleniow.net.pl\/wp-content\/uploads\/2022\/11\/lis5.jpg\" alt=\"\" class=\"wp-image-539\" srcset=\"https:\/\/www.sslwrp.goleniow.net.pl\/wp-content\/uploads\/2022\/11\/lis5.jpg 822w, https:\/\/www.sslwrp.goleniow.net.pl\/wp-content\/uploads\/2022\/11\/lis5-300x225.jpg 300w, https:\/\/www.sslwrp.goleniow.net.pl\/wp-content\/uploads\/2022\/11\/lis5-768x576.jpg 768w\" sizes=\"auto, (max-width: 822px) 100vw, 822px\" \/><\/figure>\n\n\n\n<figure class=\"wp-block-image size-large\"><img loading=\"lazy\" decoding=\"async\" width=\"822\" height=\"617\" data-id=\"540\" src=\"https:\/\/www.sslwrp.goleniow.net.pl\/wp-content\/uploads\/2022\/11\/lis6.jpg\" alt=\"\" class=\"wp-image-540\" srcset=\"https:\/\/www.sslwrp.goleniow.net.pl\/wp-content\/uploads\/2022\/11\/lis6.jpg 822w, https:\/\/www.sslwrp.goleniow.net.pl\/wp-content\/uploads\/2022\/11\/lis6-300x225.jpg 300w, https:\/\/www.sslwrp.goleniow.net.pl\/wp-content\/uploads\/2022\/11\/lis6-768x576.jpg 768w\" sizes=\"auto, (max-width: 822px) 100vw, 822px\" \/><\/figure>\n\n\n\n<figure class=\"wp-block-image size-large\"><img loading=\"lazy\" decoding=\"async\" width=\"822\" height=\"617\" data-id=\"541\" src=\"https:\/\/www.sslwrp.goleniow.net.pl\/wp-content\/uploads\/2022\/11\/lis7.jpg\" alt=\"\" class=\"wp-image-541\" srcset=\"https:\/\/www.sslwrp.goleniow.net.pl\/wp-content\/uploads\/2022\/11\/lis7.jpg 822w, https:\/\/www.sslwrp.goleniow.net.pl\/wp-content\/uploads\/2022\/11\/lis7-300x225.jpg 300w, https:\/\/www.sslwrp.goleniow.net.pl\/wp-content\/uploads\/2022\/11\/lis7-768x576.jpg 768w\" sizes=\"auto, (max-width: 822px) 100vw, 822px\" \/><\/figure>\n\n\n\n<figure class=\"wp-block-image size-large\"><img loading=\"lazy\" decoding=\"async\" width=\"822\" height=\"617\" data-id=\"542\" src=\"https:\/\/www.sslwrp.goleniow.net.pl\/wp-content\/uploads\/2022\/11\/lis8.jpg\" alt=\"\" class=\"wp-image-542\" srcset=\"https:\/\/www.sslwrp.goleniow.net.pl\/wp-content\/uploads\/2022\/11\/lis8.jpg 822w, https:\/\/www.sslwrp.goleniow.net.pl\/wp-content\/uploads\/2022\/11\/lis8-300x225.jpg 300w, https:\/\/www.sslwrp.goleniow.net.pl\/wp-content\/uploads\/2022\/11\/lis8-768x576.jpg 768w\" sizes=\"auto, (max-width: 822px) 100vw, 822px\" \/><\/figure>\n\n\n\n<figure class=\"wp-block-image size-large\"><img loading=\"lazy\" decoding=\"async\" width=\"822\" height=\"617\" data-id=\"543\" src=\"https:\/\/www.sslwrp.goleniow.net.pl\/wp-content\/uploads\/2022\/11\/lis9.jpg\" alt=\"\" class=\"wp-image-543\" srcset=\"https:\/\/www.sslwrp.goleniow.net.pl\/wp-content\/uploads\/2022\/11\/lis9.jpg 822w, https:\/\/www.sslwrp.goleniow.net.pl\/wp-content\/uploads\/2022\/11\/lis9-300x225.jpg 300w, https:\/\/www.sslwrp.goleniow.net.pl\/wp-content\/uploads\/2022\/11\/lis9-768x576.jpg 768w\" sizes=\"auto, (max-width: 822px) 100vw, 822px\" \/><\/figure>\n\n\n\n<figure class=\"wp-block-image size-large\"><img loading=\"lazy\" decoding=\"async\" width=\"822\" height=\"617\" data-id=\"544\" src=\"https:\/\/www.sslwrp.goleniow.net.pl\/wp-content\/uploads\/2022\/11\/lis10.jpg\" alt=\"\" class=\"wp-image-544\" srcset=\"https:\/\/www.sslwrp.goleniow.net.pl\/wp-content\/uploads\/2022\/11\/lis10.jpg 822w, https:\/\/www.sslwrp.goleniow.net.pl\/wp-content\/uploads\/2022\/11\/lis10-300x225.jpg 300w, https:\/\/www.sslwrp.goleniow.net.pl\/wp-content\/uploads\/2022\/11\/lis10-768x576.jpg 768w\" sizes=\"auto, (max-width: 822px) 100vw, 822px\" \/><\/figure>\n\n\n\n<figure class=\"wp-block-image size-large\"><img loading=\"lazy\" decoding=\"async\" width=\"822\" height=\"617\" data-id=\"545\" src=\"https:\/\/www.sslwrp.goleniow.net.pl\/wp-content\/uploads\/2022\/11\/lis11.jpg\" alt=\"\" class=\"wp-image-545\" srcset=\"https:\/\/www.sslwrp.goleniow.net.pl\/wp-content\/uploads\/2022\/11\/lis11.jpg 822w, https:\/\/www.sslwrp.goleniow.net.pl\/wp-content\/uploads\/2022\/11\/lis11-300x225.jpg 300w, https:\/\/www.sslwrp.goleniow.net.pl\/wp-content\/uploads\/2022\/11\/lis11-768x576.jpg 768w\" sizes=\"auto, (max-width: 822px) 100vw, 822px\" \/><\/figure>\n\n\n\n<figure class=\"wp-block-image size-large\"><img loading=\"lazy\" decoding=\"async\" width=\"822\" height=\"617\" data-id=\"546\" src=\"https:\/\/www.sslwrp.goleniow.net.pl\/wp-content\/uploads\/2022\/11\/lis12.jpg\" alt=\"\" class=\"wp-image-546\" srcset=\"https:\/\/www.sslwrp.goleniow.net.pl\/wp-content\/uploads\/2022\/11\/lis12.jpg 822w, https:\/\/www.sslwrp.goleniow.net.pl\/wp-content\/uploads\/2022\/11\/lis12-300x225.jpg 300w, https:\/\/www.sslwrp.goleniow.net.pl\/wp-content\/uploads\/2022\/11\/lis12-768x576.jpg 768w\" sizes=\"auto, (max-width: 822px) 100vw, 822px\" \/><\/figure>\n\n\n\n<figure class=\"wp-block-image size-large\"><img loading=\"lazy\" decoding=\"async\" width=\"822\" height=\"617\" data-id=\"547\" src=\"https:\/\/www.sslwrp.goleniow.net.pl\/wp-content\/uploads\/2022\/11\/lis13.jpg\" alt=\"\" class=\"wp-image-547\" srcset=\"https:\/\/www.sslwrp.goleniow.net.pl\/wp-content\/uploads\/2022\/11\/lis13.jpg 822w, https:\/\/www.sslwrp.goleniow.net.pl\/wp-content\/uploads\/2022\/11\/lis13-300x225.jpg 300w, https:\/\/www.sslwrp.goleniow.net.pl\/wp-content\/uploads\/2022\/11\/lis13-768x576.jpg 768w\" sizes=\"auto, (max-width: 822px) 100vw, 822px\" \/><\/figure>\n\n\n\n<figure class=\"wp-block-image size-large\"><img loading=\"lazy\" decoding=\"async\" width=\"822\" height=\"617\" data-id=\"548\" src=\"https:\/\/www.sslwrp.goleniow.net.pl\/wp-content\/uploads\/2022\/11\/lis14.jpg\" alt=\"\" class=\"wp-image-548\" srcset=\"https:\/\/www.sslwrp.goleniow.net.pl\/wp-content\/uploads\/2022\/11\/lis14.jpg 822w, https:\/\/www.sslwrp.goleniow.net.pl\/wp-content\/uploads\/2022\/11\/lis14-300x225.jpg 300w, https:\/\/www.sslwrp.goleniow.net.pl\/wp-content\/uploads\/2022\/11\/lis14-768x576.jpg 768w\" sizes=\"auto, (max-width: 822px) 100vw, 822px\" \/><\/figure>\n\n\n\n<figure class=\"wp-block-image size-large\"><img loading=\"lazy\" decoding=\"async\" width=\"617\" height=\"822\" data-id=\"549\" src=\"https:\/\/www.sslwrp.goleniow.net.pl\/wp-content\/uploads\/2022\/11\/lis15.jpg\" alt=\"\" class=\"wp-image-549\" srcset=\"https:\/\/www.sslwrp.goleniow.net.pl\/wp-content\/uploads\/2022\/11\/lis15.jpg 617w, https:\/\/www.sslwrp.goleniow.net.pl\/wp-content\/uploads\/2022\/11\/lis15-225x300.jpg 225w\" sizes=\"auto, (max-width: 617px) 100vw, 617px\" \/><\/figure>\n<\/figure>\n","protected":false},"excerpt":{"rendered":"<p>\u015awi\u0119to w Goleniowie Obchody narodowego \u015bwi\u0119ta rozpocz\u0119\u0142y si\u0119 msz\u0105 patriotyczn\u0105 w intencji Ojczyzny, kt\u00f3ra z udzia\u0142em poczt\u00f3w sztandarowych, harcerzy oraz kompanii honorowej 3. Batalionu Logistycznego<\/p>\n","protected":false},"author":1,"featured_media":0,"parent":0,"menu_order":0,"comment_status":"closed","ping_status":"closed","template":"","meta":{"footnotes":""},"class_list":["post-550","page","type-page","status-publish","hentry"],"_links":{"self":[{"href":"https:\/\/www.sslwrp.goleniow.net.pl\/index.php?rest_route=\/wp\/v2\/pages\/550","targetHints":{"allow":["GET"]}}],"collection":[{"href":"https:\/\/www.sslwrp.goleniow.net.pl\/index.php?rest_route=\/wp\/v2\/pages"}],"about":[{"href":"https:\/\/www.sslwrp.goleniow.net.pl\/index.php?rest_route=\/wp\/v2\/types\/page"}],"author":[{"embeddable":true,"href":"https:\/\/www.sslwrp.goleniow.net.pl\/index.php?rest_route=\/wp\/v2\/users\/1"}],"replies":[{"embeddable":true,"href":"https:\/\/www.sslwrp.goleniow.net.pl\/index.php?rest_route=%2Fwp%2Fv2%2Fcomments&post=550"}],"version-history":[{"count":5,"href":"https:\/\/www.sslwrp.goleniow.net.pl\/index.php?rest_route=\/wp\/v2\/pages\/550\/revisions"}],"predecessor-version":[{"id":561,"href":"https:\/\/www.sslwrp.goleniow.net.pl\/index.php?rest_route=\/wp\/v2\/pages\/550\/revisions\/561"}],"wp:attachment":[{"href":"https:\/\/www.sslwrp.goleniow.net.pl\/index.php?rest_route=%2Fwp%2Fv2%2Fmedia&parent=550"}],"curies":[{"name":"wp","href":"https:\/\/api.w.org\/{rel}","templated":true}]}}