{"id":417,"date":"2022-10-14T16:48:22","date_gmt":"2022-10-14T16:48:22","guid":{"rendered":"https:\/\/www.sslwrp.goleniow.net.pl\/?page_id=417"},"modified":"2024-09-08T20:27:34","modified_gmt":"2024-09-08T20:27:34","slug":"zebranie-oddzialu","status":"publish","type":"page","link":"https:\/\/www.sslwrp.goleniow.net.pl\/?page_id=417","title":{"rendered":"Zebranie sprawozdawcze oddzia\u0142u."},"content":{"rendered":"\n<blockquote class=\"wp-block-quote has-medium-font-size is-layout-flow wp-block-quote-is-layout-flow\">\n<p><em>Zebranie odby\u0142o si\u0119 w zaplanowanym terminie (09.02.2024). Prezes naszego oddzia\u0142u, Zbigniew Skowro\u0144ski, przypomnia\u0142 o zrealizowanych przedsi\u0119wzi\u0119ciach w ubieg\u0142ym roku i przedstawi\u0142 plan dzia\u0142ania na rok bie\u017c\u0105cy. Szczeg\u00f3\u0142owy plan jest dost\u0119pny do wgl\u0105du w biurze zarz\u0105du. By\u0142a r\u00f3wnie\u017c mo\u017cliwo\u015b\u0107 op\u0142acenia sk\u0142adek. Mi\u0142ym akcentem by\u0142o wyr\u00f3\u017cnienie naszego kolegi Wies\u0142awa We\u0142nickiego ryngrafem pami\u0105tkowym ze znakiem naszego pu\u0142ku. Po cz\u0119\u015bci oficjalnej, zebranie zmieni\u0142o si\u0119 w spotkanie kole\u017ce\u0144skie przy tradycyjnym &#8222;\u015bledziku&#8221;, kt\u00f3re przebieg\u0142o w mi\u0142ej atmosferze. Frekwencja dopisa\u0142a, wszyscy opu\u015bcili spotkanie w dobrych nastrojach. Do zobaczenia na nast\u0119pnym spotkaniu.<\/em><\/p>\n<\/blockquote>\n\n\n<div class=\"wp-block-image\">\n<figure class=\"aligncenter size-full is-resized\"><img loading=\"lazy\" decoding=\"async\" width=\"1023\" height=\"682\" src=\"https:\/\/www.sslwrp.goleniow.net.pl\/wp-content\/uploads\/2024\/01\/sledzik.jpg\" alt=\"\" class=\"wp-image-1254\" style=\"width:225px;height:auto\" srcset=\"https:\/\/www.sslwrp.goleniow.net.pl\/wp-content\/uploads\/2024\/01\/sledzik.jpg 1023w, https:\/\/www.sslwrp.goleniow.net.pl\/wp-content\/uploads\/2024\/01\/sledzik-300x200.jpg 300w, https:\/\/www.sslwrp.goleniow.net.pl\/wp-content\/uploads\/2024\/01\/sledzik-768x512.jpg 768w\" sizes=\"auto, (max-width: 1023px) 100vw, 1023px\" \/><\/figure>\n<\/div>\n\n\n<p class=\"has-small-font-size\"><em>Foto Antoni Budzi\u0144ski<\/em><\/p>\n\n\n\n<figure class=\"wp-block-gallery has-nested-images columns-default is-cropped wp-block-gallery-1 is-layout-flex wp-block-gallery-is-layout-flex\">\n<figure class=\"wp-block-image size-large\"><img loading=\"lazy\" decoding=\"async\" width=\"1024\" height=\"768\" data-id=\"1261\" src=\"https:\/\/www.sslwrp.goleniow.net.pl\/wp-content\/uploads\/2024\/02\/skladki-1024x768.jpg\" alt=\"\" class=\"wp-image-1261\" srcset=\"https:\/\/www.sslwrp.goleniow.net.pl\/wp-content\/uploads\/2024\/02\/skladki-1024x768.jpg 1024w, https:\/\/www.sslwrp.goleniow.net.pl\/wp-content\/uploads\/2024\/02\/skladki-300x225.jpg 300w, https:\/\/www.sslwrp.goleniow.net.pl\/wp-content\/uploads\/2024\/02\/skladki-768x576.jpg 768w, https:\/\/www.sslwrp.goleniow.net.pl\/wp-content\/uploads\/2024\/02\/skladki-1170x878.jpg 1170w, https:\/\/www.sslwrp.goleniow.net.pl\/wp-content\/uploads\/2024\/02\/skladki.jpg 1181w\" sizes=\"auto, (max-width: 1024px) 100vw, 1024px\" \/><\/figure>\n\n\n\n<figure class=\"wp-block-image size-large\"><img loading=\"lazy\" decoding=\"async\" width=\"1024\" height=\"768\" data-id=\"1259\" src=\"https:\/\/www.sslwrp.goleniow.net.pl\/wp-content\/uploads\/2024\/02\/zebranie-1024x768.jpg\" alt=\"\" class=\"wp-image-1259\" srcset=\"https:\/\/www.sslwrp.goleniow.net.pl\/wp-content\/uploads\/2024\/02\/zebranie-1024x768.jpg 1024w, https:\/\/www.sslwrp.goleniow.net.pl\/wp-content\/uploads\/2024\/02\/zebranie-300x225.jpg 300w, https:\/\/www.sslwrp.goleniow.net.pl\/wp-content\/uploads\/2024\/02\/zebranie-768x576.jpg 768w, https:\/\/www.sslwrp.goleniow.net.pl\/wp-content\/uploads\/2024\/02\/zebranie-1170x878.jpg 1170w, https:\/\/www.sslwrp.goleniow.net.pl\/wp-content\/uploads\/2024\/02\/zebranie.jpg 1181w\" sizes=\"auto, (max-width: 1024px) 100vw, 1024px\" \/><\/figure>\n<\/figure>\n\n\n\n<figure class=\"wp-block-gallery has-nested-images columns-default is-cropped wp-block-gallery-2 is-layout-flex wp-block-gallery-is-layout-flex\">\n<figure class=\"wp-block-image size-large\"><img loading=\"lazy\" decoding=\"async\" width=\"1024\" height=\"768\" data-id=\"1262\" src=\"https:\/\/www.sslwrp.goleniow.net.pl\/wp-content\/uploads\/2024\/02\/podziekow2-1024x768.jpg\" alt=\"\" class=\"wp-image-1262\" srcset=\"https:\/\/www.sslwrp.goleniow.net.pl\/wp-content\/uploads\/2024\/02\/podziekow2-1024x768.jpg 1024w, https:\/\/www.sslwrp.goleniow.net.pl\/wp-content\/uploads\/2024\/02\/podziekow2-300x225.jpg 300w, https:\/\/www.sslwrp.goleniow.net.pl\/wp-content\/uploads\/2024\/02\/podziekow2-768x576.jpg 768w, https:\/\/www.sslwrp.goleniow.net.pl\/wp-content\/uploads\/2024\/02\/podziekow2-1170x878.jpg 1170w, https:\/\/www.sslwrp.goleniow.net.pl\/wp-content\/uploads\/2024\/02\/podziekow2.jpg 1181w\" sizes=\"auto, (max-width: 1024px) 100vw, 1024px\" \/><\/figure>\n\n\n\n<figure class=\"wp-block-image size-large\"><img loading=\"lazy\" decoding=\"async\" width=\"1024\" height=\"768\" data-id=\"1258\" src=\"https:\/\/www.sslwrp.goleniow.net.pl\/wp-content\/uploads\/2024\/02\/zebranie2-1024x768.jpg\" alt=\"\" class=\"wp-image-1258\" srcset=\"https:\/\/www.sslwrp.goleniow.net.pl\/wp-content\/uploads\/2024\/02\/zebranie2-1024x768.jpg 1024w, https:\/\/www.sslwrp.goleniow.net.pl\/wp-content\/uploads\/2024\/02\/zebranie2-300x225.jpg 300w, https:\/\/www.sslwrp.goleniow.net.pl\/wp-content\/uploads\/2024\/02\/zebranie2-768x576.jpg 768w, https:\/\/www.sslwrp.goleniow.net.pl\/wp-content\/uploads\/2024\/02\/zebranie2-1170x878.jpg 1170w, https:\/\/www.sslwrp.goleniow.net.pl\/wp-content\/uploads\/2024\/02\/zebranie2.jpg 1181w\" sizes=\"auto, (max-width: 1024px) 100vw, 1024px\" \/><\/figure>\n<\/figure>\n","protected":false},"excerpt":{"rendered":"<p>Zebranie odby\u0142o si\u0119 w zaplanowanym terminie (09.02.2024). Prezes naszego oddzia\u0142u, Zbigniew Skowro\u0144ski, przypomnia\u0142 o zrealizowanych przedsi\u0119wzi\u0119ciach w ubieg\u0142ym roku i przedstawi\u0142 plan dzia\u0142ania na rok<\/p>\n","protected":false},"author":1,"featured_media":0,"parent":0,"menu_order":0,"comment_status":"closed","ping_status":"closed","template":"","meta":{"footnotes":""},"class_list":["post-417","page","type-page","status-publish","hentry"],"_links":{"self":[{"href":"https:\/\/www.sslwrp.goleniow.net.pl\/index.php?rest_route=\/wp\/v2\/pages\/417","targetHints":{"allow":["GET"]}}],"collection":[{"href":"https:\/\/www.sslwrp.goleniow.net.pl\/index.php?rest_route=\/wp\/v2\/pages"}],"about":[{"href":"https:\/\/www.sslwrp.goleniow.net.pl\/index.php?rest_route=\/wp\/v2\/types\/page"}],"author":[{"embeddable":true,"href":"https:\/\/www.sslwrp.goleniow.net.pl\/index.php?rest_route=\/wp\/v2\/users\/1"}],"replies":[{"embeddable":true,"href":"https:\/\/www.sslwrp.goleniow.net.pl\/index.php?rest_route=%2Fwp%2Fv2%2Fcomments&post=417"}],"version-history":[{"count":9,"href":"https:\/\/www.sslwrp.goleniow.net.pl\/index.php?rest_route=\/wp\/v2\/pages\/417\/revisions"}],"predecessor-version":[{"id":1622,"href":"https:\/\/www.sslwrp.goleniow.net.pl\/index.php?rest_route=\/wp\/v2\/pages\/417\/revisions\/1622"}],"wp:attachment":[{"href":"https:\/\/www.sslwrp.goleniow.net.pl\/index.php?rest_route=%2Fwp%2Fv2%2Fmedia&parent=417"}],"curies":[{"name":"wp","href":"https:\/\/api.w.org\/{rel}","templated":true}]}}