{"id":299,"date":"2022-09-15T18:15:11","date_gmt":"2022-09-15T18:15:11","guid":{"rendered":"https:\/\/www.sslwrp.goleniow.net.pl\/?page_id=299"},"modified":"2026-01-18T21:34:44","modified_gmt":"2026-01-18T21:34:44","slug":"wydarzenia","status":"publish","type":"page","link":"https:\/\/www.sslwrp.goleniow.net.pl\/?page_id=299","title":{"rendered":"Wydarzenia"},"content":{"rendered":"\n<div class=\"wp-block-media-text is-stacked-on-mobile\" style=\"grid-template-columns:34% auto\"><figure class=\"wp-block-media-text__media\"><img loading=\"lazy\" decoding=\"async\" width=\"458\" height=\"458\" src=\"https:\/\/www.sslwrp.goleniow.net.pl\/wp-content\/uploads\/2022\/12\/stroik-cmentarz.jpg\" alt=\"\" class=\"wp-image-627 size-full\" srcset=\"https:\/\/www.sslwrp.goleniow.net.pl\/wp-content\/uploads\/2022\/12\/stroik-cmentarz.jpg 458w, https:\/\/www.sslwrp.goleniow.net.pl\/wp-content\/uploads\/2022\/12\/stroik-cmentarz-300x300.jpg 300w, https:\/\/www.sslwrp.goleniow.net.pl\/wp-content\/uploads\/2022\/12\/stroik-cmentarz-150x150.jpg 150w\" sizes=\"auto, (max-width: 458px) 100vw, 458px\" \/><\/figure><div class=\"wp-block-media-text__content\">\n<p class=\"has-medium-font-size\"><em><strong>W dniu 4 stycznia 2026 roku, zmar\u0142 p\u0142k dypl. pil. Jan Nowak, zas\u0142u\u017cony oficer Lotnictwa Polskiego, by\u0142y zast\u0119pca dow\u00f3dcy 2. plm \u201eKrak\u00f3w\u201d ds. liniowych z Goleniowa<\/strong>&#8230;   <a href=\"https:\/\/www.sslwrp.goleniow.net.pl\/?page_id=2048\" data-type=\"page\" data-id=\"2048\" target=\"_blank\" rel=\"noreferrer noopener\">Przeczytaj biogram&#8230;<\/a><\/em><\/p>\n<\/div><\/div>\n\n\n\n<p class=\"has-text-align-left has-vivid-cyan-blue-color has-text-color has-link-color has-medium-font-size wp-elements-696df9a592ec31f1fc29489b4de5837f\">               <strong><em><a href=\"https:\/\/youtu.be\/4i64Ziqq5Ow\" target=\"_blank\" rel=\"noreferrer noopener\">Jubileusz \u201e100 lat Szko\u0142y Orl\u0105t\u201d<\/a><\/em><\/strong><\/p>\n\n\n<div class=\"wp-block-image\">\n<figure class=\"alignleft size-full is-resized\"><a href=\"https:\/\/100.szkolaorlat.pl\/pl\/aktualnosci\/piknik-naukowo-lotniczy-na-100-lecie-szkoly-orlat\" target=\"_blank\" rel=\" noreferrer noopener\"><img loading=\"lazy\" decoding=\"async\" width=\"1024\" height=\"683\" src=\"https:\/\/www.sslwrp.goleniow.net.pl\/wp-content\/uploads\/2025\/03\/image-1.jpeg\" alt=\"Obrazek posiada pusty atrybut alt; plik o nazwie pomlot-1024x683.jpg\" class=\"wp-image-1856\" style=\"aspect-ratio:1.4992728028256805;width:391px;height:auto\" srcset=\"https:\/\/www.sslwrp.goleniow.net.pl\/wp-content\/uploads\/2025\/03\/image-1.jpeg 1024w, https:\/\/www.sslwrp.goleniow.net.pl\/wp-content\/uploads\/2025\/03\/image-1-300x200.jpeg 300w, https:\/\/www.sslwrp.goleniow.net.pl\/wp-content\/uploads\/2025\/03\/image-1-768x512.jpeg 768w\" sizes=\"auto, (max-width: 1024px) 100vw, 1024px\" \/><\/a><\/figure>\n<\/div>\n\n\n<div class=\"wp-block-columns are-vertically-aligned-center is-layout-flex wp-container-core-columns-is-layout-9d6595d7 wp-block-columns-is-layout-flex\">\n<div class=\"wp-block-column is-vertically-aligned-center is-layout-flow wp-block-column-is-layout-flow\" style=\"flex-basis:100%\">\n<div class=\"wp-block-group is-nowrap is-layout-flex wp-container-core-group-is-layout-ad2f72ca wp-block-group-is-layout-flex\">\n<div style=\"height:100px;width:84px\" aria-hidden=\"true\" class=\"wp-block-spacer wp-container-content-49dbd23d\"><\/div>\n<\/div>\n<\/div>\n<\/div>\n\n\n\n<div style=\"height:25px\" aria-hidden=\"true\" class=\"wp-block-spacer\"><\/div>\n\n\n\n<div class=\"wp-block-columns is-layout-flex wp-container-core-columns-is-layout-9d6595d7 wp-block-columns-is-layout-flex\">\n<div class=\"wp-block-column is-layout-flow wp-block-column-is-layout-flow\" style=\"flex-basis:100%\">\n<div class=\"wp-block-group is-nowrap is-layout-flex wp-container-core-group-is-layout-ad2f72ca wp-block-group-is-layout-flex\">\n<div class=\"wp-block-media-text is-stacked-on-mobile\" style=\"grid-template-columns:77% auto\"><figure class=\"wp-block-media-text__media\"><a href=\"https:\/\/www.sslwrp.goleniow.net.pl\/?page_id=1913\"><img loading=\"lazy\" decoding=\"async\" width=\"800\" height=\"450\" src=\"https:\/\/www.sslwrp.goleniow.net.pl\/wp-content\/uploads\/2023\/05\/Po-2.jpg\" alt=\"\" class=\"wp-image-886 size-full\" srcset=\"https:\/\/www.sslwrp.goleniow.net.pl\/wp-content\/uploads\/2023\/05\/Po-2.jpg 800w, https:\/\/www.sslwrp.goleniow.net.pl\/wp-content\/uploads\/2023\/05\/Po-2-300x169.jpg 300w, https:\/\/www.sslwrp.goleniow.net.pl\/wp-content\/uploads\/2023\/05\/Po-2-768x432.jpg 768w\" sizes=\"auto, (max-width: 800px) 100vw, 800px\" \/><\/a><\/figure><div class=\"wp-block-media-text__content\">\n<p><a href=\"https:\/\/www.sslwrp.goleniow.net.pl\/?page_id=1913\">80 Rocznica Powstania 2PLM &#8222;Krak\u00f3w&#8221;&#8230;<\/a><\/p>\n<\/div><\/div>\n\n\n\n<div class=\"wp-block-columns is-layout-flex wp-container-core-columns-is-layout-9d6595d7 wp-block-columns-is-layout-flex\">\n<div class=\"wp-block-column is-layout-flow wp-block-column-is-layout-flow\" style=\"flex-basis:65%\">\n<figure class=\"wp-block-image\"><a href=\"https:\/\/www.sslwrp.goleniow.net.pl\/?page_id=1641\"><img loading=\"lazy\" decoding=\"async\" width=\"432\" height=\"595\" src=\"https:\/\/www.sslwrp.goleniow.net.pl\/wp-content\/uploads\/2024\/09\/Baner-SSLW-RP.jpg\" alt=\"\" class=\"wp-image-1633\" srcset=\"https:\/\/www.sslwrp.goleniow.net.pl\/wp-content\/uploads\/2024\/09\/Baner-SSLW-RP.jpg 432w, https:\/\/www.sslwrp.goleniow.net.pl\/wp-content\/uploads\/2024\/09\/Baner-SSLW-RP-218x300.jpg 218w\" sizes=\"auto, (max-width: 432px) 100vw, 432px\" \/><\/a><\/figure>\n<\/div>\n\n\n\n<div class=\"wp-block-column is-layout-flow wp-block-column-is-layout-flow\" style=\"flex-basis:35%\">\n<p><a href=\"https:\/\/www.sslwrp.goleniow.net.pl\/?page_id=1641\">20 lat Goleniowskiego oddzia\u0142u SSLW RP&#8230;<\/a><\/p>\n<\/div>\n<\/div>\n<\/div>\n<\/div>\n<\/div>\n\n\n\n<div class=\"wp-block-columns is-layout-flex wp-container-core-columns-is-layout-9d6595d7 wp-block-columns-is-layout-flex\">\n<div class=\"wp-block-column is-layout-flow wp-block-column-is-layout-flow\"><div class=\"wp-block-image\">\n<figure class=\"alignleft size-large is-resized\"><img loading=\"lazy\" decoding=\"async\" width=\"1024\" height=\"432\" src=\"https:\/\/www.sslwrp.goleniow.net.pl\/wp-content\/uploads\/2025\/04\/flaga-1024x432.jpg\" alt=\"\" class=\"wp-image-1878\" style=\"width:263px;height:auto\" srcset=\"https:\/\/www.sslwrp.goleniow.net.pl\/wp-content\/uploads\/2025\/04\/flaga-1024x432.jpg 1024w, https:\/\/www.sslwrp.goleniow.net.pl\/wp-content\/uploads\/2025\/04\/flaga-300x127.jpg 300w, https:\/\/www.sslwrp.goleniow.net.pl\/wp-content\/uploads\/2025\/04\/flaga-768x324.jpg 768w, https:\/\/www.sslwrp.goleniow.net.pl\/wp-content\/uploads\/2025\/04\/flaga-1170x494.jpg 1170w, https:\/\/www.sslwrp.goleniow.net.pl\/wp-content\/uploads\/2025\/04\/flaga.jpg 1460w\" sizes=\"auto, (max-width: 1024px) 100vw, 1024px\" \/><\/figure>\n<\/div>\n\n\n<div style=\"height:30px\" aria-hidden=\"true\" class=\"wp-block-spacer\"><\/div>\n\n\n\n<div class=\"wp-block-media-text alignwide is-stacked-on-mobile\" style=\"grid-template-columns:58% auto\"><figure class=\"wp-block-media-text__media\"><a href=\"https:\/\/www.sslwrp.goleniow.net.pl\/?page_id=417\"><img loading=\"lazy\" decoding=\"async\" width=\"1024\" height=\"768\" src=\"https:\/\/www.sslwrp.goleniow.net.pl\/wp-content\/uploads\/2024\/02\/skladki2-1024x768.jpg\" alt=\"\" class=\"wp-image-1260 size-full\" srcset=\"https:\/\/www.sslwrp.goleniow.net.pl\/wp-content\/uploads\/2024\/02\/skladki2-1024x768.jpg 1024w, https:\/\/www.sslwrp.goleniow.net.pl\/wp-content\/uploads\/2024\/02\/skladki2-300x225.jpg 300w, https:\/\/www.sslwrp.goleniow.net.pl\/wp-content\/uploads\/2024\/02\/skladki2-768x576.jpg 768w, https:\/\/www.sslwrp.goleniow.net.pl\/wp-content\/uploads\/2024\/02\/skladki2-1170x878.jpg 1170w, https:\/\/www.sslwrp.goleniow.net.pl\/wp-content\/uploads\/2024\/02\/skladki2.jpg 1181w\" sizes=\"auto, (max-width: 1024px) 100vw, 1024px\" \/><\/a><\/figure><div class=\"wp-block-media-text__content\">\n<p><a href=\"https:\/\/www.sslwrp.goleniow.net.pl\/?page_id=417\">Zebranie Oddzia\u0142u&#8230;<\/a><\/p>\n<\/div><\/div>\n<\/div>\n\n\n\n<div class=\"wp-block-column is-layout-flow wp-block-column-is-layout-flow\">\n<div class=\"wp-block-media-text is-stacked-on-mobile\" style=\"grid-template-columns:70% auto\"><figure class=\"wp-block-media-text__media\"><a href=\"https:\/\/www.sslwrp.goleniow.net.pl\/?page_id=1597\"><img loading=\"lazy\" decoding=\"async\" width=\"1024\" height=\"768\" src=\"https:\/\/www.sslwrp.goleniow.net.pl\/wp-content\/uploads\/2024\/08\/sw_lot_pol-1024x768.jpg\" alt=\"\" class=\"wp-image-1550 size-full\" srcset=\"https:\/\/www.sslwrp.goleniow.net.pl\/wp-content\/uploads\/2024\/08\/sw_lot_pol-1024x768.jpg 1024w, https:\/\/www.sslwrp.goleniow.net.pl\/wp-content\/uploads\/2024\/08\/sw_lot_pol-300x225.jpg 300w, https:\/\/www.sslwrp.goleniow.net.pl\/wp-content\/uploads\/2024\/08\/sw_lot_pol-768x576.jpg 768w, https:\/\/www.sslwrp.goleniow.net.pl\/wp-content\/uploads\/2024\/08\/sw_lot_pol.jpg 1134w\" sizes=\"auto, (max-width: 1024px) 100vw, 1024px\" \/><\/a><\/figure><div class=\"wp-block-media-text__content\">\n<p><a href=\"https:\/\/www.sslwrp.goleniow.net.pl\/?page_id=1597\" data-type=\"page\" data-id=\"1597\">Relacja 2024r.<\/a><\/p>\n\n\n\n<p><a href=\"https:\/\/youtu.be\/kZgiTXkHFlc\" target=\"_blank\" rel=\"noreferrer noopener\">Relacja 2025r.<\/a><\/p>\n<\/div><\/div>\n\n\n\n<div style=\"height:12px\" aria-hidden=\"true\" class=\"wp-block-spacer\"><\/div>\n\n\n\n<div class=\"wp-block-media-text is-stacked-on-mobile\"><figure class=\"wp-block-media-text__media\"><a href=\"https:\/\/www.sslwrp.goleniow.net.pl\/?page_id=1220(otworzy si\u0119 w nowej karcie)\"><img loading=\"lazy\" decoding=\"async\" width=\"532\" height=\"709\" src=\"https:\/\/www.sslwrp.goleniow.net.pl\/wp-content\/uploads\/2023\/06\/kop.png\" alt=\"\" class=\"wp-image-990 size-full\" srcset=\"https:\/\/www.sslwrp.goleniow.net.pl\/wp-content\/uploads\/2023\/06\/kop.png 532w, https:\/\/www.sslwrp.goleniow.net.pl\/wp-content\/uploads\/2023\/06\/kop-225x300.png 225w\" sizes=\"auto, (max-width: 532px) 100vw, 532px\" \/><\/a><\/figure><div class=\"wp-block-media-text__content\">\n<p><a href=\"https:\/\/www.sslwrp.goleniow.net.pl\/?page_id=1220(otworzy si\u0119 w nowej karcie)\">Konserwacja&#8230;<\/a><\/p>\n<\/div><\/div>\n<\/div>\n\n\n\n<div class=\"wp-block-column is-layout-flow wp-block-column-is-layout-flow\">\n<ul class=\"wp-block-list\">\n<li class=\"has-medium-font-size\"><strong><em>ARCHIWUM<\/em><\/strong><\/li>\n\n\n\n<li><a href=\"https:\/\/www.sslwrp.goleniow.net.pl\/?page_id=1722\" data-type=\"page\" data-id=\"1722\">Odszed\u0142 Micha\u0142 Osiejuk<\/a><\/li>\n\n\n\n<li><a href=\"https:\/\/www.sslwrp.goleniow.net.pl\/?page_id=1700\" data-type=\"page\" data-id=\"1700\">Zgin\u0105\u0142 Wies\u0142aw Sielecki<\/a><\/li>\n\n\n\n<li><a href=\"https:\/\/www.sslwrp.goleniow.net.pl\/?page_id=1604\" data-type=\"page\" data-id=\"1604\">Odszed\u0142 Roman Rycielski<\/a><\/li>\n\n\n\n<li><a href=\"https:\/\/www.sslwrp.goleniow.net.pl\/?page_id=1455\" target=\"_blank\" rel=\"noreferrer noopener\">Odszed\u0142 Jan Kacperski<\/a><\/li>\n\n\n\n<li><a href=\"https:\/\/www.sslwrp.goleniow.net.pl\/wp-content\/uploads\/2024\/03\/klepsydraJL.jpg\" target=\"_blank\" rel=\"noreferrer noopener\">Odszed\u0142 J\u00f3zef \u0141awi\u0144ski<\/a><\/li>\n\n\n\n<li><a href=\"https:\/\/www.sslwrp.goleniow.net.pl\/wp-content\/uploads\/2024\/02\/zaprosz-bialy-grosz.jpg\" target=\"_blank\" rel=\"noreferrer noopener\">Ods\u0142oni\u0119cie miejsca Pami\u0119ci<\/a><\/li>\n\n\n\n<li><a href=\"https:\/\/www.sslwrp.goleniow.net.pl\/?page_id=1901\" data-type=\"page\" data-id=\"1901\">52 rocznica katastrofy AN-24<\/a><\/li>\n\n\n\n<li><a href=\"https:\/\/www.sslwrp.goleniow.net.pl\/?page_id=1369(otworzy si\u0119 w nowej karcie)\">Odznaczenie sztandaru Miasta i Gminy<\/a><\/li>\n\n\n\n<li><a href=\"https:\/\/www.sslwrp.goleniow.net.pl\/?page_id=1361(otworzy si\u0119 w nowej karcie)\">Odznaczenie sztandaru szko\u0142y w Mostach<\/a><\/li>\n\n\n\n<li><a href=\"https:\/\/www.sslwrp.goleniow.net.pl\/?page_id=812\" target=\"_blank\" rel=\"noreferrer noopener\">Odszed\u0142 Henryk Szyma\u0144ski<\/a><\/li>\n\n\n\n<li><a href=\"http:\/\/sslwrp.goleniow.net.pl\/?page_id=798\">Odszed\u0142 Jacek Cebrzy\u0144ski<\/a><\/li>\n\n\n\n<li><a href=\"https:\/\/www.sslwrp.goleniow.net.pl\/?page_id=734\">Zebranie sprawozdawczo &#8211; wyborcze 2023r&#8230;<\/a><\/li>\n\n\n\n<li><a href=\"https:\/\/www.sslwrp.goleniow.net.pl\/?page_id=235\">\u015awi\u0119to Lotnictwa 2022r.<\/a><\/li>\n\n\n\n<li><a href=\"https:\/\/www.sslwrp.goleniow.net.pl\/?page_id=129(otworzy si\u0119 w nowej karcie)\">Odszed\u0142 Adam Hoderny<\/a><\/li>\n<\/ul>\n<\/div>\n<\/div>\n\n\n\n<div class=\"wp-block-media-text is-stacked-on-mobile\"><figure class=\"wp-block-media-text__media\"><img loading=\"lazy\" decoding=\"async\" width=\"1024\" height=\"390\" src=\"https:\/\/www.sslwrp.goleniow.net.pl\/wp-content\/uploads\/2024\/07\/obraz-1024x390.jpg\" alt=\"\" class=\"wp-image-1533 size-full\" srcset=\"https:\/\/www.sslwrp.goleniow.net.pl\/wp-content\/uploads\/2024\/07\/obraz-1024x390.jpg 1024w, https:\/\/www.sslwrp.goleniow.net.pl\/wp-content\/uploads\/2024\/07\/obraz-300x114.jpg 300w, https:\/\/www.sslwrp.goleniow.net.pl\/wp-content\/uploads\/2024\/07\/obraz-768x293.jpg 768w, https:\/\/www.sslwrp.goleniow.net.pl\/wp-content\/uploads\/2024\/07\/obraz-1536x585.jpg 1536w, https:\/\/www.sslwrp.goleniow.net.pl\/wp-content\/uploads\/2024\/07\/obraz-2048x780.jpg 2048w, https:\/\/www.sslwrp.goleniow.net.pl\/wp-content\/uploads\/2024\/07\/obraz-1170x446.jpg 1170w\" sizes=\"auto, (max-width: 1024px) 100vw, 1024px\" \/><\/figure><div class=\"wp-block-media-text__content\">\n<p class=\"has-vivid-cyan-blue-color has-text-color has-link-color has-medium-font-size wp-elements-c9cbb36e5586363798588c0d6d3a67a0\"><strong><em>Kubek okazjonalny<\/em><\/strong><\/p>\n<\/div><\/div>\n\n\n\n<figure class=\"wp-block-image size-large is-resized\"><img loading=\"lazy\" decoding=\"async\" width=\"1024\" height=\"994\" src=\"https:\/\/www.sslwrp.goleniow.net.pl\/wp-content\/uploads\/2024\/07\/Kubki-1024x994.jpg\" alt=\"\" class=\"wp-image-1538\" style=\"width:264px;height:auto\" srcset=\"https:\/\/www.sslwrp.goleniow.net.pl\/wp-content\/uploads\/2024\/07\/Kubki-1024x994.jpg 1024w, https:\/\/www.sslwrp.goleniow.net.pl\/wp-content\/uploads\/2024\/07\/Kubki-300x291.jpg 300w, https:\/\/www.sslwrp.goleniow.net.pl\/wp-content\/uploads\/2024\/07\/Kubki-768x745.jpg 768w, https:\/\/www.sslwrp.goleniow.net.pl\/wp-content\/uploads\/2024\/07\/Kubki-1536x1491.jpg 1536w, https:\/\/www.sslwrp.goleniow.net.pl\/wp-content\/uploads\/2024\/07\/Kubki-1170x1136.jpg 1170w, https:\/\/www.sslwrp.goleniow.net.pl\/wp-content\/uploads\/2024\/07\/Kubki.jpg 1800w\" sizes=\"auto, (max-width: 1024px) 100vw, 1024px\" \/><\/figure>\n\n\n\n<div style=\"height:30px\" aria-hidden=\"true\" class=\"wp-block-spacer\"><\/div>\n\n\n\n<div class=\"wp-block-columns alignwide is-layout-flex wp-container-core-columns-is-layout-9d6595d7 wp-block-columns-is-layout-flex\">\n<div class=\"wp-block-column is-layout-flow wp-block-column-is-layout-flow\" style=\"flex-basis:33.33%\">\n<div class=\"wp-block-media-text alignwide is-stacked-on-mobile\" style=\"grid-template-columns:48% auto\"><figure class=\"wp-block-media-text__media\"><a href=\"https:\/\/www.sslwrp.goleniow.net.pl\/?page_id=550(otworzy si\u0119 w nowej karcie)\"><img loading=\"lazy\" decoding=\"async\" width=\"617\" height=\"822\" src=\"https:\/\/www.sslwrp.goleniow.net.pl\/wp-content\/uploads\/2022\/11\/lis15.jpg\" alt=\"\" class=\"wp-image-549 size-full\" srcset=\"https:\/\/www.sslwrp.goleniow.net.pl\/wp-content\/uploads\/2022\/11\/lis15.jpg 617w, https:\/\/www.sslwrp.goleniow.net.pl\/wp-content\/uploads\/2022\/11\/lis15-225x300.jpg 225w\" sizes=\"auto, (max-width: 617px) 100vw, 617px\" \/><\/a><\/figure><div class=\"wp-block-media-text__content\">\n<p><a href=\"https:\/\/www.sslwrp.goleniow.net.pl\/?page_id=550\">11 Listopada &#8211; \u015awi\u0119to w Goleniowie<\/a>&#8230;<\/p>\n<\/div><\/div>\n<\/div>\n\n\n\n<div class=\"wp-block-column is-layout-flow wp-block-column-is-layout-flow\" style=\"flex-basis:33.33%\">\n<div class=\"wp-block-media-text alignwide is-stacked-on-mobile\" style=\"grid-template-columns:52% auto\"><figure class=\"wp-block-media-text__media\"><a href=\"https:\/\/www.sslwrp.goleniow.net.pl\/?page_id=665\"><img loading=\"lazy\" decoding=\"async\" width=\"270\" height=\"350\" src=\"https:\/\/www.sslwrp.goleniow.net.pl\/wp-content\/uploads\/2022\/12\/Hermaszewski.jpg\" alt=\"\" class=\"wp-image-661 size-full\" srcset=\"https:\/\/www.sslwrp.goleniow.net.pl\/wp-content\/uploads\/2022\/12\/Hermaszewski.jpg 270w, https:\/\/www.sslwrp.goleniow.net.pl\/wp-content\/uploads\/2022\/12\/Hermaszewski-231x300.jpg 231w\" sizes=\"auto, (max-width: 270px) 100vw, 270px\" \/><\/a><\/figure><div class=\"wp-block-media-text__content\">\n<p><a href=\"https:\/\/www.sslwrp.goleniow.net.pl\/?page_id=665\">Zmar\u0142 pierwszy polski lotnik kosmonauta<\/a>..<\/p>\n<\/div><\/div>\n<\/div>\n<\/div>\n\n\n\n<div class=\"wp-block-columns alignwide is-layout-flex wp-container-core-columns-is-layout-9d6595d7 wp-block-columns-is-layout-flex\">\n<div class=\"wp-block-column is-layout-flow wp-block-column-is-layout-flow\">\n<div class=\"wp-block-media-text alignwide is-stacked-on-mobile\" style=\"grid-template-columns:44% auto\"><figure class=\"wp-block-media-text__media\"><a href=\"https:\/\/www.sslwrp.goleniow.net.pl\/?page_id=1140\"><img loading=\"lazy\" decoding=\"async\" width=\"850\" height=\"638\" src=\"https:\/\/www.sslwrp.goleniow.net.pl\/wp-content\/uploads\/2022\/08\/pomkwiat.jpg\" alt=\"\" class=\"wp-image-248 size-full\" srcset=\"https:\/\/www.sslwrp.goleniow.net.pl\/wp-content\/uploads\/2022\/08\/pomkwiat.jpg 850w, https:\/\/www.sslwrp.goleniow.net.pl\/wp-content\/uploads\/2022\/08\/pomkwiat-300x225.jpg 300w, https:\/\/www.sslwrp.goleniow.net.pl\/wp-content\/uploads\/2022\/08\/pomkwiat-768x576.jpg 768w\" sizes=\"auto, (max-width: 850px) 100vw, 850px\" \/><\/a><\/figure><div class=\"wp-block-media-text__content\">\n<p><a href=\"https:\/\/www.sslwrp.goleniow.net.pl\/?page_id=1140\" data-type=\"page\" data-id=\"1140\">\u015awi\u0119to Lotnictwa 2023r.<\/a>&#8230;<\/p>\n<\/div><\/div>\n<\/div>\n\n\n\n<div class=\"wp-block-column is-layout-flow wp-block-column-is-layout-flow\">\n<div class=\"wp-block-media-text alignwide is-stacked-on-mobile\"><figure class=\"wp-block-media-text__media\"><a href=\"https:\/\/www.sslwrp.goleniow.net.pl\/?page_id=352\"><img loading=\"lazy\" decoding=\"async\" width=\"768\" height=\"1024\" src=\"https:\/\/www.sslwrp.goleniow.net.pl\/wp-content\/uploads\/2022\/08\/stat_lew_str-768x1024.jpg\" alt=\"Statecznik\" class=\"wp-image-95 size-full\" srcset=\"https:\/\/www.sslwrp.goleniow.net.pl\/wp-content\/uploads\/2022\/08\/stat_lew_str-768x1024.jpg 768w, https:\/\/www.sslwrp.goleniow.net.pl\/wp-content\/uploads\/2022\/08\/stat_lew_str-225x300.jpg 225w, https:\/\/www.sslwrp.goleniow.net.pl\/wp-content\/uploads\/2022\/08\/stat_lew_str-1152x1536.jpg 1152w, https:\/\/www.sslwrp.goleniow.net.pl\/wp-content\/uploads\/2022\/08\/stat_lew_str-1170x1560.jpg 1170w, https:\/\/www.sslwrp.goleniow.net.pl\/wp-content\/uploads\/2022\/08\/stat_lew_str.jpg 1500w\" sizes=\"auto, (max-width: 768px) 100vw, 768px\" \/><\/a><\/figure><div class=\"wp-block-media-text__content\">\n<p><a href=\"https:\/\/www.sslwrp.goleniow.net.pl\/?page_id=352\">Odnowiony statecznik&#8230;<\/a><\/p>\n<\/div><\/div>\n<\/div>\n\n\n\n<div class=\"wp-block-column is-layout-flow wp-block-column-is-layout-flow\">\n<div class=\"wp-block-media-text is-stacked-on-mobile\" style=\"grid-template-columns:57% auto\"><figure class=\"wp-block-media-text__media\"><a href=\"https:\/\/www.sslwrp.goleniow.net.pl\/?page_id=339\" target=\"_blank\" rel=\"noreferrer noopener\"><img loading=\"lazy\" decoding=\"async\" width=\"850\" height=\"601\" src=\"https:\/\/www.sslwrp.goleniow.net.pl\/wp-content\/uploads\/2022\/08\/20_1.jpg\" alt=\"\" class=\"wp-image-284 size-full\" srcset=\"https:\/\/www.sslwrp.goleniow.net.pl\/wp-content\/uploads\/2022\/08\/20_1.jpg 850w, https:\/\/www.sslwrp.goleniow.net.pl\/wp-content\/uploads\/2022\/08\/20_1-300x212.jpg 300w, https:\/\/www.sslwrp.goleniow.net.pl\/wp-content\/uploads\/2022\/08\/20_1-768x543.jpg 768w\" sizes=\"auto, (max-width: 850px) 100vw, 850px\" \/><\/a><\/figure><div class=\"wp-block-media-text__content\">\n<p><a href=\"https:\/\/www.sslwrp.goleniow.net.pl\/?page_id=339\" target=\"_blank\" rel=\"noreferrer noopener\">Tablica pogl\u0105dowa&#8230;<\/a><\/p>\n<\/div><\/div>\n<\/div>\n<\/div>\n\n\n\n<div style=\"height:30px\" aria-hidden=\"true\" class=\"wp-block-spacer\"><\/div>\n\n\n\n<div class=\"wp-block-media-text alignwide is-stacked-on-mobile\"><figure class=\"wp-block-media-text__media\"><a href=\"https:\/\/www.sslwrp.goleniow.net.pl\/?page_id=1052(otworzy si\u0119 w nowej karcie)\" target=\"_blank\" rel=\"noreferrer noopener\"><img loading=\"lazy\" decoding=\"async\" width=\"500\" height=\"375\" src=\"https:\/\/www.sslwrp.goleniow.net.pl\/wp-content\/uploads\/2022\/09\/Lotnisko-2022-09-18-at-20-31-29-2-PLM-Krakow-1944-1993-Facebook.png\" alt=\"\" class=\"wp-image-371 size-full\" srcset=\"https:\/\/www.sslwrp.goleniow.net.pl\/wp-content\/uploads\/2022\/09\/Lotnisko-2022-09-18-at-20-31-29-2-PLM-Krakow-1944-1993-Facebook.png 500w, https:\/\/www.sslwrp.goleniow.net.pl\/wp-content\/uploads\/2022\/09\/Lotnisko-2022-09-18-at-20-31-29-2-PLM-Krakow-1944-1993-Facebook-300x225.png 300w\" sizes=\"auto, (max-width: 500px) 100vw, 500px\" \/><\/a><\/figure><div class=\"wp-block-media-text__content\">\n<p><a href=\"https:\/\/www.sslwrp.goleniow.net.pl\/?page_id=1052(otworzy si\u0119 w nowej karcie)\" target=\"_blank\" rel=\"noreferrer noopener\"><em>Odlot samolot\u00f3w z Goleniowa<\/em>&#8230;<\/a><\/p>\n<\/div><\/div>\n","protected":false},"excerpt":{"rendered":"<p>W dniu 4 stycznia 2026 roku, zmar\u0142 p\u0142k dypl. pil. Jan Nowak, zas\u0142u\u017cony oficer Lotnictwa Polskiego, by\u0142y zast\u0119pca dow\u00f3dcy 2. plm \u201eKrak\u00f3w\u201d ds. liniowych z<\/p>\n","protected":false},"author":1,"featured_media":0,"parent":0,"menu_order":0,"comment_status":"closed","ping_status":"closed","template":"","meta":{"footnotes":""},"class_list":["post-299","page","type-page","status-publish","hentry"],"_links":{"self":[{"href":"https:\/\/www.sslwrp.goleniow.net.pl\/index.php?rest_route=\/wp\/v2\/pages\/299","targetHints":{"allow":["GET"]}}],"collection":[{"href":"https:\/\/www.sslwrp.goleniow.net.pl\/index.php?rest_route=\/wp\/v2\/pages"}],"about":[{"href":"https:\/\/www.sslwrp.goleniow.net.pl\/index.php?rest_route=\/wp\/v2\/types\/page"}],"author":[{"embeddable":true,"href":"https:\/\/www.sslwrp.goleniow.net.pl\/index.php?rest_route=\/wp\/v2\/users\/1"}],"replies":[{"embeddable":true,"href":"https:\/\/www.sslwrp.goleniow.net.pl\/index.php?rest_route=%2Fwp%2Fv2%2Fcomments&post=299"}],"version-history":[{"count":143,"href":"https:\/\/www.sslwrp.goleniow.net.pl\/index.php?rest_route=\/wp\/v2\/pages\/299\/revisions"}],"predecessor-version":[{"id":2087,"href":"https:\/\/www.sslwrp.goleniow.net.pl\/index.php?rest_route=\/wp\/v2\/pages\/299\/revisions\/2087"}],"wp:attachment":[{"href":"https:\/\/www.sslwrp.goleniow.net.pl\/index.php?rest_route=%2Fwp%2Fv2%2Fmedia&parent=299"}],"curies":[{"name":"wp","href":"https:\/\/api.w.org\/{rel}","templated":true}]}}