{"id":188,"date":"2022-08-20T20:09:25","date_gmt":"2022-08-20T20:09:25","guid":{"rendered":"https:\/\/www.sslwrp.goleniow.net.pl\/?page_id=188"},"modified":"2022-08-20T20:09:26","modified_gmt":"2022-08-20T20:09:26","slug":"swieto-lotnictwa","status":"publish","type":"page","link":"https:\/\/www.sslwrp.goleniow.net.pl\/?page_id=188","title":{"rendered":"\u015awi\u0119to Lotnictwa"},"content":{"rendered":"\n<figure class=\"wp-block-image size-large\"><img loading=\"lazy\" decoding=\"async\" width=\"1024\" height=\"512\" src=\"https:\/\/www.sslwrp.goleniow.net.pl\/wp-content\/uploads\/2022\/08\/Swieto_lotnictwa-1024x512.jpg\" alt=\"challenge\" class=\"wp-image-187\" srcset=\"https:\/\/www.sslwrp.goleniow.net.pl\/wp-content\/uploads\/2022\/08\/Swieto_lotnictwa-1024x512.jpg 1024w, https:\/\/www.sslwrp.goleniow.net.pl\/wp-content\/uploads\/2022\/08\/Swieto_lotnictwa-300x150.jpg 300w, https:\/\/www.sslwrp.goleniow.net.pl\/wp-content\/uploads\/2022\/08\/Swieto_lotnictwa-768x384.jpg 768w, https:\/\/www.sslwrp.goleniow.net.pl\/wp-content\/uploads\/2022\/08\/Swieto_lotnictwa-1170x585.jpg 1170w, https:\/\/www.sslwrp.goleniow.net.pl\/wp-content\/uploads\/2022\/08\/Swieto_lotnictwa.jpg 1200w\" sizes=\"auto, (max-width: 1024px) 100vw, 1024px\" \/><\/figure>\n\n\n\n<p>\u015awi\u0119to Lotnictwa Polskiego \u0142\u0105czy lotnictwo cywilne, wojskowe oraz przemys\u0142 lotniczy. &nbsp;28 sierpnia obchodzone jest od 1993r. W okresie PRL Dzie\u0144 Lotnika \u015bwi\u0119towano w dw\u00f3ch terminach: 1 wrze\u015bnia \u2013 w rocznic\u0119 wybuchu II wojny \u015bwiatowej (w latach 1945-50) \u2013 i 23 sierpnia \u2013 w rocznic\u0119 pierwszych walk my\u015bliwc\u00f3w z 1 Pu\u0142ku Lotnictwa My\u015bliwskiego na przycz\u00f3\u0142ku warecko-magnuszewskim w 1944 r. (od 1950 r.).<\/p>\n\n\n\n<p>\u015awi\u0119to lotnictwa obchodzono tak\u017ce w okresie mi\u0119dzywojennym. Do 1931 roku Dniem Lotnictwa Polskiego by\u0142 5 listopada \u2013 data pierwszego lotu bojowego samolotu z polskimi bia\u0142o-czerwonymi znakami wykonanego w 1918 r. nad Lwowem przez por. pil. Stefana Bastyr\u0119 i por. Janusza de Beaurain. Od 1932 r., na rozkaz marsza\u0142ka J\u00f3zefa Pi\u0142sudskiego, \u015awi\u0119to Lotnictwa Polskiego obchodzone by\u0142o 11 listopada.<\/p>\n","protected":false},"excerpt":{"rendered":"<p>\u015awi\u0119to Lotnictwa Polskiego \u0142\u0105czy lotnictwo cywilne, wojskowe oraz przemys\u0142 lotniczy. &nbsp;28 sierpnia obchodzone jest od 1993r. W okresie PRL Dzie\u0144 Lotnika \u015bwi\u0119towano w dw\u00f3ch terminach:<\/p>\n","protected":false},"author":1,"featured_media":0,"parent":0,"menu_order":0,"comment_status":"closed","ping_status":"closed","template":"","meta":{"footnotes":""},"class_list":["post-188","page","type-page","status-publish","hentry"],"_links":{"self":[{"href":"https:\/\/www.sslwrp.goleniow.net.pl\/index.php?rest_route=\/wp\/v2\/pages\/188","targetHints":{"allow":["GET"]}}],"collection":[{"href":"https:\/\/www.sslwrp.goleniow.net.pl\/index.php?rest_route=\/wp\/v2\/pages"}],"about":[{"href":"https:\/\/www.sslwrp.goleniow.net.pl\/index.php?rest_route=\/wp\/v2\/types\/page"}],"author":[{"embeddable":true,"href":"https:\/\/www.sslwrp.goleniow.net.pl\/index.php?rest_route=\/wp\/v2\/users\/1"}],"replies":[{"embeddable":true,"href":"https:\/\/www.sslwrp.goleniow.net.pl\/index.php?rest_route=%2Fwp%2Fv2%2Fcomments&post=188"}],"version-history":[{"count":2,"href":"https:\/\/www.sslwrp.goleniow.net.pl\/index.php?rest_route=\/wp\/v2\/pages\/188\/revisions"}],"predecessor-version":[{"id":346,"href":"https:\/\/www.sslwrp.goleniow.net.pl\/index.php?rest_route=\/wp\/v2\/pages\/188\/revisions\/346"}],"wp:attachment":[{"href":"https:\/\/www.sslwrp.goleniow.net.pl\/index.php?rest_route=%2Fwp%2Fv2%2Fmedia&parent=188"}],"curies":[{"name":"wp","href":"https:\/\/api.w.org\/{rel}","templated":true}]}}