{"id":1831,"date":"2025-03-10T20:32:23","date_gmt":"2025-03-10T20:32:23","guid":{"rendered":"https:\/\/www.sslwrp.goleniow.net.pl\/?page_id=1831"},"modified":"2025-03-10T20:40:27","modified_gmt":"2025-03-10T20:40:27","slug":"rocznica-katastrofy-ppor-pil-pawla-kacprzaka","status":"publish","type":"page","link":"https:\/\/www.sslwrp.goleniow.net.pl\/?page_id=1831","title":{"rendered":"Rocznica katastrofy ppor. pil. Paw\u0142a Kacprzaka"},"content":{"rendered":"\n<p class=\"has-text-align-left has-vivid-cyan-blue-color has-text-color has-link-color has-medium-font-size wp-elements-76efcff903cad253c6091e57b766417a\"><strong><em>Przedstawiciele SSLW RP w Goleniowie uczcili to wydarzenie przy Kamieniach Pami\u0119ci w lesie k\/Wierzchos\u0142awia. Fotorelacja poni\u017cej.<\/em><\/strong><\/p>\n\n\n\n<p class=\"has-small-font-size\"><em>Foto Antoni Budzi\u0144ski<\/em><\/p>\n\n\n\n<figure class=\"wp-block-gallery has-nested-images columns-default is-cropped wp-block-gallery-1 is-layout-flex wp-block-gallery-is-layout-flex\">\n<figure class=\"wp-block-image size-large\"><img loading=\"lazy\" decoding=\"async\" width=\"850\" height=\"638\" data-id=\"1828\" src=\"https:\/\/www.sslwrp.goleniow.net.pl\/wp-content\/uploads\/2025\/03\/kwiat1.jpg\" alt=\"\" class=\"wp-image-1828\" srcset=\"https:\/\/www.sslwrp.goleniow.net.pl\/wp-content\/uploads\/2025\/03\/kwiat1.jpg 850w, https:\/\/www.sslwrp.goleniow.net.pl\/wp-content\/uploads\/2025\/03\/kwiat1-300x225.jpg 300w, https:\/\/www.sslwrp.goleniow.net.pl\/wp-content\/uploads\/2025\/03\/kwiat1-768x576.jpg 768w\" sizes=\"auto, (max-width: 850px) 100vw, 850px\" \/><\/figure>\n\n\n\n<figure class=\"wp-block-image size-large\"><img loading=\"lazy\" decoding=\"async\" width=\"1024\" height=\"768\" data-id=\"1827\" src=\"https:\/\/www.sslwrp.goleniow.net.pl\/wp-content\/uploads\/2025\/03\/kwiat2-1024x768.jpg\" alt=\"\" class=\"wp-image-1827\" srcset=\"https:\/\/www.sslwrp.goleniow.net.pl\/wp-content\/uploads\/2025\/03\/kwiat2-1024x768.jpg 1024w, https:\/\/www.sslwrp.goleniow.net.pl\/wp-content\/uploads\/2025\/03\/kwiat2-300x225.jpg 300w, https:\/\/www.sslwrp.goleniow.net.pl\/wp-content\/uploads\/2025\/03\/kwiat2-768x576.jpg 768w, https:\/\/www.sslwrp.goleniow.net.pl\/wp-content\/uploads\/2025\/03\/kwiat2.jpg 1134w\" sizes=\"auto, (max-width: 1024px) 100vw, 1024px\" \/><\/figure>\n\n\n\n<figure class=\"wp-block-image size-large\"><img loading=\"lazy\" decoding=\"async\" width=\"850\" height=\"638\" data-id=\"1826\" src=\"https:\/\/www.sslwrp.goleniow.net.pl\/wp-content\/uploads\/2025\/03\/kwiat3.jpg\" alt=\"\" class=\"wp-image-1826\" srcset=\"https:\/\/www.sslwrp.goleniow.net.pl\/wp-content\/uploads\/2025\/03\/kwiat3.jpg 850w, https:\/\/www.sslwrp.goleniow.net.pl\/wp-content\/uploads\/2025\/03\/kwiat3-300x225.jpg 300w, https:\/\/www.sslwrp.goleniow.net.pl\/wp-content\/uploads\/2025\/03\/kwiat3-768x576.jpg 768w\" sizes=\"auto, (max-width: 850px) 100vw, 850px\" \/><\/figure>\n\n\n\n<figure class=\"wp-block-image size-large\"><img loading=\"lazy\" decoding=\"async\" width=\"850\" height=\"638\" data-id=\"1830\" src=\"https:\/\/www.sslwrp.goleniow.net.pl\/wp-content\/uploads\/2025\/03\/del.jpg\" alt=\"\" class=\"wp-image-1830\" srcset=\"https:\/\/www.sslwrp.goleniow.net.pl\/wp-content\/uploads\/2025\/03\/del.jpg 850w, https:\/\/www.sslwrp.goleniow.net.pl\/wp-content\/uploads\/2025\/03\/del-300x225.jpg 300w, https:\/\/www.sslwrp.goleniow.net.pl\/wp-content\/uploads\/2025\/03\/del-768x576.jpg 768w\" sizes=\"auto, (max-width: 850px) 100vw, 850px\" \/><\/figure>\n\n\n\n<figure class=\"wp-block-image size-large\"><img loading=\"lazy\" decoding=\"async\" width=\"850\" height=\"638\" data-id=\"1829\" src=\"https:\/\/www.sslwrp.goleniow.net.pl\/wp-content\/uploads\/2025\/03\/kam_pam.jpg\" alt=\"\" class=\"wp-image-1829\" srcset=\"https:\/\/www.sslwrp.goleniow.net.pl\/wp-content\/uploads\/2025\/03\/kam_pam.jpg 850w, https:\/\/www.sslwrp.goleniow.net.pl\/wp-content\/uploads\/2025\/03\/kam_pam-300x225.jpg 300w, https:\/\/www.sslwrp.goleniow.net.pl\/wp-content\/uploads\/2025\/03\/kam_pam-768x576.jpg 768w\" sizes=\"auto, (max-width: 850px) 100vw, 850px\" \/><\/figure>\n\n\n\n<figure class=\"wp-block-image size-large\"><img loading=\"lazy\" decoding=\"async\" width=\"638\" height=\"850\" data-id=\"1824\" src=\"https:\/\/www.sslwrp.goleniow.net.pl\/wp-content\/uploads\/2025\/03\/tabl_kacprzak.jpg\" alt=\"\" class=\"wp-image-1824\" srcset=\"https:\/\/www.sslwrp.goleniow.net.pl\/wp-content\/uploads\/2025\/03\/tabl_kacprzak.jpg 638w, https:\/\/www.sslwrp.goleniow.net.pl\/wp-content\/uploads\/2025\/03\/tabl_kacprzak-225x300.jpg 225w\" sizes=\"auto, (max-width: 638px) 100vw, 638px\" \/><\/figure>\n<\/figure>\n","protected":false},"excerpt":{"rendered":"<p>Przedstawiciele SSLW RP w Goleniowie uczcili to wydarzenie przy Kamieniach Pami\u0119ci w lesie k\/Wierzchos\u0142awia. Fotorelacja poni\u017cej. Foto Antoni Budzi\u0144ski<\/p>\n","protected":false},"author":1,"featured_media":0,"parent":0,"menu_order":0,"comment_status":"closed","ping_status":"closed","template":"","meta":{"footnotes":""},"class_list":["post-1831","page","type-page","status-publish","hentry"],"_links":{"self":[{"href":"https:\/\/www.sslwrp.goleniow.net.pl\/index.php?rest_route=\/wp\/v2\/pages\/1831","targetHints":{"allow":["GET"]}}],"collection":[{"href":"https:\/\/www.sslwrp.goleniow.net.pl\/index.php?rest_route=\/wp\/v2\/pages"}],"about":[{"href":"https:\/\/www.sslwrp.goleniow.net.pl\/index.php?rest_route=\/wp\/v2\/types\/page"}],"author":[{"embeddable":true,"href":"https:\/\/www.sslwrp.goleniow.net.pl\/index.php?rest_route=\/wp\/v2\/users\/1"}],"replies":[{"embeddable":true,"href":"https:\/\/www.sslwrp.goleniow.net.pl\/index.php?rest_route=%2Fwp%2Fv2%2Fcomments&post=1831"}],"version-history":[{"count":2,"href":"https:\/\/www.sslwrp.goleniow.net.pl\/index.php?rest_route=\/wp\/v2\/pages\/1831\/revisions"}],"predecessor-version":[{"id":1834,"href":"https:\/\/www.sslwrp.goleniow.net.pl\/index.php?rest_route=\/wp\/v2\/pages\/1831\/revisions\/1834"}],"wp:attachment":[{"href":"https:\/\/www.sslwrp.goleniow.net.pl\/index.php?rest_route=%2Fwp%2Fv2%2Fmedia&parent=1831"}],"curies":[{"name":"wp","href":"https:\/\/api.w.org\/{rel}","templated":true}]}}