{"id":1778,"date":"2025-01-19T19:20:42","date_gmt":"2025-01-19T19:20:42","guid":{"rendered":"https:\/\/www.sslwrp.goleniow.net.pl\/?page_id=1778"},"modified":"2025-01-25T14:20:35","modified_gmt":"2025-01-25T14:20:35","slug":"zebranie-18-stycznia-2025r","status":"publish","type":"page","link":"https:\/\/www.sslwrp.goleniow.net.pl\/?page_id=1778","title":{"rendered":"Zebranie 18 stycznia 2025r."},"content":{"rendered":"\n<p class=\"has-vivid-cyan-blue-color has-text-color has-link-color has-medium-font-size wp-elements-9e41d9dc93b338201e2339c53ee9be4d\"><em>Spotkanie Stowarzyszenia Senior\u00f3w Lotnictwa Wojskowego Rzeczpospolitej Polskiej (SSLW RP) oraz Zwi\u0105zku \u017bo\u0142nierzy Wojska Polskiego (Z\u017bWP) odby\u0142o si\u0119 18 stycznia 2025 roku w Goleniowie zgodnie z za\u0142o\u017ceniami. Spotkanie mia\u0142o charakter sprawozdawczy i mia\u0142o na celu podsumowanie dzia\u0142alno\u015bci obu organizacji w minionym roku oraz przedstawienie plan\u00f3w na nadchodz\u0105cy rok 2025. Frekwencja dopisa\u0142a, dzi\u0119kujemy kolegom za liczne przybycie.<\/em><\/p>\n\n\n\n<p class=\"has-vivid-cyan-blue-color has-text-color has-link-color has-medium-font-size wp-elements-d1c39e44bddfd9649c85d57db5706416\"><em> Zebranie poprowadzili Prezesi naszych stowarzysze\u0144 p\u0142k. w st. sp. Zbigniew Skowro\u0144ski oraz kpt. w st. sp. Wies\u0142aw We\u0142nicki. Podczas spotkania om\u00f3wiono nast\u0119puj\u0105ce kwestie:<\/em><\/p>\n\n\n\n<ol class=\"wp-block-list\">\n<li class=\"has-vivid-cyan-blue-color has-text-color has-link-color has-medium-font-size wp-elements-2233f7428184ce3c81117f82f5c67436\"><em><strong>Podsumowanie dzia\u0142alno\u015bci za rok 2024<\/strong>: Przedstawiono raporty z dzia\u0142alno\u015bci obu organizacji, w tym osi\u0105gni\u0119cia, zrealizowane projekty oraz wydarzenia, w kt\u00f3rych cz\u0142onkowie brali udzia\u0142.<\/em><\/li>\n\n\n\n<li class=\"has-vivid-cyan-blue-color has-text-color has-link-color has-medium-font-size wp-elements-82f6a78cc5b87c5f2bf4b28ab196692d\"><em><strong>Plany na rok 2025<\/strong>: Om\u00f3wiono cele i za\u0142o\u017cenia na nadchodz\u0105cy rok, w tym planowane wydarzenia, projekty oraz inicjatywy maj\u0105ce na celu integracj\u0119 i wsparcie cz\u0142onk\u00f3w obu organizacji.<\/em><\/li>\n\n\n\n<li class=\"has-vivid-cyan-blue-color has-text-color has-link-color has-medium-font-size wp-elements-ae03f8f852355279135deee5be0ec47e\"><em><strong>Finanse i sk\u0142adki cz\u0142onkowskie<\/strong>: Przedstawiono stan finans\u00f3w obu organizacji oraz om\u00f3wiono kwestie zwi\u0105zane z op\u0142acaniem sk\u0142adek cz\u0142onkowskich. Zaproponowano r\u00f3wnie\u017c zmiany w wysoko\u015bci sk\u0142adek oraz terminy ich p\u0142atno\u015bci.<\/em><\/li>\n\n\n\n<li class=\"has-vivid-cyan-blue-color has-text-color has-link-color has-medium-font-size wp-elements-84c64b682a02fedc7d10e109d8c80044\"><em><strong>Wsp\u00f3\u0142praca z innymi organizacjami<\/strong>: Przedstawiono mo\u017cliwo\u015bci nawi\u0105zania wsp\u00f3\u0142pracy z innymi stowarzyszeniami i organizacjami, w celu wymiany do\u015bwiadcze\u0144 i realizacji wsp\u00f3lnych projekt\u00f3w.<\/em><\/li>\n\n\n\n<li class=\"has-vivid-cyan-blue-color has-text-color has-link-color has-medium-font-size wp-elements-3dc024b3f1a4250ec57965d9bba6240e\"><em><strong>Sprawy bie\u017c\u0105ce<\/strong>: Poruszono r\u00f3\u017cne kwestie bie\u017c\u0105ce, w tym problemy i wyzwania, z jakimi borykaj\u0105 si\u0119 cz\u0142onkowie obu organizacji, oraz propozycje rozwi\u0105za\u0144. <\/em><\/li>\n\n\n\n<li class=\"has-vivid-cyan-blue-color has-text-color has-link-color has-medium-font-size wp-elements-8784bc084bbedd228724c31eadeae545\"><em>Znalaz\u0142 si\u0119 r\u00f3wnie\u017c czas na wr\u0119czenie wyr\u00f3\u017cnie\u0144. <\/em><\/li>\n\n\n\n<li class=\"has-vivid-cyan-blue-color has-text-color has-link-color has-medium-font-size wp-elements-2ac52b21e6993233791edd276808d9fd\"><em>pp\u0142k. w st. sp. J\u00f3zef Bednarz przedstawi\u0142 propozycj\u0119 realizacji Historycznej \u015acie\u017cki w naszym mie\u015bcie od czas\u00f3w przedwojennych do dzisiaj.<\/em><\/li>\n<\/ol>\n\n\n\n<p style=\"font-size:10px\"><em>Foto Antoni Budzi\u0144ski<\/em><\/p>\n\n\n\n<figure class=\"wp-block-gallery has-nested-images columns-default is-cropped wp-block-gallery-1 is-layout-flex wp-block-gallery-is-layout-flex\">\n<figure class=\"wp-block-image size-large\"><img loading=\"lazy\" decoding=\"async\" width=\"850\" height=\"638\" data-id=\"1777\" src=\"https:\/\/www.sslwrp.goleniow.net.pl\/wp-content\/uploads\/2025\/01\/Prezes.jpg\" alt=\"\" class=\"wp-image-1777\" srcset=\"https:\/\/www.sslwrp.goleniow.net.pl\/wp-content\/uploads\/2025\/01\/Prezes.jpg 850w, https:\/\/www.sslwrp.goleniow.net.pl\/wp-content\/uploads\/2025\/01\/Prezes-300x225.jpg 300w, https:\/\/www.sslwrp.goleniow.net.pl\/wp-content\/uploads\/2025\/01\/Prezes-768x576.jpg 768w\" sizes=\"auto, (max-width: 850px) 100vw, 850px\" \/><\/figure>\n\n\n\n<figure class=\"wp-block-image size-large\"><img loading=\"lazy\" decoding=\"async\" width=\"850\" height=\"638\" data-id=\"1769\" src=\"https:\/\/www.sslwrp.goleniow.net.pl\/wp-content\/uploads\/2025\/01\/zebr.jpg\" alt=\"\" class=\"wp-image-1769\" srcset=\"https:\/\/www.sslwrp.goleniow.net.pl\/wp-content\/uploads\/2025\/01\/zebr.jpg 850w, https:\/\/www.sslwrp.goleniow.net.pl\/wp-content\/uploads\/2025\/01\/zebr-300x225.jpg 300w, https:\/\/www.sslwrp.goleniow.net.pl\/wp-content\/uploads\/2025\/01\/zebr-768x576.jpg 768w\" sizes=\"auto, (max-width: 850px) 100vw, 850px\" \/><\/figure>\n\n\n\n<figure class=\"wp-block-image size-large\"><img loading=\"lazy\" decoding=\"async\" width=\"850\" height=\"638\" data-id=\"1768\" src=\"https:\/\/www.sslwrp.goleniow.net.pl\/wp-content\/uploads\/2025\/01\/zebra.jpg\" alt=\"\" class=\"wp-image-1768\" srcset=\"https:\/\/www.sslwrp.goleniow.net.pl\/wp-content\/uploads\/2025\/01\/zebra.jpg 850w, https:\/\/www.sslwrp.goleniow.net.pl\/wp-content\/uploads\/2025\/01\/zebra-300x225.jpg 300w, https:\/\/www.sslwrp.goleniow.net.pl\/wp-content\/uploads\/2025\/01\/zebra-768x576.jpg 768w\" sizes=\"auto, (max-width: 850px) 100vw, 850px\" \/><\/figure>\n\n\n\n<figure class=\"wp-block-image size-large\"><img loading=\"lazy\" decoding=\"async\" width=\"638\" height=\"850\" data-id=\"1776\" src=\"https:\/\/www.sslwrp.goleniow.net.pl\/wp-content\/uploads\/2025\/01\/wyr1.jpg\" alt=\"\" class=\"wp-image-1776\" srcset=\"https:\/\/www.sslwrp.goleniow.net.pl\/wp-content\/uploads\/2025\/01\/wyr1.jpg 638w, https:\/\/www.sslwrp.goleniow.net.pl\/wp-content\/uploads\/2025\/01\/wyr1-225x300.jpg 225w\" sizes=\"auto, (max-width: 638px) 100vw, 638px\" \/><\/figure>\n\n\n\n<figure class=\"wp-block-image size-large\"><img loading=\"lazy\" decoding=\"async\" width=\"638\" height=\"850\" data-id=\"1775\" src=\"https:\/\/www.sslwrp.goleniow.net.pl\/wp-content\/uploads\/2025\/01\/wyr2.jpg\" alt=\"\" class=\"wp-image-1775\" srcset=\"https:\/\/www.sslwrp.goleniow.net.pl\/wp-content\/uploads\/2025\/01\/wyr2.jpg 638w, https:\/\/www.sslwrp.goleniow.net.pl\/wp-content\/uploads\/2025\/01\/wyr2-225x300.jpg 225w\" sizes=\"auto, (max-width: 638px) 100vw, 638px\" \/><\/figure>\n\n\n\n<figure class=\"wp-block-image size-large\"><img loading=\"lazy\" decoding=\"async\" width=\"638\" height=\"850\" data-id=\"1774\" src=\"https:\/\/www.sslwrp.goleniow.net.pl\/wp-content\/uploads\/2025\/01\/wyr3.jpg\" alt=\"\" class=\"wp-image-1774\" srcset=\"https:\/\/www.sslwrp.goleniow.net.pl\/wp-content\/uploads\/2025\/01\/wyr3.jpg 638w, https:\/\/www.sslwrp.goleniow.net.pl\/wp-content\/uploads\/2025\/01\/wyr3-225x300.jpg 225w\" sizes=\"auto, (max-width: 638px) 100vw, 638px\" \/><\/figure>\n\n\n\n<figure class=\"wp-block-image size-large\"><img loading=\"lazy\" decoding=\"async\" width=\"638\" height=\"850\" data-id=\"1773\" src=\"https:\/\/www.sslwrp.goleniow.net.pl\/wp-content\/uploads\/2025\/01\/wyr4.jpg\" alt=\"\" class=\"wp-image-1773\" srcset=\"https:\/\/www.sslwrp.goleniow.net.pl\/wp-content\/uploads\/2025\/01\/wyr4.jpg 638w, https:\/\/www.sslwrp.goleniow.net.pl\/wp-content\/uploads\/2025\/01\/wyr4-225x300.jpg 225w\" sizes=\"auto, (max-width: 638px) 100vw, 638px\" \/><\/figure>\n\n\n\n<figure class=\"wp-block-image size-large\"><img loading=\"lazy\" decoding=\"async\" width=\"638\" height=\"850\" data-id=\"1772\" src=\"https:\/\/www.sslwrp.goleniow.net.pl\/wp-content\/uploads\/2025\/01\/wyr5.jpg\" alt=\"\" class=\"wp-image-1772\" srcset=\"https:\/\/www.sslwrp.goleniow.net.pl\/wp-content\/uploads\/2025\/01\/wyr5.jpg 638w, https:\/\/www.sslwrp.goleniow.net.pl\/wp-content\/uploads\/2025\/01\/wyr5-225x300.jpg 225w\" sizes=\"auto, (max-width: 638px) 100vw, 638px\" \/><\/figure>\n\n\n\n<figure class=\"wp-block-image size-large\"><img loading=\"lazy\" decoding=\"async\" width=\"638\" height=\"850\" data-id=\"1771\" src=\"https:\/\/www.sslwrp.goleniow.net.pl\/wp-content\/uploads\/2025\/01\/wyr6.jpg\" alt=\"\" class=\"wp-image-1771\" srcset=\"https:\/\/www.sslwrp.goleniow.net.pl\/wp-content\/uploads\/2025\/01\/wyr6.jpg 638w, https:\/\/www.sslwrp.goleniow.net.pl\/wp-content\/uploads\/2025\/01\/wyr6-225x300.jpg 225w\" sizes=\"auto, (max-width: 638px) 100vw, 638px\" \/><\/figure>\n\n\n\n<figure class=\"wp-block-image size-large\"><img loading=\"lazy\" decoding=\"async\" width=\"850\" height=\"638\" data-id=\"1770\" src=\"https:\/\/www.sslwrp.goleniow.net.pl\/wp-content\/uploads\/2025\/01\/wyroznieni.jpg\" alt=\"\" class=\"wp-image-1770\" srcset=\"https:\/\/www.sslwrp.goleniow.net.pl\/wp-content\/uploads\/2025\/01\/wyroznieni.jpg 850w, https:\/\/www.sslwrp.goleniow.net.pl\/wp-content\/uploads\/2025\/01\/wyroznieni-300x225.jpg 300w, https:\/\/www.sslwrp.goleniow.net.pl\/wp-content\/uploads\/2025\/01\/wyroznieni-768x576.jpg 768w\" sizes=\"auto, (max-width: 850px) 100vw, 850px\" \/><\/figure>\n<\/figure>\n\n\n\n<p><\/p>\n","protected":false},"excerpt":{"rendered":"<p>Spotkanie Stowarzyszenia Senior\u00f3w Lotnictwa Wojskowego Rzeczpospolitej Polskiej (SSLW RP) oraz Zwi\u0105zku \u017bo\u0142nierzy Wojska Polskiego (Z\u017bWP) odby\u0142o si\u0119 18 stycznia 2025 roku w Goleniowie zgodnie z<\/p>\n","protected":false},"author":1,"featured_media":0,"parent":0,"menu_order":0,"comment_status":"closed","ping_status":"closed","template":"","meta":{"footnotes":""},"class_list":["post-1778","page","type-page","status-publish","hentry"],"_links":{"self":[{"href":"https:\/\/www.sslwrp.goleniow.net.pl\/index.php?rest_route=\/wp\/v2\/pages\/1778","targetHints":{"allow":["GET"]}}],"collection":[{"href":"https:\/\/www.sslwrp.goleniow.net.pl\/index.php?rest_route=\/wp\/v2\/pages"}],"about":[{"href":"https:\/\/www.sslwrp.goleniow.net.pl\/index.php?rest_route=\/wp\/v2\/types\/page"}],"author":[{"embeddable":true,"href":"https:\/\/www.sslwrp.goleniow.net.pl\/index.php?rest_route=\/wp\/v2\/users\/1"}],"replies":[{"embeddable":true,"href":"https:\/\/www.sslwrp.goleniow.net.pl\/index.php?rest_route=%2Fwp%2Fv2%2Fcomments&post=1778"}],"version-history":[{"count":3,"href":"https:\/\/www.sslwrp.goleniow.net.pl\/index.php?rest_route=\/wp\/v2\/pages\/1778\/revisions"}],"predecessor-version":[{"id":1785,"href":"https:\/\/www.sslwrp.goleniow.net.pl\/index.php?rest_route=\/wp\/v2\/pages\/1778\/revisions\/1785"}],"wp:attachment":[{"href":"https:\/\/www.sslwrp.goleniow.net.pl\/index.php?rest_route=%2Fwp%2Fv2%2Fmedia&parent=1778"}],"curies":[{"name":"wp","href":"https:\/\/api.w.org\/{rel}","templated":true}]}}