{"id":1700,"date":"2024-10-28T20:13:46","date_gmt":"2024-10-28T20:13:46","guid":{"rendered":"https:\/\/www.sslwrp.goleniow.net.pl\/?page_id=1700"},"modified":"2024-10-28T20:31:28","modified_gmt":"2024-10-28T20:31:28","slug":"wieslaw-sielecki","status":"publish","type":"page","link":"https:\/\/www.sslwrp.goleniow.net.pl\/?page_id=1700","title":{"rendered":"Wies\u0142aw Sielecki"},"content":{"rendered":"<div class=\"wp-block-image\">\n<figure class=\"aligncenter size-full is-resized\"><img loading=\"lazy\" decoding=\"async\" width=\"328\" height=\"419\" src=\"https:\/\/www.sslwrp.goleniow.net.pl\/wp-content\/uploads\/2024\/09\/sielecki.jpg\" alt=\"\" class=\"wp-image-1695\" style=\"width:115px;height:auto\" srcset=\"https:\/\/www.sslwrp.goleniow.net.pl\/wp-content\/uploads\/2024\/09\/sielecki.jpg 328w, https:\/\/www.sslwrp.goleniow.net.pl\/wp-content\/uploads\/2024\/09\/sielecki-235x300.jpg 235w\" sizes=\"auto, (max-width: 328px) 100vw, 328px\" \/><\/figure>\n<\/div>\n\n\n<p class=\"has-medium-font-size\"><strong>Szanowni Pa\u0144stwo, 25 wrze\u015bnia 2024r. w okolicach miejscowo\u015bci Otomino ko\u0142o Gda\u0144ska, w wypadku samochodowym zgin\u0105\u0142 nasz Kolega, kpt. w st. spocz. Wies\u0142aw Sielecki z \u017bon\u0105 Stanis\u0142aw\u0105. Odszed\u0142 na Wieczn\u0105 Wart\u0119 cz\u0142owiek bez reszty oddany s\u0142u\u017cbie dla Ojczyzny, \u015bwietny fachowiec i sportowiec (najlepszy tenisista sto\u0142owy w Wojskach Lotniczych). Rodzinie Zmar\u0142ych sk\u0142adamy najserdeczniejsze wyrazy wsp\u00f3\u0142czucia. Niech Spoczywaj\u0105 w spokoju.<\/strong><\/p>\n\n\n<div class=\"wp-block-image\">\n<figure class=\"aligncenter size-full\"><img loading=\"lazy\" decoding=\"async\" width=\"82\" height=\"70\" src=\"https:\/\/www.sslwrp.goleniow.net.pl\/wp-content\/uploads\/2022\/10\/znicz.gif\" alt=\"znicz\" class=\"wp-image-449\"\/><\/figure>\n<\/div>","protected":false},"excerpt":{"rendered":"<p>Szanowni Pa\u0144stwo, 25 wrze\u015bnia 2024r. w okolicach miejscowo\u015bci Otomino ko\u0142o Gda\u0144ska, w wypadku samochodowym zgin\u0105\u0142 nasz Kolega, kpt. w st. spocz. Wies\u0142aw Sielecki z \u017bon\u0105<\/p>\n","protected":false},"author":1,"featured_media":0,"parent":0,"menu_order":0,"comment_status":"closed","ping_status":"closed","template":"","meta":{"footnotes":""},"class_list":["post-1700","page","type-page","status-publish","hentry"],"_links":{"self":[{"href":"https:\/\/www.sslwrp.goleniow.net.pl\/index.php?rest_route=\/wp\/v2\/pages\/1700","targetHints":{"allow":["GET"]}}],"collection":[{"href":"https:\/\/www.sslwrp.goleniow.net.pl\/index.php?rest_route=\/wp\/v2\/pages"}],"about":[{"href":"https:\/\/www.sslwrp.goleniow.net.pl\/index.php?rest_route=\/wp\/v2\/types\/page"}],"author":[{"embeddable":true,"href":"https:\/\/www.sslwrp.goleniow.net.pl\/index.php?rest_route=\/wp\/v2\/users\/1"}],"replies":[{"embeddable":true,"href":"https:\/\/www.sslwrp.goleniow.net.pl\/index.php?rest_route=%2Fwp%2Fv2%2Fcomments&post=1700"}],"version-history":[{"count":2,"href":"https:\/\/www.sslwrp.goleniow.net.pl\/index.php?rest_route=\/wp\/v2\/pages\/1700\/revisions"}],"predecessor-version":[{"id":1710,"href":"https:\/\/www.sslwrp.goleniow.net.pl\/index.php?rest_route=\/wp\/v2\/pages\/1700\/revisions\/1710"}],"wp:attachment":[{"href":"https:\/\/www.sslwrp.goleniow.net.pl\/index.php?rest_route=%2Fwp%2Fv2%2Fmedia&parent=1700"}],"curies":[{"name":"wp","href":"https:\/\/api.w.org\/{rel}","templated":true}]}}