{"id":1641,"date":"2024-09-23T21:02:23","date_gmt":"2024-09-23T21:02:23","guid":{"rendered":"https:\/\/www.sslwrp.goleniow.net.pl\/?page_id=1641"},"modified":"2025-05-30T13:33:47","modified_gmt":"2025-05-30T13:33:47","slug":"spotkanie-z-okazji-20-lecia-oddzialu","status":"publish","type":"page","link":"https:\/\/www.sslwrp.goleniow.net.pl\/?page_id=1641","title":{"rendered":"Spotkanie z okazji 20-lecia oddzia\u0142u"},"content":{"rendered":"\n<p class=\"has-vivid-cyan-blue-color has-text-color has-link-color has-medium-font-size wp-elements-a7b5474685e6d9e737d0ec66d2e60f89\"><strong><em>Spotkanie rozpocz\u0119\u0142o si\u0119 w zaplanowanym terminie. Prezes naszego stowarzyszenia, Zbigniew Skowro\u0144ski przywita\u0142 zaproszonych go\u015bci oraz przyby\u0142ych na t\u0119 uroczysto\u015b\u0107 cz\u0142onk\u00f3w stowarzyszenia i sympatyk\u00f3w lotnictwa. Przedstawi\u0142 histori\u0119 ko\u0142a SSLW RP w Goleniowie podpart\u0105 pokazem fotografii dokumentuj\u0105cych dzia\u0142alno\u015b\u0107 stowarzyszenia. G\u0142os zabrali zaproszeni go\u015bcie:<\/em><\/strong><\/p>\n\n\n\n<p class=\"has-vivid-cyan-blue-color has-text-color has-link-color has-medium-font-size wp-elements-8ba88e0c726a55de748eec780d9b9d81\"><strong><em>&#8211; przedstawiciel Zarz\u0105du G\u0142\u00f3wnego SSLW RP p\u0142k dypl. nawig. Jan FICERMAN<\/em><\/strong><\/p>\n\n\n\n<p class=\"has-vivid-cyan-blue-color has-text-color has-link-color has-medium-font-size wp-elements-ebba4fc1a16d0e35261f84703296bb3f\"><em><strong>&#8211; Burmistrz Gminy Goleni\u00f3w Krzysztof SYPIE\u0143<\/strong><\/em><\/p>\n\n\n\n<p class=\"has-vivid-cyan-blue-color has-text-color has-link-color has-medium-font-size wp-elements-6a2571595fddfa0af3c723ed56f77314\"><strong><em>&#8211; Sekretarz Gminy &nbsp;Agnieszka WR\u00d3BLEWSKA&nbsp;<\/em><\/strong><\/p>\n\n\n\n<p class=\"has-vivid-cyan-blue-color has-text-color has-link-color has-medium-font-size wp-elements-2e14df3cd29958287e15f7214b95aad7\"><strong><em>&#8211; Przewodnicz\u0105ca Goleniowskiej Rady Senior\u00f3w Marzenna BUDEK&nbsp;<\/em><\/strong><\/p>\n\n\n\n<blockquote class=\"wp-block-quote is-layout-flow wp-block-quote-is-layout-flow\">\n<blockquote class=\"wp-block-quote has-medium-font-size is-layout-flow wp-block-quote-is-layout-flow\">\n<p>     <em>Po rozwi\u0105zaniu 2 plm &#8222;Krak\u00f3w&#8221; pozosta\u0142a w Goleniowie cz\u0119\u015b\u0107 oficer\u00f3w rezerwy d\u0105\u017cy\u0142a do utworzenia organizacji maj\u0105cej na celu integracj\u0119 \u015brodowiska. Dzi\u0119ki staraniom kilku koleg\u00f3w zawi\u0105zany zosta\u0142 Komitet Za\u0142o\u017cycielski, kt\u00f3ry doprowadzi\u0142 do powstania &#8211; w ramach og\u00f3lnokrajowego Stowarzyszenia &#8211; naszego Oddzia\u0142u w Goleniowie. <\/em><\/p>\n\n\n\n<p class=\"has-vivid-green-cyan-color has-text-color has-link-color wp-elements-4d5fdafbcdc76b95294380c68c61d947\"><em><strong>W dniu 08.06.2004r. odby\u0142o si\u0119 zebranie za\u0142o\u017cycielskie<\/strong> w kt\u00f3rym uczestniczy\u0142o 19 koleg\u00f3w. Na podstawie Uchwa\u0142y Nr. 24 Zarz\u0105du G\u0142\u00f3wnego SSLWRP z dnia 05.10.2004r.&nbsp; zosta\u0142 formalnie powo\u0142any Oddzia\u0142 Goleniowski.<\/em><\/p>\n\n\n\n<p><em><strong>Pierwszym Prezesem Oddzia\u0142u wybrany zosta\u0142 kol. Jacek Adamczyk.<\/strong> Po wyborach w dniu 12.01.2007r. funkcj\u0119 Prezesa Oddzia\u0142u pe\u0142ni\u0142 wybrany na to stanowisko kolega W\u0142adys\u0142aw Puczko, a po Jego odej\u015bciu (zmar\u0142 31.01.2013r.) obowi\u0105zki te na mocy uchwa\u0142y zarz\u0105du do ko\u0144ca kadencji pe\u0142ni\u0142 dotychczasowy wiceprezes kol. Zbigniew Skowro\u0144ski. Walne zebranie Oddzia\u0142u w dniu 12.XII.2014r. jednomy\u015blnie prolongowa\u0142o istniej\u0105ce status quo na kolejn\u0105 kadencj\u0119. Ponadto sk\u0142ad zarz\u0105du tworz\u0105 koledzy: Antoni Borys (sekretarz), Kazimierz Milewski (skarbnik), Maciej Przychodzie\u0144 (rzecznik dyscyplinarny) oraz Antoni Budzi\u0144ski (cz\u0142onek zarz\u0105du)<\/em>.<\/p>\n<cite><em>Z historii oddzia\u0142u&#8230;<\/em><\/cite><\/blockquote>\n<\/blockquote>\n\n\n\n<p class=\"has-small-font-size\"><em>Aby powi\u0119kszy\u0107 obraz kliknij na fotk\u0119<\/em><\/p>\n\n\n\n<figure class=\"wp-block-gallery has-nested-images columns-4 is-cropped wp-block-gallery-1 is-layout-flex wp-block-gallery-is-layout-flex\">\n<figure class=\"wp-block-image size-large\"><a href=\"https:\/\/www.sslwrp.goleniow.net.pl\/wp-content\/uploads\/2024\/09\/prezes.jpg\" target=\"_blank\" rel=\"noreferrer noopener\"><img loading=\"lazy\" decoding=\"async\" width=\"638\" height=\"850\" data-id=\"1648\" src=\"https:\/\/www.sslwrp.goleniow.net.pl\/wp-content\/uploads\/2024\/09\/prezes.jpg\" alt=\"\" class=\"wp-image-1648\" srcset=\"https:\/\/www.sslwrp.goleniow.net.pl\/wp-content\/uploads\/2024\/09\/prezes.jpg 638w, https:\/\/www.sslwrp.goleniow.net.pl\/wp-content\/uploads\/2024\/09\/prezes-225x300.jpg 225w\" sizes=\"auto, (max-width: 638px) 100vw, 638px\" \/><\/a><\/figure>\n\n\n\n<figure class=\"wp-block-image size-large\"><a href=\"https:\/\/www.sslwrp.goleniow.net.pl\/wp-content\/uploads\/2024\/09\/Ficerman.jpg\" target=\"_blank\" rel=\"noreferrer noopener\"><img loading=\"lazy\" decoding=\"async\" width=\"850\" height=\"638\" data-id=\"1645\" src=\"https:\/\/www.sslwrp.goleniow.net.pl\/wp-content\/uploads\/2024\/09\/Ficerman.jpg\" alt=\"\" class=\"wp-image-1645\" srcset=\"https:\/\/www.sslwrp.goleniow.net.pl\/wp-content\/uploads\/2024\/09\/Ficerman.jpg 850w, https:\/\/www.sslwrp.goleniow.net.pl\/wp-content\/uploads\/2024\/09\/Ficerman-300x225.jpg 300w, https:\/\/www.sslwrp.goleniow.net.pl\/wp-content\/uploads\/2024\/09\/Ficerman-768x576.jpg 768w\" sizes=\"auto, (max-width: 850px) 100vw, 850px\" \/><\/a><\/figure>\n\n\n\n<figure class=\"wp-block-image size-large\"><a href=\"https:\/\/www.sslwrp.goleniow.net.pl\/wp-content\/uploads\/2024\/09\/goscie.jpg\" target=\"_blank\" rel=\"noreferrer noopener\"><img loading=\"lazy\" decoding=\"async\" width=\"850\" height=\"638\" data-id=\"1646\" src=\"https:\/\/www.sslwrp.goleniow.net.pl\/wp-content\/uploads\/2024\/09\/goscie.jpg\" alt=\"\" class=\"wp-image-1646\" srcset=\"https:\/\/www.sslwrp.goleniow.net.pl\/wp-content\/uploads\/2024\/09\/goscie.jpg 850w, https:\/\/www.sslwrp.goleniow.net.pl\/wp-content\/uploads\/2024\/09\/goscie-300x225.jpg 300w, https:\/\/www.sslwrp.goleniow.net.pl\/wp-content\/uploads\/2024\/09\/goscie-768x576.jpg 768w\" sizes=\"auto, (max-width: 850px) 100vw, 850px\" \/><\/a><\/figure>\n\n\n\n<figure class=\"wp-block-image size-large\"><a href=\"https:\/\/www.sslwrp.goleniow.net.pl\/wp-content\/uploads\/2024\/09\/Marzena.jpg\" target=\"_blank\" rel=\"noreferrer noopener\"><img loading=\"lazy\" decoding=\"async\" width=\"850\" height=\"638\" data-id=\"1657\" src=\"https:\/\/www.sslwrp.goleniow.net.pl\/wp-content\/uploads\/2024\/09\/Marzena.jpg\" alt=\"\" class=\"wp-image-1657\" srcset=\"https:\/\/www.sslwrp.goleniow.net.pl\/wp-content\/uploads\/2024\/09\/Marzena.jpg 850w, https:\/\/www.sslwrp.goleniow.net.pl\/wp-content\/uploads\/2024\/09\/Marzena-300x225.jpg 300w, https:\/\/www.sslwrp.goleniow.net.pl\/wp-content\/uploads\/2024\/09\/Marzena-768x576.jpg 768w\" sizes=\"auto, (max-width: 850px) 100vw, 850px\" \/><\/a><\/figure>\n<\/figure>\n\n\n\n<p class=\"has-vivid-cyan-blue-color has-text-color has-link-color has-medium-font-size wp-elements-b6a493a55bf6cb8ce5d6182a79ff65c3\"><strong><em>Po cz\u0119\u015bci oficjalnej nadszed\u0142 czas na wyr\u00f3\u017cnienia i wymian\u0119 upomink\u00f3w z przedstawicielem zarz\u0105du g\u0142\u00f3wnego. Mi\u0142ym akcentem by\u0142o wst\u0105pienie w szeregi SSLW RP nowego cz\u0142onka.<\/em><\/strong><\/p>\n\n\n\n<figure class=\"wp-block-gallery has-nested-images columns-4 is-cropped wp-block-gallery-2 is-layout-flex wp-block-gallery-is-layout-flex\">\n<figure class=\"wp-block-image size-large\"><a href=\"https:\/\/www.sslwrp.goleniow.net.pl\/wp-content\/uploads\/2024\/09\/medale.jpg\" target=\"_blank\" rel=\"noreferrer noopener\"><img loading=\"lazy\" decoding=\"async\" width=\"850\" height=\"638\" data-id=\"1647\" src=\"https:\/\/www.sslwrp.goleniow.net.pl\/wp-content\/uploads\/2024\/09\/medale.jpg\" alt=\"\" class=\"wp-image-1647\" srcset=\"https:\/\/www.sslwrp.goleniow.net.pl\/wp-content\/uploads\/2024\/09\/medale.jpg 850w, https:\/\/www.sslwrp.goleniow.net.pl\/wp-content\/uploads\/2024\/09\/medale-300x225.jpg 300w, https:\/\/www.sslwrp.goleniow.net.pl\/wp-content\/uploads\/2024\/09\/medale-768x576.jpg 768w\" sizes=\"auto, (max-width: 850px) 100vw, 850px\" \/><\/a><\/figure>\n\n\n\n<figure class=\"wp-block-image size-large\"><a href=\"https:\/\/www.sslwrp.goleniow.net.pl\/wp-content\/uploads\/2024\/09\/wydawnictwa.jpg\" target=\"_blank\" rel=\"noreferrer noopener\"><img loading=\"lazy\" decoding=\"async\" width=\"850\" height=\"638\" data-id=\"1659\" src=\"https:\/\/www.sslwrp.goleniow.net.pl\/wp-content\/uploads\/2024\/09\/wydawnictwa.jpg\" alt=\"\" class=\"wp-image-1659\" srcset=\"https:\/\/www.sslwrp.goleniow.net.pl\/wp-content\/uploads\/2024\/09\/wydawnictwa.jpg 850w, https:\/\/www.sslwrp.goleniow.net.pl\/wp-content\/uploads\/2024\/09\/wydawnictwa-300x225.jpg 300w, https:\/\/www.sslwrp.goleniow.net.pl\/wp-content\/uploads\/2024\/09\/wydawnictwa-768x576.jpg 768w\" sizes=\"auto, (max-width: 850px) 100vw, 850px\" \/><\/a><\/figure>\n\n\n\n<figure class=\"wp-block-image size-large\"><a href=\"https:\/\/www.sslwrp.goleniow.net.pl\/wp-content\/uploads\/2024\/09\/krzyz.jpg\" target=\"_blank\" rel=\"noreferrer noopener\"><img loading=\"lazy\" decoding=\"async\" width=\"638\" height=\"850\" data-id=\"1656\" src=\"https:\/\/www.sslwrp.goleniow.net.pl\/wp-content\/uploads\/2024\/09\/krzyz.jpg\" alt=\"\" class=\"wp-image-1656\" srcset=\"https:\/\/www.sslwrp.goleniow.net.pl\/wp-content\/uploads\/2024\/09\/krzyz.jpg 638w, https:\/\/www.sslwrp.goleniow.net.pl\/wp-content\/uploads\/2024\/09\/krzyz-225x300.jpg 225w\" sizes=\"auto, (max-width: 638px) 100vw, 638px\" \/><\/a><\/figure>\n\n\n\n<figure class=\"wp-block-image size-large\"><a href=\"https:\/\/www.sslwrp.goleniow.net.pl\/wp-content\/uploads\/2024\/09\/wyroznieni.jpg\" target=\"_blank\" rel=\"noreferrer noopener\"><img loading=\"lazy\" decoding=\"async\" width=\"850\" height=\"638\" data-id=\"1660\" src=\"https:\/\/www.sslwrp.goleniow.net.pl\/wp-content\/uploads\/2024\/09\/wyroznieni.jpg\" alt=\"\" class=\"wp-image-1660\" srcset=\"https:\/\/www.sslwrp.goleniow.net.pl\/wp-content\/uploads\/2024\/09\/wyroznieni.jpg 850w, https:\/\/www.sslwrp.goleniow.net.pl\/wp-content\/uploads\/2024\/09\/wyroznieni-300x225.jpg 300w, https:\/\/www.sslwrp.goleniow.net.pl\/wp-content\/uploads\/2024\/09\/wyroznieni-768x576.jpg 768w\" sizes=\"auto, (max-width: 850px) 100vw, 850px\" \/><\/a><\/figure>\n\n\n\n<figure class=\"wp-block-image size-large\"><a href=\"https:\/\/www.sslwrp.goleniow.net.pl\/wp-content\/uploads\/2024\/09\/wyroznieni8.jpg\" target=\"_blank\" rel=\"noreferrer noopener\"><img loading=\"lazy\" decoding=\"async\" width=\"850\" height=\"638\" data-id=\"1664\" src=\"https:\/\/www.sslwrp.goleniow.net.pl\/wp-content\/uploads\/2024\/09\/wyroznieni8.jpg\" alt=\"\" class=\"wp-image-1664\" srcset=\"https:\/\/www.sslwrp.goleniow.net.pl\/wp-content\/uploads\/2024\/09\/wyroznieni8.jpg 850w, https:\/\/www.sslwrp.goleniow.net.pl\/wp-content\/uploads\/2024\/09\/wyroznieni8-300x225.jpg 300w, https:\/\/www.sslwrp.goleniow.net.pl\/wp-content\/uploads\/2024\/09\/wyroznieni8-768x576.jpg 768w\" sizes=\"auto, (max-width: 850px) 100vw, 850px\" \/><\/a><\/figure>\n\n\n\n<figure class=\"wp-block-image size-large\"><a href=\"https:\/\/www.sslwrp.goleniow.net.pl\/wp-content\/uploads\/2024\/09\/wyroznieni6.jpg\" target=\"_blank\" rel=\"noreferrer noopener\"><img loading=\"lazy\" decoding=\"async\" width=\"638\" height=\"850\" data-id=\"1662\" src=\"https:\/\/www.sslwrp.goleniow.net.pl\/wp-content\/uploads\/2024\/09\/wyroznieni6.jpg\" alt=\"\" class=\"wp-image-1662\" srcset=\"https:\/\/www.sslwrp.goleniow.net.pl\/wp-content\/uploads\/2024\/09\/wyroznieni6.jpg 638w, https:\/\/www.sslwrp.goleniow.net.pl\/wp-content\/uploads\/2024\/09\/wyroznieni6-225x300.jpg 225w\" sizes=\"auto, (max-width: 638px) 100vw, 638px\" \/><\/a><\/figure>\n\n\n\n<figure class=\"wp-block-image size-large\"><a href=\"https:\/\/www.sslwrp.goleniow.net.pl\/wp-content\/uploads\/2024\/09\/wyroznieni5.jpg\" target=\"_blank\" rel=\"noreferrer noopener\"><img loading=\"lazy\" decoding=\"async\" width=\"638\" height=\"850\" data-id=\"1653\" src=\"https:\/\/www.sslwrp.goleniow.net.pl\/wp-content\/uploads\/2024\/09\/wyroznieni5.jpg\" alt=\"\" class=\"wp-image-1653\" srcset=\"https:\/\/www.sslwrp.goleniow.net.pl\/wp-content\/uploads\/2024\/09\/wyroznieni5.jpg 638w, https:\/\/www.sslwrp.goleniow.net.pl\/wp-content\/uploads\/2024\/09\/wyroznieni5-225x300.jpg 225w\" sizes=\"auto, (max-width: 638px) 100vw, 638px\" \/><\/a><\/figure>\n\n\n\n<figure class=\"wp-block-image size-large\"><a href=\"https:\/\/www.sslwrp.goleniow.net.pl\/wp-content\/uploads\/2024\/09\/wyroznieni4.jpg\" target=\"_blank\" rel=\"noreferrer noopener\"><img loading=\"lazy\" decoding=\"async\" width=\"638\" height=\"850\" data-id=\"1652\" src=\"https:\/\/www.sslwrp.goleniow.net.pl\/wp-content\/uploads\/2024\/09\/wyroznieni4.jpg\" alt=\"\" class=\"wp-image-1652\" srcset=\"https:\/\/www.sslwrp.goleniow.net.pl\/wp-content\/uploads\/2024\/09\/wyroznieni4.jpg 638w, https:\/\/www.sslwrp.goleniow.net.pl\/wp-content\/uploads\/2024\/09\/wyroznieni4-225x300.jpg 225w\" sizes=\"auto, (max-width: 638px) 100vw, 638px\" \/><\/a><\/figure>\n\n\n\n<figure class=\"wp-block-image size-large\"><a href=\"https:\/\/www.sslwrp.goleniow.net.pl\/wp-content\/uploads\/2024\/09\/wyroznieni1.jpg\" target=\"_blank\" rel=\"noreferrer noopener\"><img loading=\"lazy\" decoding=\"async\" width=\"850\" height=\"638\" data-id=\"1661\" src=\"https:\/\/www.sslwrp.goleniow.net.pl\/wp-content\/uploads\/2024\/09\/wyroznieni1.jpg\" alt=\"\" class=\"wp-image-1661\" srcset=\"https:\/\/www.sslwrp.goleniow.net.pl\/wp-content\/uploads\/2024\/09\/wyroznieni1.jpg 850w, https:\/\/www.sslwrp.goleniow.net.pl\/wp-content\/uploads\/2024\/09\/wyroznieni1-300x225.jpg 300w, https:\/\/www.sslwrp.goleniow.net.pl\/wp-content\/uploads\/2024\/09\/wyroznieni1-768x576.jpg 768w\" sizes=\"auto, (max-width: 850px) 100vw, 850px\" \/><\/a><\/figure>\n\n\n\n<figure class=\"wp-block-image size-large\"><a href=\"https:\/\/www.sslwrp.goleniow.net.pl\/wp-content\/uploads\/2024\/09\/wyroznieni3.jpg\" target=\"_blank\" rel=\"noreferrer noopener\"><img loading=\"lazy\" decoding=\"async\" width=\"850\" height=\"638\" data-id=\"1651\" src=\"https:\/\/www.sslwrp.goleniow.net.pl\/wp-content\/uploads\/2024\/09\/wyroznieni3.jpg\" alt=\"\" class=\"wp-image-1651\" srcset=\"https:\/\/www.sslwrp.goleniow.net.pl\/wp-content\/uploads\/2024\/09\/wyroznieni3.jpg 850w, https:\/\/www.sslwrp.goleniow.net.pl\/wp-content\/uploads\/2024\/09\/wyroznieni3-300x225.jpg 300w, https:\/\/www.sslwrp.goleniow.net.pl\/wp-content\/uploads\/2024\/09\/wyroznieni3-768x576.jpg 768w\" sizes=\"auto, (max-width: 850px) 100vw, 850px\" \/><\/a><\/figure>\n\n\n\n<figure class=\"wp-block-image size-large\"><a href=\"https:\/\/www.sslwrp.goleniow.net.pl\/wp-content\/uploads\/2024\/09\/wyroznieni2.jpg\" target=\"_blank\" rel=\"noreferrer noopener\"><img loading=\"lazy\" decoding=\"async\" width=\"850\" height=\"638\" data-id=\"1650\" src=\"https:\/\/www.sslwrp.goleniow.net.pl\/wp-content\/uploads\/2024\/09\/wyroznieni2.jpg\" alt=\"\" class=\"wp-image-1650\" srcset=\"https:\/\/www.sslwrp.goleniow.net.pl\/wp-content\/uploads\/2024\/09\/wyroznieni2.jpg 850w, https:\/\/www.sslwrp.goleniow.net.pl\/wp-content\/uploads\/2024\/09\/wyroznieni2-300x225.jpg 300w, https:\/\/www.sslwrp.goleniow.net.pl\/wp-content\/uploads\/2024\/09\/wyroznieni2-768x576.jpg 768w\" sizes=\"auto, (max-width: 850px) 100vw, 850px\" \/><\/a><\/figure>\n\n\n\n<figure class=\"wp-block-image size-large\"><a href=\"https:\/\/www.sslwrp.goleniow.net.pl\/wp-content\/uploads\/2024\/09\/Krupa1.jpg\" target=\"_blank\" rel=\"noreferrer noopener\"><img loading=\"lazy\" decoding=\"async\" width=\"638\" height=\"850\" data-id=\"1655\" src=\"https:\/\/www.sslwrp.goleniow.net.pl\/wp-content\/uploads\/2024\/09\/Krupa1.jpg\" alt=\"\" class=\"wp-image-1655\" srcset=\"https:\/\/www.sslwrp.goleniow.net.pl\/wp-content\/uploads\/2024\/09\/Krupa1.jpg 638w, https:\/\/www.sslwrp.goleniow.net.pl\/wp-content\/uploads\/2024\/09\/Krupa1-225x300.jpg 225w\" sizes=\"auto, (max-width: 638px) 100vw, 638px\" \/><\/a><\/figure>\n<\/figure>\n\n\n\n<p class=\"has-vivid-cyan-blue-color has-text-color has-link-color has-medium-font-size wp-elements-12af911e978491237ffdd9c146e6e43c\"><strong><em>Z okazji 20-lecia Goleniowskiego SSLW RP Burmistrz Gminy zafundowa\u0142 pocz\u0119stunek smacznym okazjonalnym tortem.<\/em><\/strong><\/p>\n\n\n\n<figure class=\"wp-block-gallery has-nested-images columns-5 is-cropped wp-block-gallery-3 is-layout-flex wp-block-gallery-is-layout-flex\">\n<figure class=\"wp-block-image size-large\"><a href=\"https:\/\/www.sslwrp.goleniow.net.pl\/wp-content\/uploads\/2024\/09\/Burmistrz.jpg\" target=\"_blank\" rel=\"noreferrer noopener\"><img loading=\"lazy\" decoding=\"async\" width=\"638\" height=\"850\" data-id=\"1643\" src=\"https:\/\/www.sslwrp.goleniow.net.pl\/wp-content\/uploads\/2024\/09\/Burmistrz.jpg\" alt=\"\" class=\"wp-image-1643\" srcset=\"https:\/\/www.sslwrp.goleniow.net.pl\/wp-content\/uploads\/2024\/09\/Burmistrz.jpg 638w, https:\/\/www.sslwrp.goleniow.net.pl\/wp-content\/uploads\/2024\/09\/Burmistrz-225x300.jpg 225w\" sizes=\"auto, (max-width: 638px) 100vw, 638px\" \/><\/a><\/figure>\n\n\n\n<figure class=\"wp-block-image size-large\"><a href=\"https:\/\/www.sslwrp.goleniow.net.pl\/wp-content\/uploads\/2024\/09\/tort.jpg\" target=\"_blank\" rel=\"noreferrer noopener\"><img loading=\"lazy\" decoding=\"async\" width=\"850\" height=\"638\" data-id=\"1640\" src=\"https:\/\/www.sslwrp.goleniow.net.pl\/wp-content\/uploads\/2024\/09\/tort.jpg\" alt=\"\" class=\"wp-image-1640\" srcset=\"https:\/\/www.sslwrp.goleniow.net.pl\/wp-content\/uploads\/2024\/09\/tort.jpg 850w, https:\/\/www.sslwrp.goleniow.net.pl\/wp-content\/uploads\/2024\/09\/tort-300x225.jpg 300w, https:\/\/www.sslwrp.goleniow.net.pl\/wp-content\/uploads\/2024\/09\/tort-768x576.jpg 768w\" sizes=\"auto, (max-width: 850px) 100vw, 850px\" \/><\/a><\/figure>\n\n\n\n<figure class=\"wp-block-image size-large\"><a href=\"https:\/\/www.sslwrp.goleniow.net.pl\/wp-content\/uploads\/2024\/09\/towarzystwo.jpg\" target=\"_blank\" rel=\"noreferrer noopener\"><img loading=\"lazy\" decoding=\"async\" width=\"850\" height=\"638\" data-id=\"1649\" src=\"https:\/\/www.sslwrp.goleniow.net.pl\/wp-content\/uploads\/2024\/09\/towarzystwo.jpg\" alt=\"\" class=\"wp-image-1649\" srcset=\"https:\/\/www.sslwrp.goleniow.net.pl\/wp-content\/uploads\/2024\/09\/towarzystwo.jpg 850w, https:\/\/www.sslwrp.goleniow.net.pl\/wp-content\/uploads\/2024\/09\/towarzystwo-300x225.jpg 300w, https:\/\/www.sslwrp.goleniow.net.pl\/wp-content\/uploads\/2024\/09\/towarzystwo-768x576.jpg 768w\" sizes=\"auto, (max-width: 850px) 100vw, 850px\" \/><\/a><\/figure>\n\n\n\n<figure class=\"wp-block-image size-large\"><a href=\"https:\/\/www.sslwrp.goleniow.net.pl\/wp-content\/uploads\/2024\/09\/dzik.jpg\" target=\"_blank\" rel=\"noreferrer noopener\"><img loading=\"lazy\" decoding=\"async\" width=\"850\" height=\"638\" data-id=\"1644\" src=\"https:\/\/www.sslwrp.goleniow.net.pl\/wp-content\/uploads\/2024\/09\/dzik.jpg\" alt=\"\" class=\"wp-image-1644\" srcset=\"https:\/\/www.sslwrp.goleniow.net.pl\/wp-content\/uploads\/2024\/09\/dzik.jpg 850w, https:\/\/www.sslwrp.goleniow.net.pl\/wp-content\/uploads\/2024\/09\/dzik-300x225.jpg 300w, https:\/\/www.sslwrp.goleniow.net.pl\/wp-content\/uploads\/2024\/09\/dzik-768x576.jpg 768w\" sizes=\"auto, (max-width: 850px) 100vw, 850px\" \/><\/a><\/figure>\n\n\n\n<figure class=\"wp-block-image size-large\"><a href=\"https:\/\/www.sslwrp.goleniow.net.pl\/wp-content\/uploads\/2024\/09\/towarzystwo1.jpg\" target=\"_blank\" rel=\"noreferrer noopener\"><img loading=\"lazy\" decoding=\"async\" width=\"850\" height=\"638\" data-id=\"1658\" src=\"https:\/\/www.sslwrp.goleniow.net.pl\/wp-content\/uploads\/2024\/09\/towarzystwo1.jpg\" alt=\"\" class=\"wp-image-1658\" srcset=\"https:\/\/www.sslwrp.goleniow.net.pl\/wp-content\/uploads\/2024\/09\/towarzystwo1.jpg 850w, https:\/\/www.sslwrp.goleniow.net.pl\/wp-content\/uploads\/2024\/09\/towarzystwo1-300x225.jpg 300w, https:\/\/www.sslwrp.goleniow.net.pl\/wp-content\/uploads\/2024\/09\/towarzystwo1-768x576.jpg 768w\" sizes=\"auto, (max-width: 850px) 100vw, 850px\" \/><\/a><\/figure>\n<\/figure>\n\n\n\n<p style=\"font-size:10px\"><em>FOTO Antoni Budzi\u0144ski<\/em><\/p>\n\n\n\n<p class=\"has-vivid-cyan-blue-color has-text-color has-link-color has-medium-font-size wp-elements-ecad29cab79cb76b18b6438c69fa6878\"><strong><em>Tradycyjna biesiada przy pieczonym dziku dope\u0142ni\u0142a i umili\u0142a czas na wspominkach z czas\u00f3w funkcjonowania pu\u0142ku oraz czasy dzia\u0142alno\u015bci naszego stowarzyszenia. Spotkanie przebieg\u0142o w mi\u0142ej kole\u017ce\u0144skiej atmosferze.<\/em><\/strong><\/p>\n","protected":false},"excerpt":{"rendered":"<p>Spotkanie rozpocz\u0119\u0142o si\u0119 w zaplanowanym terminie. Prezes naszego stowarzyszenia, Zbigniew Skowro\u0144ski przywita\u0142 zaproszonych go\u015bci oraz przyby\u0142ych na t\u0119 uroczysto\u015b\u0107 cz\u0142onk\u00f3w stowarzyszenia i sympatyk\u00f3w lotnictwa. Przedstawi\u0142<\/p>\n","protected":false},"author":1,"featured_media":0,"parent":0,"menu_order":0,"comment_status":"closed","ping_status":"closed","template":"","meta":{"footnotes":""},"class_list":["post-1641","page","type-page","status-publish","hentry"],"_links":{"self":[{"href":"https:\/\/www.sslwrp.goleniow.net.pl\/index.php?rest_route=\/wp\/v2\/pages\/1641","targetHints":{"allow":["GET"]}}],"collection":[{"href":"https:\/\/www.sslwrp.goleniow.net.pl\/index.php?rest_route=\/wp\/v2\/pages"}],"about":[{"href":"https:\/\/www.sslwrp.goleniow.net.pl\/index.php?rest_route=\/wp\/v2\/types\/page"}],"author":[{"embeddable":true,"href":"https:\/\/www.sslwrp.goleniow.net.pl\/index.php?rest_route=\/wp\/v2\/users\/1"}],"replies":[{"embeddable":true,"href":"https:\/\/www.sslwrp.goleniow.net.pl\/index.php?rest_route=%2Fwp%2Fv2%2Fcomments&post=1641"}],"version-history":[{"count":17,"href":"https:\/\/www.sslwrp.goleniow.net.pl\/index.php?rest_route=\/wp\/v2\/pages\/1641\/revisions"}],"predecessor-version":[{"id":1941,"href":"https:\/\/www.sslwrp.goleniow.net.pl\/index.php?rest_route=\/wp\/v2\/pages\/1641\/revisions\/1941"}],"wp:attachment":[{"href":"https:\/\/www.sslwrp.goleniow.net.pl\/index.php?rest_route=%2Fwp%2Fv2%2Fmedia&parent=1641"}],"curies":[{"name":"wp","href":"https:\/\/api.w.org\/{rel}","templated":true}]}}