{"id":1455,"date":"2024-06-11T19:31:25","date_gmt":"2024-06-11T19:31:25","guid":{"rendered":"https:\/\/www.sslwrp.goleniow.net.pl\/?page_id=1455"},"modified":"2024-06-11T19:32:47","modified_gmt":"2024-06-11T19:32:47","slug":"jan-kacperski","status":"publish","type":"page","link":"https:\/\/www.sslwrp.goleniow.net.pl\/?page_id=1455","title":{"rendered":"Jan Kacperski"},"content":{"rendered":"<div class=\"wp-block-image\">\n<figure class=\"aligncenter size-full is-resized\"><img loading=\"lazy\" decoding=\"async\" width=\"516\" height=\"720\" src=\"https:\/\/www.sslwrp.goleniow.net.pl\/wp-content\/uploads\/2024\/06\/JanK.jpg\" alt=\"\" class=\"wp-image-1452\" style=\"width:287px;height:auto\" srcset=\"https:\/\/www.sslwrp.goleniow.net.pl\/wp-content\/uploads\/2024\/06\/JanK.jpg 516w, https:\/\/www.sslwrp.goleniow.net.pl\/wp-content\/uploads\/2024\/06\/JanK-215x300.jpg 215w\" sizes=\"auto, (max-width: 516px) 100vw, 516px\" \/><\/figure>\n<\/div>\n\n<div class=\"wp-block-image\">\n<figure class=\"aligncenter size-full\"><img loading=\"lazy\" decoding=\"async\" width=\"781\" height=\"540\" src=\"https:\/\/www.sslwrp.goleniow.net.pl\/wp-content\/uploads\/2024\/06\/JanKklep.jpg\" alt=\"\" class=\"wp-image-1451\" srcset=\"https:\/\/www.sslwrp.goleniow.net.pl\/wp-content\/uploads\/2024\/06\/JanKklep.jpg 781w, https:\/\/www.sslwrp.goleniow.net.pl\/wp-content\/uploads\/2024\/06\/JanKklep-300x207.jpg 300w, https:\/\/www.sslwrp.goleniow.net.pl\/wp-content\/uploads\/2024\/06\/JanKklep-768x531.jpg 768w\" sizes=\"auto, (max-width: 781px) 100vw, 781px\" \/><\/figure>\n<\/div>\n\n\n<p class=\"has-vivid-cyan-blue-color has-text-color has-link-color has-medium-font-size wp-elements-6c6d4d33b497108fa0c499540cf4c5e7\"><strong><em>Jan KACPERSKI s\u0142u\u017cb\u0119 w 2 PLM pe\u0142ni\u0142 w latach 1953-1980, pocz\u0105tkowo w s\u0142u\u017cbie in\u017cynieryjno-lotniczej, nast\u0119pnie na r\u00f3\u017cnych stanowiskach sztabowych \u2013 w dywizjonie dowodzenia lotami (pomocnik dow\u00f3dcy dywizjonu d\/s operacyjnych, szef sztabu dywizjonu), a ostatnie 10 lat w sztabie pu\u0142ku na stanowisku starszego pomocnika szefa sztabu pu\u0142ku d\/s rozpoznawczych (starszego oficera rozpoznawczego pu\u0142ku).<\/em><\/strong><\/p>\n\n\n\n<p class=\"has-medium-font-size\"><strong>Rodzinie Jana sk\u0142adamy szczere kondolencje i wyrazy g\u0142\u0119bokiego \u017calu.<\/strong><\/p>\n","protected":false},"excerpt":{"rendered":"<p>Jan KACPERSKI s\u0142u\u017cb\u0119 w 2 PLM pe\u0142ni\u0142 w latach 1953-1980, pocz\u0105tkowo w s\u0142u\u017cbie in\u017cynieryjno-lotniczej, nast\u0119pnie na r\u00f3\u017cnych stanowiskach sztabowych \u2013 w dywizjonie dowodzenia lotami (pomocnik<\/p>\n","protected":false},"author":1,"featured_media":0,"parent":0,"menu_order":0,"comment_status":"closed","ping_status":"closed","template":"","meta":{"footnotes":""},"class_list":["post-1455","page","type-page","status-publish","hentry"],"_links":{"self":[{"href":"https:\/\/www.sslwrp.goleniow.net.pl\/index.php?rest_route=\/wp\/v2\/pages\/1455","targetHints":{"allow":["GET"]}}],"collection":[{"href":"https:\/\/www.sslwrp.goleniow.net.pl\/index.php?rest_route=\/wp\/v2\/pages"}],"about":[{"href":"https:\/\/www.sslwrp.goleniow.net.pl\/index.php?rest_route=\/wp\/v2\/types\/page"}],"author":[{"embeddable":true,"href":"https:\/\/www.sslwrp.goleniow.net.pl\/index.php?rest_route=\/wp\/v2\/users\/1"}],"replies":[{"embeddable":true,"href":"https:\/\/www.sslwrp.goleniow.net.pl\/index.php?rest_route=%2Fwp%2Fv2%2Fcomments&post=1455"}],"version-history":[{"count":1,"href":"https:\/\/www.sslwrp.goleniow.net.pl\/index.php?rest_route=\/wp\/v2\/pages\/1455\/revisions"}],"predecessor-version":[{"id":1457,"href":"https:\/\/www.sslwrp.goleniow.net.pl\/index.php?rest_route=\/wp\/v2\/pages\/1455\/revisions\/1457"}],"wp:attachment":[{"href":"https:\/\/www.sslwrp.goleniow.net.pl\/index.php?rest_route=%2Fwp%2Fv2%2Fmedia&parent=1455"}],"curies":[{"name":"wp","href":"https:\/\/api.w.org\/{rel}","templated":true}]}}