{"id":1220,"date":"2023-12-21T19:49:20","date_gmt":"2023-12-21T19:49:20","guid":{"rendered":"https:\/\/www.sslwrp.goleniow.net.pl\/?page_id=1220"},"modified":"2023-12-21T20:24:27","modified_gmt":"2023-12-21T20:24:27","slug":"konserwacja-samolotu-pomnika","status":"publish","type":"page","link":"https:\/\/www.sslwrp.goleniow.net.pl\/?page_id=1220","title":{"rendered":"Konserwacja samolotu \u2013 pomnika"},"content":{"rendered":"\n<p class=\"has-vivid-cyan-blue-color has-text-color has-link-color has-medium-font-size wp-elements-57e79367b48131993757030c0a0c81ce\"><em><strong>W czwartek, 22 czerwca 2023r., z inicjatywy Stowarzyszenia Senior\u00f3w Lotnictwa Wojskowego RP oddzia\u0142 w Goleniowie, grupa sympatyk\u00f3w 2 PLM \u201cKrak\u00f3w\u201d oraz by\u0142ych technik\u00f3w, w tym cz\u0142onk\u00f3w naszego stowarzyszenia, przeprowadzi\u0142a konserwacj\u0119 samolotu \u2013 pomnika MIG-21UM znajduj\u0105cego si\u0119 na Placu Lotnik\u00f3w w Goleniowie. Dzi\u0119ki zaanga\u017cowaniu uczestnik\u00f3w tej akcji, konserwacja p\u0142atowca \u2013 mycie samolotu i postumentu, przebieg\u0142a bardzo sprawnie.<br>Wszystkim uczestnikom naszej akcji serdecznie dzi\u0119kujemy za dyspozycyjno\u015b\u0107, zaanga\u017cowanie i spory wk\u0142ad pracy.<br>Za u\u0142atwienie realizacji tego przedsi\u0119wzi\u0119cia przez udost\u0119pnienie dost\u0119pu do wody i zasilania oraz zabezpieczenie niezb\u0119dnego sprz\u0119tu sk\u0142adamy serdeczne podzi\u0119kowania firmom: PEC, AEROGRYF i SAMSON OCHRONA.<\/strong><\/em><br><em>Zarz\u0105d SSLW RP w Goleniowie.<\/em><\/p>\n\n\n\n<p class=\"has-small-font-size\">Foto: Wies\u0142aw We\u0142nicki<\/p>\n\n\n\n<p class=\"has-small-font-size\">Aby powi\u0119kszy\u0107 kliknij na fotk\u0119.<\/p>\n\n\n\n<figure class=\"wp-block-gallery has-nested-images columns-5 is-cropped wp-block-gallery-1 is-layout-flex wp-block-gallery-is-layout-flex\">\n<figure class=\"wp-block-image size-large\"><a href=\"https:\/\/www.sslwrp.goleniow.net.pl\/wp-content\/uploads\/2023\/06\/prez.png\"><img loading=\"lazy\" decoding=\"async\" width=\"532\" height=\"709\" data-id=\"992\" src=\"https:\/\/www.sslwrp.goleniow.net.pl\/wp-content\/uploads\/2023\/06\/prez.png\" alt=\"\" class=\"wp-image-992\" srcset=\"https:\/\/www.sslwrp.goleniow.net.pl\/wp-content\/uploads\/2023\/06\/prez.png 532w, https:\/\/www.sslwrp.goleniow.net.pl\/wp-content\/uploads\/2023\/06\/prez-225x300.png 225w\" sizes=\"auto, (max-width: 532px) 100vw, 532px\" \/><\/a><\/figure>\n\n\n\n<figure class=\"wp-block-image size-large\"><a href=\"https:\/\/www.sslwrp.goleniow.net.pl\/wp-content\/uploads\/2023\/06\/tab.png\"><img loading=\"lazy\" decoding=\"async\" width=\"765\" height=\"574\" data-id=\"995\" src=\"https:\/\/www.sslwrp.goleniow.net.pl\/wp-content\/uploads\/2023\/06\/tab.png\" alt=\"\" class=\"wp-image-995\" srcset=\"https:\/\/www.sslwrp.goleniow.net.pl\/wp-content\/uploads\/2023\/06\/tab.png 765w, https:\/\/www.sslwrp.goleniow.net.pl\/wp-content\/uploads\/2023\/06\/tab-300x225.png 300w\" sizes=\"auto, (max-width: 765px) 100vw, 765px\" \/><\/a><\/figure>\n\n\n\n<figure class=\"wp-block-image size-large\"><a href=\"https:\/\/www.sslwrp.goleniow.net.pl\/wp-content\/uploads\/2023\/06\/ster.png\"><img loading=\"lazy\" decoding=\"async\" width=\"765\" height=\"574\" data-id=\"994\" src=\"https:\/\/www.sslwrp.goleniow.net.pl\/wp-content\/uploads\/2023\/06\/ster.png\" alt=\"\" class=\"wp-image-994\" srcset=\"https:\/\/www.sslwrp.goleniow.net.pl\/wp-content\/uploads\/2023\/06\/ster.png 765w, https:\/\/www.sslwrp.goleniow.net.pl\/wp-content\/uploads\/2023\/06\/ster-300x225.png 300w\" sizes=\"auto, (max-width: 765px) 100vw, 765px\" \/><\/a><\/figure>\n\n\n\n<figure class=\"wp-block-image size-large\"><a href=\"https:\/\/www.sslwrp.goleniow.net.pl\/wp-content\/uploads\/2023\/06\/tad2.png\"><img loading=\"lazy\" decoding=\"async\" width=\"532\" height=\"709\" data-id=\"996\" src=\"https:\/\/www.sslwrp.goleniow.net.pl\/wp-content\/uploads\/2023\/06\/tad2.png\" alt=\"\" class=\"wp-image-996\" srcset=\"https:\/\/www.sslwrp.goleniow.net.pl\/wp-content\/uploads\/2023\/06\/tad2.png 532w, https:\/\/www.sslwrp.goleniow.net.pl\/wp-content\/uploads\/2023\/06\/tad2-225x300.png 225w\" sizes=\"auto, (max-width: 532px) 100vw, 532px\" \/><\/a><\/figure>\n\n\n\n<figure class=\"wp-block-image size-large\"><a href=\"https:\/\/www.sslwrp.goleniow.net.pl\/wp-content\/uploads\/2023\/06\/kop.png\"><img loading=\"lazy\" decoding=\"async\" width=\"532\" height=\"709\" data-id=\"990\" src=\"https:\/\/www.sslwrp.goleniow.net.pl\/wp-content\/uploads\/2023\/06\/kop.png\" alt=\"\" class=\"wp-image-990\" srcset=\"https:\/\/www.sslwrp.goleniow.net.pl\/wp-content\/uploads\/2023\/06\/kop.png 532w, https:\/\/www.sslwrp.goleniow.net.pl\/wp-content\/uploads\/2023\/06\/kop-225x300.png 225w\" sizes=\"auto, (max-width: 532px) 100vw, 532px\" \/><\/a><\/figure>\n\n\n\n<figure class=\"wp-block-image size-large\"><a href=\"https:\/\/www.sslwrp.goleniow.net.pl\/wp-content\/uploads\/2023\/06\/kop1.png\"><img loading=\"lazy\" decoding=\"async\" width=\"532\" height=\"709\" data-id=\"991\" src=\"https:\/\/www.sslwrp.goleniow.net.pl\/wp-content\/uploads\/2023\/06\/kop1.png\" alt=\"\" class=\"wp-image-991\" srcset=\"https:\/\/www.sslwrp.goleniow.net.pl\/wp-content\/uploads\/2023\/06\/kop1.png 532w, https:\/\/www.sslwrp.goleniow.net.pl\/wp-content\/uploads\/2023\/06\/kop1-225x300.png 225w\" sizes=\"auto, (max-width: 532px) 100vw, 532px\" \/><\/a><\/figure>\n\n\n\n<figure class=\"wp-block-image size-large\"><a href=\"https:\/\/www.sslwrp.goleniow.net.pl\/wp-content\/uploads\/2023\/06\/duo1.png\"><img loading=\"lazy\" decoding=\"async\" width=\"765\" height=\"574\" data-id=\"987\" src=\"https:\/\/www.sslwrp.goleniow.net.pl\/wp-content\/uploads\/2023\/06\/duo1.png\" alt=\"\" class=\"wp-image-987\" srcset=\"https:\/\/www.sslwrp.goleniow.net.pl\/wp-content\/uploads\/2023\/06\/duo1.png 765w, https:\/\/www.sslwrp.goleniow.net.pl\/wp-content\/uploads\/2023\/06\/duo1-300x225.png 300w\" sizes=\"auto, (max-width: 765px) 100vw, 765px\" \/><\/a><\/figure>\n\n\n\n<figure class=\"wp-block-image size-large\"><a href=\"https:\/\/www.sslwrp.goleniow.net.pl\/wp-content\/uploads\/2023\/06\/duo.png\"><img loading=\"lazy\" decoding=\"async\" width=\"765\" height=\"574\" data-id=\"986\" src=\"https:\/\/www.sslwrp.goleniow.net.pl\/wp-content\/uploads\/2023\/06\/duo.png\" alt=\"\" class=\"wp-image-986\" srcset=\"https:\/\/www.sslwrp.goleniow.net.pl\/wp-content\/uploads\/2023\/06\/duo.png 765w, https:\/\/www.sslwrp.goleniow.net.pl\/wp-content\/uploads\/2023\/06\/duo-300x225.png 300w\" sizes=\"auto, (max-width: 765px) 100vw, 765px\" \/><\/a><\/figure>\n\n\n\n<figure class=\"wp-block-image size-large\"><a href=\"https:\/\/www.sslwrp.goleniow.net.pl\/wp-content\/uploads\/2023\/06\/tad3.png\"><img loading=\"lazy\" decoding=\"async\" width=\"765\" height=\"574\" data-id=\"997\" src=\"https:\/\/www.sslwrp.goleniow.net.pl\/wp-content\/uploads\/2023\/06\/tad3.png\" alt=\"\" class=\"wp-image-997\" srcset=\"https:\/\/www.sslwrp.goleniow.net.pl\/wp-content\/uploads\/2023\/06\/tad3.png 765w, https:\/\/www.sslwrp.goleniow.net.pl\/wp-content\/uploads\/2023\/06\/tad3-300x225.png 300w\" sizes=\"auto, (max-width: 765px) 100vw, 765px\" \/><\/a><\/figure>\n\n\n\n<figure class=\"wp-block-image size-large\"><a href=\"https:\/\/www.sslwrp.goleniow.net.pl\/wp-content\/uploads\/2023\/06\/tonpos.png\"><img loading=\"lazy\" decoding=\"async\" width=\"532\" height=\"709\" data-id=\"998\" src=\"https:\/\/www.sslwrp.goleniow.net.pl\/wp-content\/uploads\/2023\/06\/tonpos.png\" alt=\"\" class=\"wp-image-998\" srcset=\"https:\/\/www.sslwrp.goleniow.net.pl\/wp-content\/uploads\/2023\/06\/tonpos.png 532w, https:\/\/www.sslwrp.goleniow.net.pl\/wp-content\/uploads\/2023\/06\/tonpos-225x300.png 225w\" sizes=\"auto, (max-width: 532px) 100vw, 532px\" \/><\/a><\/figure>\n\n\n\n<figure class=\"wp-block-image size-large\"><a href=\"https:\/\/www.sslwrp.goleniow.net.pl\/wp-content\/uploads\/2023\/06\/wies.png\"><img loading=\"lazy\" decoding=\"async\" width=\"765\" height=\"574\" data-id=\"999\" src=\"https:\/\/www.sslwrp.goleniow.net.pl\/wp-content\/uploads\/2023\/06\/wies.png\" alt=\"\" class=\"wp-image-999\" srcset=\"https:\/\/www.sslwrp.goleniow.net.pl\/wp-content\/uploads\/2023\/06\/wies.png 765w, https:\/\/www.sslwrp.goleniow.net.pl\/wp-content\/uploads\/2023\/06\/wies-300x225.png 300w\" sizes=\"auto, (max-width: 765px) 100vw, 765px\" \/><\/a><\/figure>\n\n\n\n<figure class=\"wp-block-image size-large\"><a href=\"https:\/\/www.sslwrp.goleniow.net.pl\/wp-content\/uploads\/2023\/06\/sam.png\"><img loading=\"lazy\" decoding=\"async\" width=\"765\" height=\"574\" data-id=\"993\" src=\"https:\/\/www.sslwrp.goleniow.net.pl\/wp-content\/uploads\/2023\/06\/sam.png\" alt=\"\" class=\"wp-image-993\" srcset=\"https:\/\/www.sslwrp.goleniow.net.pl\/wp-content\/uploads\/2023\/06\/sam.png 765w, https:\/\/www.sslwrp.goleniow.net.pl\/wp-content\/uploads\/2023\/06\/sam-300x225.png 300w\" sizes=\"auto, (max-width: 765px) 100vw, 765px\" \/><\/a><\/figure>\n\n\n\n<figure class=\"wp-block-image size-large\"><a href=\"https:\/\/www.sslwrp.goleniow.net.pl\/wp-content\/uploads\/2023\/06\/gr2.png\"><img loading=\"lazy\" decoding=\"async\" width=\"765\" height=\"574\" data-id=\"989\" src=\"https:\/\/www.sslwrp.goleniow.net.pl\/wp-content\/uploads\/2023\/06\/gr2.png\" alt=\"\" class=\"wp-image-989\" srcset=\"https:\/\/www.sslwrp.goleniow.net.pl\/wp-content\/uploads\/2023\/06\/gr2.png 765w, https:\/\/www.sslwrp.goleniow.net.pl\/wp-content\/uploads\/2023\/06\/gr2-300x225.png 300w\" sizes=\"auto, (max-width: 765px) 100vw, 765px\" \/><\/a><\/figure>\n\n\n\n<figure class=\"wp-block-image size-large\"><a href=\"https:\/\/www.sslwrp.goleniow.net.pl\/wp-content\/uploads\/2023\/06\/dar.png\"><img loading=\"lazy\" decoding=\"async\" width=\"765\" height=\"574\" data-id=\"985\" src=\"https:\/\/www.sslwrp.goleniow.net.pl\/wp-content\/uploads\/2023\/06\/dar.png\" alt=\"\" class=\"wp-image-985\" srcset=\"https:\/\/www.sslwrp.goleniow.net.pl\/wp-content\/uploads\/2023\/06\/dar.png 765w, https:\/\/www.sslwrp.goleniow.net.pl\/wp-content\/uploads\/2023\/06\/dar-300x225.png 300w\" sizes=\"auto, (max-width: 765px) 100vw, 765px\" \/><\/a><\/figure>\n\n\n\n<figure class=\"wp-block-image size-large\"><a href=\"https:\/\/www.sslwrp.goleniow.net.pl\/wp-content\/uploads\/2023\/06\/gr1.png\"><img loading=\"lazy\" decoding=\"async\" width=\"765\" height=\"574\" data-id=\"988\" src=\"https:\/\/www.sslwrp.goleniow.net.pl\/wp-content\/uploads\/2023\/06\/gr1.png\" alt=\"\" class=\"wp-image-988\" srcset=\"https:\/\/www.sslwrp.goleniow.net.pl\/wp-content\/uploads\/2023\/06\/gr1.png 765w, https:\/\/www.sslwrp.goleniow.net.pl\/wp-content\/uploads\/2023\/06\/gr1-300x225.png 300w\" sizes=\"auto, (max-width: 765px) 100vw, 765px\" \/><\/a><\/figure>\n<\/figure>\n","protected":false},"excerpt":{"rendered":"<p>W czwartek, 22 czerwca 2023r., z inicjatywy Stowarzyszenia Senior\u00f3w Lotnictwa Wojskowego RP oddzia\u0142 w Goleniowie, grupa sympatyk\u00f3w 2 PLM \u201cKrak\u00f3w\u201d oraz by\u0142ych technik\u00f3w, w tym<\/p>\n","protected":false},"author":1,"featured_media":0,"parent":0,"menu_order":0,"comment_status":"closed","ping_status":"closed","template":"","meta":{"footnotes":""},"class_list":["post-1220","page","type-page","status-publish","hentry"],"_links":{"self":[{"href":"https:\/\/www.sslwrp.goleniow.net.pl\/index.php?rest_route=\/wp\/v2\/pages\/1220","targetHints":{"allow":["GET"]}}],"collection":[{"href":"https:\/\/www.sslwrp.goleniow.net.pl\/index.php?rest_route=\/wp\/v2\/pages"}],"about":[{"href":"https:\/\/www.sslwrp.goleniow.net.pl\/index.php?rest_route=\/wp\/v2\/types\/page"}],"author":[{"embeddable":true,"href":"https:\/\/www.sslwrp.goleniow.net.pl\/index.php?rest_route=\/wp\/v2\/users\/1"}],"replies":[{"embeddable":true,"href":"https:\/\/www.sslwrp.goleniow.net.pl\/index.php?rest_route=%2Fwp%2Fv2%2Fcomments&post=1220"}],"version-history":[{"count":4,"href":"https:\/\/www.sslwrp.goleniow.net.pl\/index.php?rest_route=\/wp\/v2\/pages\/1220\/revisions"}],"predecessor-version":[{"id":1226,"href":"https:\/\/www.sslwrp.goleniow.net.pl\/index.php?rest_route=\/wp\/v2\/pages\/1220\/revisions\/1226"}],"wp:attachment":[{"href":"https:\/\/www.sslwrp.goleniow.net.pl\/index.php?rest_route=%2Fwp%2Fv2%2Fmedia&parent=1220"}],"curies":[{"name":"wp","href":"https:\/\/api.w.org\/{rel}","templated":true}]}}