{"id":1140,"date":"2023-09-17T21:02:27","date_gmt":"2023-09-17T21:02:27","guid":{"rendered":"https:\/\/www.sslwrp.goleniow.net.pl\/?page_id=1140"},"modified":"2024-04-21T19:50:08","modified_gmt":"2024-04-21T19:50:08","slug":"1140-2","status":"publish","type":"page","link":"https:\/\/www.sslwrp.goleniow.net.pl\/?page_id=1140","title":{"rendered":"\u015awi\u0119to Lotnictwa 2023r."},"content":{"rendered":"\n<figure class=\"wp-block-image size-large\"><img loading=\"lazy\" decoding=\"async\" width=\"1024\" height=\"449\" src=\"https:\/\/www.sslwrp.goleniow.net.pl\/wp-content\/uploads\/2022\/08\/pomnocnag1-1024x449.jpg\" alt=\"pomniknoc\" class=\"wp-image-24\" srcset=\"https:\/\/www.sslwrp.goleniow.net.pl\/wp-content\/uploads\/2022\/08\/pomnocnag1-1024x449.jpg 1024w, https:\/\/www.sslwrp.goleniow.net.pl\/wp-content\/uploads\/2022\/08\/pomnocnag1-300x132.jpg 300w, https:\/\/www.sslwrp.goleniow.net.pl\/wp-content\/uploads\/2022\/08\/pomnocnag1-768x337.jpg 768w, https:\/\/www.sslwrp.goleniow.net.pl\/wp-content\/uploads\/2022\/08\/pomnocnag1-1536x674.jpg 1536w, https:\/\/www.sslwrp.goleniow.net.pl\/wp-content\/uploads\/2022\/08\/pomnocnag1-2048x898.jpg 2048w, https:\/\/www.sslwrp.goleniow.net.pl\/wp-content\/uploads\/2022\/08\/pomnocnag1-1170x513.jpg 1170w\" sizes=\"auto, (max-width: 1024px) 100vw, 1024px\" \/><\/figure>\n\n\n\n<p class=\"has-vivid-cyan-blue-color has-text-color has-link-color has-medium-font-size wp-elements-6605650aec62a6b8acf2054c8b7de1a3\"><em><strong><em><strong>Na uroczysto\u015b\u0107 z\u0142o\u017cenia kwiat\u00f3w z okazji \u015awi\u0119ta Lotnictwa przy pomniku \u2013 samolocie zapraszamy w dniu 28 sierpnia 2023r. o godzinie 15:30. \u015awi\u0119to obchodzone jest w rocznic\u0119 zwyci\u0119stwa Fr. \u017bwirki i St. Wigury w mi\u0119dzynarodowych zawodach samolot\u00f3w turystycznych w Challenge w 1932r.<\/strong><\/em><\/strong><\/em><\/p>\n\n\n<div class=\"wp-block-image\">\n<figure class=\"aligncenter size-large is-resized\"><img loading=\"lazy\" decoding=\"async\" width=\"724\" height=\"1024\" src=\"https:\/\/www.sslwrp.goleniow.net.pl\/wp-content\/uploads\/2023\/08\/ZAPROSZENIE-NA-SWIETO-LOTNICTWA-SPOLECZENSTWA-W-ROKU-2023-724x1024.jpg\" alt=\"\" class=\"wp-image-1112\" style=\"width:485px;height:auto\" srcset=\"https:\/\/www.sslwrp.goleniow.net.pl\/wp-content\/uploads\/2023\/08\/ZAPROSZENIE-NA-SWIETO-LOTNICTWA-SPOLECZENSTWA-W-ROKU-2023-724x1024.jpg 724w, https:\/\/www.sslwrp.goleniow.net.pl\/wp-content\/uploads\/2023\/08\/ZAPROSZENIE-NA-SWIETO-LOTNICTWA-SPOLECZENSTWA-W-ROKU-2023-212x300.jpg 212w, https:\/\/www.sslwrp.goleniow.net.pl\/wp-content\/uploads\/2023\/08\/ZAPROSZENIE-NA-SWIETO-LOTNICTWA-SPOLECZENSTWA-W-ROKU-2023-768x1086.jpg 768w, https:\/\/www.sslwrp.goleniow.net.pl\/wp-content\/uploads\/2023\/08\/ZAPROSZENIE-NA-SWIETO-LOTNICTWA-SPOLECZENSTWA-W-ROKU-2023-1086x1536.jpg 1086w, https:\/\/www.sslwrp.goleniow.net.pl\/wp-content\/uploads\/2023\/08\/ZAPROSZENIE-NA-SWIETO-LOTNICTWA-SPOLECZENSTWA-W-ROKU-2023-1170x1655.jpg 1170w, https:\/\/www.sslwrp.goleniow.net.pl\/wp-content\/uploads\/2023\/08\/ZAPROSZENIE-NA-SWIETO-LOTNICTWA-SPOLECZENSTWA-W-ROKU-2023.jpg 1240w\" sizes=\"auto, (max-width: 724px) 100vw, 724px\" \/><\/figure>\n<\/div>\n\n\n<p><\/p>\n\n\n\n<p class=\"has-vivid-cyan-blue-color has-text-color has-link-color has-medium-font-size wp-elements-4885ec35243ae33c2662d664ffab9e61\"><em><strong>Fotorelacja z uroczysto\u015bci \u015awi\u0119ta Lotnictwa.<\/strong><\/em><\/p>\n\n\n\n<p class=\"has-small-font-size\"><em>Foto Antoni Budzi\u0144ski<\/em><\/p>\n\n\n\n<figure class=\"wp-block-gallery has-nested-images columns-4 is-cropped wp-block-gallery-1 is-layout-flex wp-block-gallery-is-layout-flex\">\n<figure class=\"wp-block-image size-large\"><img loading=\"lazy\" decoding=\"async\" width=\"850\" height=\"638\" data-id=\"1116\" src=\"https:\/\/www.sslwrp.goleniow.net.pl\/wp-content\/uploads\/2023\/08\/prowadz.jpg\" alt=\"\" class=\"wp-image-1116\" srcset=\"https:\/\/www.sslwrp.goleniow.net.pl\/wp-content\/uploads\/2023\/08\/prowadz.jpg 850w, https:\/\/www.sslwrp.goleniow.net.pl\/wp-content\/uploads\/2023\/08\/prowadz-300x225.jpg 300w, https:\/\/www.sslwrp.goleniow.net.pl\/wp-content\/uploads\/2023\/08\/prowadz-768x576.jpg 768w\" sizes=\"auto, (max-width: 850px) 100vw, 850px\" \/><\/figure>\n\n\n\n<figure class=\"wp-block-image size-large\"><img loading=\"lazy\" decoding=\"async\" width=\"850\" height=\"638\" data-id=\"1117\" src=\"https:\/\/www.sslwrp.goleniow.net.pl\/wp-content\/uploads\/2023\/08\/sztand.jpg\" alt=\"\" class=\"wp-image-1117\" srcset=\"https:\/\/www.sslwrp.goleniow.net.pl\/wp-content\/uploads\/2023\/08\/sztand.jpg 850w, https:\/\/www.sslwrp.goleniow.net.pl\/wp-content\/uploads\/2023\/08\/sztand-300x225.jpg 300w, https:\/\/www.sslwrp.goleniow.net.pl\/wp-content\/uploads\/2023\/08\/sztand-768x576.jpg 768w\" sizes=\"auto, (max-width: 850px) 100vw, 850px\" \/><\/figure>\n\n\n\n<figure class=\"wp-block-image size-large\"><img loading=\"lazy\" decoding=\"async\" width=\"850\" height=\"638\" data-id=\"1121\" src=\"https:\/\/www.sslwrp.goleniow.net.pl\/wp-content\/uploads\/2023\/08\/dyr.jpg\" alt=\"\" class=\"wp-image-1121\" srcset=\"https:\/\/www.sslwrp.goleniow.net.pl\/wp-content\/uploads\/2023\/08\/dyr.jpg 850w, https:\/\/www.sslwrp.goleniow.net.pl\/wp-content\/uploads\/2023\/08\/dyr-300x225.jpg 300w, https:\/\/www.sslwrp.goleniow.net.pl\/wp-content\/uploads\/2023\/08\/dyr-768x576.jpg 768w\" sizes=\"auto, (max-width: 850px) 100vw, 850px\" \/><\/figure>\n\n\n\n<figure class=\"wp-block-image size-large\"><img loading=\"lazy\" decoding=\"async\" width=\"850\" height=\"638\" data-id=\"1119\" src=\"https:\/\/www.sslwrp.goleniow.net.pl\/wp-content\/uploads\/2023\/08\/burm.jpg\" alt=\"\" class=\"wp-image-1119\" srcset=\"https:\/\/www.sslwrp.goleniow.net.pl\/wp-content\/uploads\/2023\/08\/burm.jpg 850w, https:\/\/www.sslwrp.goleniow.net.pl\/wp-content\/uploads\/2023\/08\/burm-300x225.jpg 300w, https:\/\/www.sslwrp.goleniow.net.pl\/wp-content\/uploads\/2023\/08\/burm-768x576.jpg 768w\" sizes=\"auto, (max-width: 850px) 100vw, 850px\" \/><\/figure>\n\n\n\n<figure class=\"wp-block-image size-large\"><img loading=\"lazy\" decoding=\"async\" width=\"850\" height=\"638\" data-id=\"1120\" src=\"https:\/\/www.sslwrp.goleniow.net.pl\/wp-content\/uploads\/2023\/08\/delszk.jpg\" alt=\"\" class=\"wp-image-1120\" srcset=\"https:\/\/www.sslwrp.goleniow.net.pl\/wp-content\/uploads\/2023\/08\/delszk.jpg 850w, https:\/\/www.sslwrp.goleniow.net.pl\/wp-content\/uploads\/2023\/08\/delszk-300x225.jpg 300w, https:\/\/www.sslwrp.goleniow.net.pl\/wp-content\/uploads\/2023\/08\/delszk-768x576.jpg 768w\" sizes=\"auto, (max-width: 850px) 100vw, 850px\" \/><\/figure>\n\n\n\n<figure class=\"wp-block-image size-large\"><img loading=\"lazy\" decoding=\"async\" width=\"850\" height=\"638\" data-id=\"1115\" src=\"https:\/\/www.sslwrp.goleniow.net.pl\/wp-content\/uploads\/2023\/08\/odzn.jpg\" alt=\"\" class=\"wp-image-1115\" srcset=\"https:\/\/www.sslwrp.goleniow.net.pl\/wp-content\/uploads\/2023\/08\/odzn.jpg 850w, https:\/\/www.sslwrp.goleniow.net.pl\/wp-content\/uploads\/2023\/08\/odzn-300x225.jpg 300w, https:\/\/www.sslwrp.goleniow.net.pl\/wp-content\/uploads\/2023\/08\/odzn-768x576.jpg 768w\" sizes=\"auto, (max-width: 850px) 100vw, 850px\" \/><\/figure>\n\n\n\n<figure class=\"wp-block-image size-large\"><img loading=\"lazy\" decoding=\"async\" width=\"850\" height=\"638\" data-id=\"1122\" src=\"https:\/\/www.sslwrp.goleniow.net.pl\/wp-content\/uploads\/2023\/08\/leg.jpg\" alt=\"\" class=\"wp-image-1122\" srcset=\"https:\/\/www.sslwrp.goleniow.net.pl\/wp-content\/uploads\/2023\/08\/leg.jpg 850w, https:\/\/www.sslwrp.goleniow.net.pl\/wp-content\/uploads\/2023\/08\/leg-300x225.jpg 300w, https:\/\/www.sslwrp.goleniow.net.pl\/wp-content\/uploads\/2023\/08\/leg-768x576.jpg 768w\" sizes=\"auto, (max-width: 850px) 100vw, 850px\" \/><\/figure>\n\n\n\n<figure class=\"wp-block-image size-large\"><img loading=\"lazy\" decoding=\"async\" width=\"638\" height=\"850\" data-id=\"1118\" src=\"https:\/\/www.sslwrp.goleniow.net.pl\/wp-content\/uploads\/2023\/08\/tabl.jpg\" alt=\"\" class=\"wp-image-1118\" srcset=\"https:\/\/www.sslwrp.goleniow.net.pl\/wp-content\/uploads\/2023\/08\/tabl.jpg 638w, https:\/\/www.sslwrp.goleniow.net.pl\/wp-content\/uploads\/2023\/08\/tabl-225x300.jpg 225w\" sizes=\"auto, (max-width: 638px) 100vw, 638px\" \/><\/figure>\n<\/figure>\n\n\n\n<p class=\"has-vivid-cyan-blue-color has-text-color has-link-color has-medium-font-size wp-elements-d5ee6e729b341b71fd43df66e6d84ddf\"><em><strong>W tym roku przypada r\u00f3wnie\u017c 30 rocznica odlotu samolot\u00f3w bojowych z naszego lotniska. Dla uczczenia tych wydarze\u0144 zostanie zorganizowane spotkanie biesiadne w CAL-u (Centrum Aktywno\u015bci Lokalnej) przy ulicy Wojska Polskiego 28. Zapraszamy cz\u0142onk\u00f3w i sympatyk\u00f3w SSLW RP i Z\u017bWP oraz kadr\u0119 naszego pu\u0142ku (w miar\u0119 wolnych miejsc) o godz. 17:00 w dniu 15 wrze\u015bnia 2023r. (pi\u0105tek).<\/strong><\/em><\/p>\n\n\n\n<h2 class=\"wp-block-heading has-vivid-cyan-blue-color has-text-color\"><em>Spotkanie z okazji \u015awi\u0119ta Lotnictwa oraz w 30-t\u0105 rocznic\u0119<\/em><\/h2>\n\n\n\n<p class=\"has-vivid-cyan-blue-color has-text-color has-medium-font-size\"><em>odlotu samolot\u00f3w bojowych z goleniowskiego lotniska odby\u0142o si\u0119 w sali CAL-u przy ul. Wojska polskiego 28. Frekwencja dopisa\u0142a. Na rozpocz\u0119cie oczywi\u015bcie Marsz Lotnik\u00f3w, kilka s\u0142\u00f3w wprowadzenia przez prezesa Zbigniewa Skowro\u0144skiego oraz przyj\u0119cie naszego kolegi Grzegorza Matuszewskiego do naszego ko\u0142a SSLW RP w Goleniowie. <\/em><\/p>\n\n\n\n<p class=\"has-vivid-cyan-blue-color has-text-color has-medium-font-size\"><em>Mi\u0142ym akcentem by\u0142o wyr\u00f3\u017cnienie naszych koleg\u00f3w: Witolda Morawskiego, Janusza Madonia oraz Wies\u0142awa We\u0142nickiego pucharem, kt\u00f3ry zdobyli, zajmuj\u0105c I miejsce<\/em>,<em> w treningu strzeleckim w dniu 9 wrze\u015bnia na strzelnicy Polickiego Towarzystwa Strzeleckiego i Mi\u0142o\u015bnik\u00f3w Broni Dawnej &#8222;Grajcar&#8221;. <\/em><\/p>\n\n\n\n<p class=\"has-vivid-cyan-blue-color has-text-color has-medium-font-size\"><em>Na &#8222;wielkim&#8221; ekranie mogli\u015bmy zobaczy\u0107 film nakr\u0119cony przez nie\u017cyj\u0105cego ju\u017c S\u0142awka Klimowicza. Film pokazuje przygotowanie oraz odlot samolot\u00f3w z naszego lotniska. Po filmie, w mi\u0142ej kole\u017ce\u0144skiej atmosferze, przy pocz\u0119stunku w postaci groch\u00f3wki oraz tradycyjnego pieczonego dzika, by\u0142y wspomnienia z tamtych lat. W tle na ekranie by\u0142y wy\u015bwietlane fotografie z r\u00f3\u017cnych wydarze\u0144 naszego pu\u0142ku na przestrzeni wielu lat. Czas szybko min\u0105\u0142 i znowu trzeba poczeka\u0107 do nast\u0119pnego spotkania.<\/em><\/p>\n\n\n\n<p class=\"has-small-font-size\"><em>Foto Antoni Budzi\u0144ski<\/em><\/p>\n\n\n\n<figure class=\"wp-block-gallery has-nested-images columns-4 is-cropped wp-block-gallery-2 is-layout-flex wp-block-gallery-is-layout-flex\">\n<figure class=\"wp-block-image size-medium\"><img loading=\"lazy\" decoding=\"async\" width=\"300\" height=\"225\" data-id=\"1152\" src=\"https:\/\/www.sslwrp.goleniow.net.pl\/wp-content\/uploads\/2023\/09\/wprow-300x225.jpg\" alt=\"\" class=\"wp-image-1152\" srcset=\"https:\/\/www.sslwrp.goleniow.net.pl\/wp-content\/uploads\/2023\/09\/wprow-300x225.jpg 300w, https:\/\/www.sslwrp.goleniow.net.pl\/wp-content\/uploads\/2023\/09\/wprow-768x576.jpg 768w, https:\/\/www.sslwrp.goleniow.net.pl\/wp-content\/uploads\/2023\/09\/wprow.jpg 850w\" sizes=\"auto, (max-width: 300px) 100vw, 300px\" \/><\/figure>\n\n\n\n<figure class=\"wp-block-image size-large\"><img loading=\"lazy\" decoding=\"async\" width=\"850\" height=\"638\" data-id=\"1145\" src=\"https:\/\/www.sslwrp.goleniow.net.pl\/wp-content\/uploads\/2023\/09\/grzegm.jpg\" alt=\"\" class=\"wp-image-1145\" srcset=\"https:\/\/www.sslwrp.goleniow.net.pl\/wp-content\/uploads\/2023\/09\/grzegm.jpg 850w, https:\/\/www.sslwrp.goleniow.net.pl\/wp-content\/uploads\/2023\/09\/grzegm-300x225.jpg 300w, https:\/\/www.sslwrp.goleniow.net.pl\/wp-content\/uploads\/2023\/09\/grzegm-768x576.jpg 768w\" sizes=\"auto, (max-width: 850px) 100vw, 850px\" \/><\/figure>\n\n\n\n<figure class=\"wp-block-image size-large\"><img loading=\"lazy\" decoding=\"async\" width=\"638\" height=\"850\" data-id=\"1146\" src=\"https:\/\/www.sslwrp.goleniow.net.pl\/wp-content\/uploads\/2023\/09\/grzegm1.jpg\" alt=\"\" class=\"wp-image-1146\" srcset=\"https:\/\/www.sslwrp.goleniow.net.pl\/wp-content\/uploads\/2023\/09\/grzegm1.jpg 638w, https:\/\/www.sslwrp.goleniow.net.pl\/wp-content\/uploads\/2023\/09\/grzegm1-225x300.jpg 225w\" sizes=\"auto, (max-width: 638px) 100vw, 638px\" \/><\/figure>\n\n\n\n<figure class=\"wp-block-image size-large\"><img loading=\"lazy\" decoding=\"async\" width=\"850\" height=\"638\" data-id=\"1150\" src=\"https:\/\/www.sslwrp.goleniow.net.pl\/wp-content\/uploads\/2023\/09\/sala.jpg\" alt=\"\" class=\"wp-image-1150\" srcset=\"https:\/\/www.sslwrp.goleniow.net.pl\/wp-content\/uploads\/2023\/09\/sala.jpg 850w, https:\/\/www.sslwrp.goleniow.net.pl\/wp-content\/uploads\/2023\/09\/sala-300x225.jpg 300w, https:\/\/www.sslwrp.goleniow.net.pl\/wp-content\/uploads\/2023\/09\/sala-768x576.jpg 768w\" sizes=\"auto, (max-width: 850px) 100vw, 850px\" \/><\/figure>\n\n\n\n<figure class=\"wp-block-image size-large\"><img loading=\"lazy\" decoding=\"async\" width=\"850\" height=\"638\" data-id=\"1151\" src=\"https:\/\/www.sslwrp.goleniow.net.pl\/wp-content\/uploads\/2023\/09\/sala1.jpg\" alt=\"\" class=\"wp-image-1151\" srcset=\"https:\/\/www.sslwrp.goleniow.net.pl\/wp-content\/uploads\/2023\/09\/sala1.jpg 850w, https:\/\/www.sslwrp.goleniow.net.pl\/wp-content\/uploads\/2023\/09\/sala1-300x225.jpg 300w, https:\/\/www.sslwrp.goleniow.net.pl\/wp-content\/uploads\/2023\/09\/sala1-768x576.jpg 768w\" sizes=\"auto, (max-width: 850px) 100vw, 850px\" \/><\/figure>\n\n\n\n<figure class=\"wp-block-image size-large\"><img loading=\"lazy\" decoding=\"async\" width=\"850\" height=\"638\" data-id=\"1147\" src=\"https:\/\/www.sslwrp.goleniow.net.pl\/wp-content\/uploads\/2023\/09\/puch.jpg\" alt=\"\" class=\"wp-image-1147\" srcset=\"https:\/\/www.sslwrp.goleniow.net.pl\/wp-content\/uploads\/2023\/09\/puch.jpg 850w, https:\/\/www.sslwrp.goleniow.net.pl\/wp-content\/uploads\/2023\/09\/puch-300x225.jpg 300w, https:\/\/www.sslwrp.goleniow.net.pl\/wp-content\/uploads\/2023\/09\/puch-768x576.jpg 768w\" sizes=\"auto, (max-width: 850px) 100vw, 850px\" \/><\/figure>\n\n\n\n<figure class=\"wp-block-image size-large\"><img loading=\"lazy\" decoding=\"async\" width=\"850\" height=\"638\" data-id=\"1148\" src=\"https:\/\/www.sslwrp.goleniow.net.pl\/wp-content\/uploads\/2023\/09\/puch1.jpg\" alt=\"\" class=\"wp-image-1148\" srcset=\"https:\/\/www.sslwrp.goleniow.net.pl\/wp-content\/uploads\/2023\/09\/puch1.jpg 850w, https:\/\/www.sslwrp.goleniow.net.pl\/wp-content\/uploads\/2023\/09\/puch1-300x225.jpg 300w, https:\/\/www.sslwrp.goleniow.net.pl\/wp-content\/uploads\/2023\/09\/puch1-768x576.jpg 768w\" sizes=\"auto, (max-width: 850px) 100vw, 850px\" \/><\/figure>\n\n\n\n<figure class=\"wp-block-image size-large\"><img loading=\"lazy\" decoding=\"async\" width=\"638\" height=\"850\" data-id=\"1149\" src=\"https:\/\/www.sslwrp.goleniow.net.pl\/wp-content\/uploads\/2023\/09\/puch2.jpg\" alt=\"\" class=\"wp-image-1149\" srcset=\"https:\/\/www.sslwrp.goleniow.net.pl\/wp-content\/uploads\/2023\/09\/puch2.jpg 638w, https:\/\/www.sslwrp.goleniow.net.pl\/wp-content\/uploads\/2023\/09\/puch2-225x300.jpg 225w\" sizes=\"auto, (max-width: 638px) 100vw, 638px\" \/><\/figure>\n<\/figure>\n","protected":false},"excerpt":{"rendered":"<p>Na uroczysto\u015b\u0107 z\u0142o\u017cenia kwiat\u00f3w z okazji \u015awi\u0119ta Lotnictwa przy pomniku \u2013 samolocie zapraszamy w dniu 28 sierpnia 2023r. o godzinie 15:30. \u015awi\u0119to obchodzone jest w<\/p>\n","protected":false},"author":1,"featured_media":0,"parent":0,"menu_order":0,"comment_status":"closed","ping_status":"closed","template":"","meta":{"footnotes":""},"class_list":["post-1140","page","type-page","status-publish","hentry"],"_links":{"self":[{"href":"https:\/\/www.sslwrp.goleniow.net.pl\/index.php?rest_route=\/wp\/v2\/pages\/1140","targetHints":{"allow":["GET"]}}],"collection":[{"href":"https:\/\/www.sslwrp.goleniow.net.pl\/index.php?rest_route=\/wp\/v2\/pages"}],"about":[{"href":"https:\/\/www.sslwrp.goleniow.net.pl\/index.php?rest_route=\/wp\/v2\/types\/page"}],"author":[{"embeddable":true,"href":"https:\/\/www.sslwrp.goleniow.net.pl\/index.php?rest_route=\/wp\/v2\/users\/1"}],"replies":[{"embeddable":true,"href":"https:\/\/www.sslwrp.goleniow.net.pl\/index.php?rest_route=%2Fwp%2Fv2%2Fcomments&post=1140"}],"version-history":[{"count":5,"href":"https:\/\/www.sslwrp.goleniow.net.pl\/index.php?rest_route=\/wp\/v2\/pages\/1140\/revisions"}],"predecessor-version":[{"id":1404,"href":"https:\/\/www.sslwrp.goleniow.net.pl\/index.php?rest_route=\/wp\/v2\/pages\/1140\/revisions\/1404"}],"wp:attachment":[{"href":"https:\/\/www.sslwrp.goleniow.net.pl\/index.php?rest_route=%2Fwp%2Fv2%2Fmedia&parent=1140"}],"curies":[{"name":"wp","href":"https:\/\/api.w.org\/{rel}","templated":true}]}}