{"id":1126,"date":"2023-09-05T19:08:41","date_gmt":"2023-09-05T19:08:41","guid":{"rendered":"https:\/\/www.sslwrp.goleniow.net.pl\/?page_id=1126"},"modified":"2023-09-05T20:11:01","modified_gmt":"2023-09-05T20:11:01","slug":"odsloniecie-kamienia-pamieci","status":"publish","type":"page","link":"https:\/\/www.sslwrp.goleniow.net.pl\/?page_id=1126","title":{"rendered":"Ods\u0142oni\u0119cie Kamienia Pami\u0119ci"},"content":{"rendered":"\n<p><strong>W sobot\u0119, 20 maja 2023r. o godzinie 12.00, w lesie ko\u0142o miejscowo\u015bci IMNO, (droga kierunek Maszewo) odby\u0142a si\u0119 uroczysto\u015b\u0107 ods\u0142oni\u0119cia Kamienia Pami\u0119ci po\u015bwi\u0119conego katastrofie lotniczej, kt\u00f3ra mia\u0142a miejsce 28 lutego 1973 roku. W katastrofie zgin\u0119li cz\u0142onkowie polsko-czechos\u0142owackiej delegacji rz\u0105dowej oraz za\u0142oga samolotu An-24W, nr taktyczny 012 (n\/s 97305702), nale\u017c\u0105cego do 36. Samodzielnego Pu\u0142ku Lotniczego z Warszawy. Szczeg\u00f3\u0142y zdarzenia s\u0105 dost\u0119pne <a rel=\"noreferrer noopener\" href=\"https:\/\/pl.wikipedia.org\/wiki\/Katastrofa_samolotu_rz%C4%85dowego_pod_Szczecinem#:~:text=Katastrofa%20samolotu%20rz%C4%85dowego%20pod%20Szczecinem%E2%80%93%20katastrofa%20lotnicza%2C%20kt%C3%B3ra,pi%C4%99cioosobowa%20za%C5%82oga%20i%20wszyscy%20pasa%C5%BCerowie%2C%20%C5%82%C4%85cznie%20osiemna%C5%9Bcie%20os%C3%B3b.\" target=\"_blank\">tutaj<\/a>.<\/strong><\/p>\n\n\n\n<p class=\"has-small-font-size\"><em>Foto: Antoni Budzi\u0144ski, Wies\u0142aw We\u0142nicki<\/em><\/p>\n\n\n\n<figure class=\"wp-block-gallery has-nested-images columns-5 is-cropped wp-block-gallery-1 is-layout-flex wp-block-gallery-is-layout-flex\">\n<figure class=\"wp-block-image size-thumbnail\"><a href=\"https:\/\/www.sslwrp.goleniow.net.pl\/wp-content\/uploads\/2023\/05\/sztandar1.jpg\" target=\"_blank\" rel=\"noreferrer noopener\"><img loading=\"lazy\" decoding=\"async\" width=\"150\" height=\"150\" data-id=\"859\" src=\"https:\/\/www.sslwrp.goleniow.net.pl\/wp-content\/uploads\/2023\/05\/sztandar1-150x150.jpg\" alt=\"\" class=\"wp-image-859\"\/><\/a><\/figure>\n\n\n\n<figure class=\"wp-block-image size-thumbnail\"><a href=\"https:\/\/www.sslwrp.goleniow.net.pl\/wp-content\/uploads\/2023\/05\/przedmowa1.jpg\" target=\"_blank\" rel=\"noreferrer noopener\"><img loading=\"lazy\" decoding=\"async\" width=\"150\" height=\"150\" data-id=\"858\" src=\"https:\/\/www.sslwrp.goleniow.net.pl\/wp-content\/uploads\/2023\/05\/przedmowa1-150x150.jpg\" alt=\"\" class=\"wp-image-858\"\/><\/a><\/figure>\n\n\n\n<figure class=\"wp-block-image size-thumbnail\"><a href=\"https:\/\/www.sslwrp.goleniow.net.pl\/wp-content\/uploads\/2023\/05\/ogolne1.jpg\" target=\"_blank\" rel=\"noreferrer noopener\"><img loading=\"lazy\" decoding=\"async\" width=\"150\" height=\"150\" data-id=\"855\" src=\"https:\/\/www.sslwrp.goleniow.net.pl\/wp-content\/uploads\/2023\/05\/ogolne1-150x150.jpg\" alt=\"\" class=\"wp-image-855\"\/><\/a><\/figure>\n\n\n\n<figure class=\"wp-block-image size-thumbnail\"><a href=\"https:\/\/www.sslwrp.goleniow.net.pl\/wp-content\/uploads\/2023\/05\/odslona1_1.jpg\" target=\"_blank\" rel=\"noreferrer noopener\"><img loading=\"lazy\" decoding=\"async\" width=\"150\" height=\"150\" data-id=\"852\" src=\"https:\/\/www.sslwrp.goleniow.net.pl\/wp-content\/uploads\/2023\/05\/odslona1_1-150x150.jpg\" alt=\"\" class=\"wp-image-852\"\/><\/a><\/figure>\n\n\n\n<figure class=\"wp-block-image size-thumbnail\"><a href=\"https:\/\/www.sslwrp.goleniow.net.pl\/wp-content\/uploads\/2023\/05\/odslona2_2.jpg\" target=\"_blank\" rel=\"noreferrer noopener\"><img loading=\"lazy\" decoding=\"async\" width=\"150\" height=\"150\" data-id=\"853\" src=\"https:\/\/www.sslwrp.goleniow.net.pl\/wp-content\/uploads\/2023\/05\/odslona2_2-150x150.jpg\" alt=\"\" class=\"wp-image-853\"\/><\/a><\/figure>\n\n\n\n<figure class=\"wp-block-image size-thumbnail\"><a href=\"https:\/\/www.sslwrp.goleniow.net.pl\/wp-content\/uploads\/2023\/05\/odslona3_3.jpg\" target=\"_blank\" rel=\"noreferrer noopener\"><img loading=\"lazy\" decoding=\"async\" width=\"150\" height=\"150\" data-id=\"854\" src=\"https:\/\/www.sslwrp.goleniow.net.pl\/wp-content\/uploads\/2023\/05\/odslona3_3-150x150.jpg\" alt=\"\" class=\"wp-image-854\"\/><\/a><\/figure>\n\n\n\n<figure class=\"wp-block-image size-thumbnail\"><a href=\"https:\/\/www.sslwrp.goleniow.net.pl\/wp-content\/uploads\/2023\/05\/del2_2.jpg\" target=\"_blank\" rel=\"noreferrer noopener\"><img loading=\"lazy\" decoding=\"async\" width=\"150\" height=\"150\" data-id=\"847\" src=\"https:\/\/www.sslwrp.goleniow.net.pl\/wp-content\/uploads\/2023\/05\/del2_2-150x150.jpg\" alt=\"\" class=\"wp-image-847\"\/><\/a><\/figure>\n\n\n\n<figure class=\"wp-block-image size-thumbnail\"><a href=\"https:\/\/www.sslwrp.goleniow.net.pl\/wp-content\/uploads\/2023\/05\/kwiatnadle1.jpg\" target=\"_blank\" rel=\"noreferrer noopener\"><img loading=\"lazy\" decoding=\"async\" width=\"150\" height=\"150\" data-id=\"849\" src=\"https:\/\/www.sslwrp.goleniow.net.pl\/wp-content\/uploads\/2023\/05\/kwiatnadle1-150x150.jpg\" alt=\"\" class=\"wp-image-849\"\/><\/a><\/figure>\n\n\n\n<figure class=\"wp-block-image size-thumbnail\"><a href=\"https:\/\/www.sslwrp.goleniow.net.pl\/wp-content\/uploads\/2023\/05\/del1_1.jpg\" target=\"_blank\" rel=\"noreferrer noopener\"><img loading=\"lazy\" decoding=\"async\" width=\"150\" height=\"150\" data-id=\"861\" src=\"https:\/\/www.sslwrp.goleniow.net.pl\/wp-content\/uploads\/2023\/05\/del1_1-150x150.jpg\" alt=\"\" class=\"wp-image-861\"\/><\/a><\/figure>\n\n\n\n<figure class=\"wp-block-image size-thumbnail\"><a href=\"https:\/\/www.sslwrp.goleniow.net.pl\/wp-content\/uploads\/2023\/05\/po-odslonie1.jpg\" target=\"_blank\" rel=\"noreferrer noopener\"><img loading=\"lazy\" decoding=\"async\" width=\"150\" height=\"150\" data-id=\"857\" src=\"https:\/\/www.sslwrp.goleniow.net.pl\/wp-content\/uploads\/2023\/05\/po-odslonie1-150x150.jpg\" alt=\"\" class=\"wp-image-857\"\/><\/a><\/figure>\n\n\n\n<figure class=\"wp-block-image size-thumbnail\"><a href=\"https:\/\/www.sslwrp.goleniow.net.pl\/wp-content\/uploads\/2023\/05\/kamien1.jpg\" target=\"_blank\" rel=\"noreferrer noopener\"><img loading=\"lazy\" decoding=\"async\" width=\"150\" height=\"150\" data-id=\"848\" src=\"https:\/\/www.sslwrp.goleniow.net.pl\/wp-content\/uploads\/2023\/05\/kamien1-150x150.jpg\" alt=\"\" class=\"wp-image-848\"\/><\/a><\/figure>\n\n\n\n<figure class=\"wp-block-image size-thumbnail\"><a href=\"https:\/\/www.sslwrp.goleniow.net.pl\/wp-content\/uploads\/2023\/05\/miejsce1.jpg\" target=\"_blank\" rel=\"noreferrer noopener\"><img loading=\"lazy\" decoding=\"async\" width=\"150\" height=\"150\" data-id=\"850\" src=\"https:\/\/www.sslwrp.goleniow.net.pl\/wp-content\/uploads\/2023\/05\/miejsce1-150x150.jpg\" alt=\"\" class=\"wp-image-850\"\/><\/a><\/figure>\n\n\n\n<figure class=\"wp-block-image size-thumbnail\"><a href=\"https:\/\/www.sslwrp.goleniow.net.pl\/wp-content\/uploads\/2023\/05\/Tablica_Imno.jpg\" target=\"_blank\" rel=\"noreferrer noopener\"><img loading=\"lazy\" decoding=\"async\" width=\"150\" height=\"150\" data-id=\"860\" src=\"https:\/\/www.sslwrp.goleniow.net.pl\/wp-content\/uploads\/2023\/05\/Tablica_Imno-150x150.jpg\" alt=\"\" class=\"wp-image-860\"\/><\/a><\/figure>\n\n\n\n<figure class=\"wp-block-image size-thumbnail\"><a href=\"https:\/\/www.sslwrp.goleniow.net.pl\/wp-content\/uploads\/2023\/05\/pamiatkowe1.jpg\" target=\"_blank\" rel=\"noreferrer noopener\"><img loading=\"lazy\" decoding=\"async\" width=\"150\" height=\"150\" data-id=\"856\" src=\"https:\/\/www.sslwrp.goleniow.net.pl\/wp-content\/uploads\/2023\/05\/pamiatkowe1-150x150.jpg\" alt=\"\" class=\"wp-image-856\"\/><\/a><\/figure>\n<\/figure>\n\n\n\n<p><strong><em>Jest to kolejne miejsce, kt\u00f3re pasjonaci lotnictwa udost\u0119pniaj\u0105 ch\u0119tnym do odwiedzenia i oddania czci ofiarom katastrofy lotniczej.<\/em><\/strong><\/p>\n\n\n\n<p>Dojazd z Goleniowa: wyje\u017cd\u017camy drog\u0105 nr 113 w kierunku miejscowo\u015bci Mosty. Za Budnem skr\u0119camy w lewo do miejscowo\u015bci IMNO. Przez Imno jedziemy g\u0142\u00f3wn\u0105 drog\u0105, a\u017c dojedziemy do rozwidlenia przy lesie. (w lesie nie je\u017adzimy pojazdami). Trzymamy si\u0119 lewej. Po ok 50m, przed kamieniem skr\u0119camy w dukt le\u015bny w prawo, kt\u00f3ry doprowadzi nas do \u201cKamienia Pami\u0119ci\u201d. Wsp\u00f3\u0142rz\u0119dne miejsca: 53.564056, 14.943556.<\/p>\n\n\n\n<div class=\"wp-block-media-text is-stacked-on-mobile\" style=\"grid-template-columns:56% auto\"><figure class=\"wp-block-media-text__media\"><img loading=\"lazy\" decoding=\"async\" width=\"1024\" height=\"545\" src=\"https:\/\/www.sslwrp.goleniow.net.pl\/wp-content\/uploads\/2023\/05\/mapka-1024x545.jpg\" alt=\"\" class=\"wp-image-874 size-full\" srcset=\"https:\/\/www.sslwrp.goleniow.net.pl\/wp-content\/uploads\/2023\/05\/mapka-1024x545.jpg 1024w, https:\/\/www.sslwrp.goleniow.net.pl\/wp-content\/uploads\/2023\/05\/mapka-300x160.jpg 300w, https:\/\/www.sslwrp.goleniow.net.pl\/wp-content\/uploads\/2023\/05\/mapka-768x409.jpg 768w, https:\/\/www.sslwrp.goleniow.net.pl\/wp-content\/uploads\/2023\/05\/mapka-1170x623.jpg 1170w, https:\/\/www.sslwrp.goleniow.net.pl\/wp-content\/uploads\/2023\/05\/mapka.jpg 1516w\" sizes=\"auto, (max-width: 1024px) 100vw, 1024px\" \/><\/figure><div class=\"wp-block-media-text__content\">\n<p><a rel=\"noreferrer noopener\" href=\"https:\/\/www.sslwrp.goleniow.net.pl\/wp-content\/uploads\/2023\/05\/mapka.jpg\" target=\"_blank\">Kliknij aby powi\u0119kszy\u0107 mapk\u0119 dojazdu.<\/a><\/p>\n<\/div><\/div>\n\n\n\n<p><em>Uroczysto\u015b\u0107 zorganizowa\u0142o Stowarzyszenie Senior\u00f3w Lotnictwa Wojskowego RP Oddzia\u0142 w Goleniowie oraz Zwi\u0105zek \u017bo\u0142nierzy Wojska Polskiego Ko\u0142o nr 25 Goleni\u00f3w. Za ogromn\u0105 pomoc w realizacji tego projektu oraz obecno\u015b\u0107 na uroczysto\u015bci serdecznie dzi\u0119kujemy przedstawicielom Nadle\u015bnictwa Goleni\u00f3w, Le\u015bnictwa Mosty, Urz\u0119du Gminy i Miasta w Goleniowie, Zespo\u0142u Szk\u00f3\u0142 im. Lotnik\u00f3w Polskich w Mostach, Stowarzyszenia Eksploracji Historycznej \u201eBia\u0142y Grosz\u201d, JAFA Pracownia reklamy, Zak\u0142adu Kamieniarskiego Dariusza Bujczyka oraz, jak zawsze niezawodnemu, Radkowi Kacperskiemu<\/em>.<\/p>\n","protected":false},"excerpt":{"rendered":"<p>W sobot\u0119, 20 maja 2023r. o godzinie 12.00, w lesie ko\u0142o miejscowo\u015bci IMNO, (droga kierunek Maszewo) odby\u0142a si\u0119 uroczysto\u015b\u0107 ods\u0142oni\u0119cia Kamienia Pami\u0119ci po\u015bwi\u0119conego katastrofie lotniczej,<\/p>\n","protected":false},"author":1,"featured_media":0,"parent":0,"menu_order":0,"comment_status":"closed","ping_status":"closed","template":"","meta":{"footnotes":""},"class_list":["post-1126","page","type-page","status-publish","hentry"],"_links":{"self":[{"href":"https:\/\/www.sslwrp.goleniow.net.pl\/index.php?rest_route=\/wp\/v2\/pages\/1126","targetHints":{"allow":["GET"]}}],"collection":[{"href":"https:\/\/www.sslwrp.goleniow.net.pl\/index.php?rest_route=\/wp\/v2\/pages"}],"about":[{"href":"https:\/\/www.sslwrp.goleniow.net.pl\/index.php?rest_route=\/wp\/v2\/types\/page"}],"author":[{"embeddable":true,"href":"https:\/\/www.sslwrp.goleniow.net.pl\/index.php?rest_route=\/wp\/v2\/users\/1"}],"replies":[{"embeddable":true,"href":"https:\/\/www.sslwrp.goleniow.net.pl\/index.php?rest_route=%2Fwp%2Fv2%2Fcomments&post=1126"}],"version-history":[{"count":5,"href":"https:\/\/www.sslwrp.goleniow.net.pl\/index.php?rest_route=\/wp\/v2\/pages\/1126\/revisions"}],"predecessor-version":[{"id":1138,"href":"https:\/\/www.sslwrp.goleniow.net.pl\/index.php?rest_route=\/wp\/v2\/pages\/1126\/revisions\/1138"}],"wp:attachment":[{"href":"https:\/\/www.sslwrp.goleniow.net.pl\/index.php?rest_route=%2Fwp%2Fv2%2Fmedia&parent=1126"}],"curies":[{"name":"wp","href":"https:\/\/api.w.org\/{rel}","templated":true}]}}