{"id":1052,"date":"2023-07-02T19:57:25","date_gmt":"2023-07-02T19:57:25","guid":{"rendered":"https:\/\/www.sslwrp.goleniow.net.pl\/?page_id=1052"},"modified":"2023-07-02T20:29:11","modified_gmt":"2023-07-02T20:29:11","slug":"odlot-samolotow-z-goleniowskiego-lotniska","status":"publish","type":"page","link":"https:\/\/www.sslwrp.goleniow.net.pl\/?page_id=1052","title":{"rendered":"Odlot samolot\u00f3w z goleniowskiego lotniska"},"content":{"rendered":"\n<p><em>17 wrze\u015bnia przypada rocznica g\u0142\u00f3wnej \u201cfali\u201d odlot\u00f3w goleniowskich samolot\u00f3w. Wi\u0119cej tu nie wr\u00f3ci\u0142y. Na t\u0119 okoliczno\u015b\u0107 Rados\u0142aw Kacperski sporz\u0105dzi\u0142 ma\u0142\u0105 animacj\u0119, przedstawiaj\u0105c\u0105 kolejno\u015b\u0107 odlatuj\u0105cych samolot\u00f3w. Materia\u0142 wyj\u015bciowy to film nagrany przez (nie\u017cyj\u0105cego ju\u017c) Janusza KLUS, zmontowany i przerobiony na wersj\u0119 cyfrow\u0105 (z kasety VHS) przez Janusza Madonia.<\/em><\/p>\n\n\n\n<figure class=\"wp-block-image size-full\"><a href=\"https:\/\/www.facebook.com\/groups\/599329940768886\/?multi_permalinks=1075108849857657%2C1074758813225994&amp;notif_id=1663362960789919&amp;notif_t=group_activity&amp;ref=notif\" target=\"_blank\" rel=\"noreferrer noopener\"><img loading=\"lazy\" decoding=\"async\" width=\"500\" height=\"375\" src=\"https:\/\/www.sslwrp.goleniow.net.pl\/wp-content\/uploads\/2022\/09\/Lotnisko-2022-09-18-at-20-31-29-2-PLM-Krakow-1944-1993-Facebook.png\" alt=\"\" class=\"wp-image-371\" srcset=\"https:\/\/www.sslwrp.goleniow.net.pl\/wp-content\/uploads\/2022\/09\/Lotnisko-2022-09-18-at-20-31-29-2-PLM-Krakow-1944-1993-Facebook.png 500w, https:\/\/www.sslwrp.goleniow.net.pl\/wp-content\/uploads\/2022\/09\/Lotnisko-2022-09-18-at-20-31-29-2-PLM-Krakow-1944-1993-Facebook-300x225.png 300w\" sizes=\"auto, (max-width: 500px) 100vw, 500px\" \/><\/a><\/figure>\n","protected":false},"excerpt":{"rendered":"<p>17 wrze\u015bnia przypada rocznica g\u0142\u00f3wnej \u201cfali\u201d odlot\u00f3w goleniowskich samolot\u00f3w. Wi\u0119cej tu nie wr\u00f3ci\u0142y. Na t\u0119 okoliczno\u015b\u0107 Rados\u0142aw Kacperski sporz\u0105dzi\u0142 ma\u0142\u0105 animacj\u0119, przedstawiaj\u0105c\u0105 kolejno\u015b\u0107 odlatuj\u0105cych samolot\u00f3w.<\/p>\n","protected":false},"author":1,"featured_media":0,"parent":0,"menu_order":0,"comment_status":"closed","ping_status":"closed","template":"","meta":{"footnotes":""},"class_list":["post-1052","page","type-page","status-publish","hentry"],"_links":{"self":[{"href":"https:\/\/www.sslwrp.goleniow.net.pl\/index.php?rest_route=\/wp\/v2\/pages\/1052","targetHints":{"allow":["GET"]}}],"collection":[{"href":"https:\/\/www.sslwrp.goleniow.net.pl\/index.php?rest_route=\/wp\/v2\/pages"}],"about":[{"href":"https:\/\/www.sslwrp.goleniow.net.pl\/index.php?rest_route=\/wp\/v2\/types\/page"}],"author":[{"embeddable":true,"href":"https:\/\/www.sslwrp.goleniow.net.pl\/index.php?rest_route=\/wp\/v2\/users\/1"}],"replies":[{"embeddable":true,"href":"https:\/\/www.sslwrp.goleniow.net.pl\/index.php?rest_route=%2Fwp%2Fv2%2Fcomments&post=1052"}],"version-history":[{"count":2,"href":"https:\/\/www.sslwrp.goleniow.net.pl\/index.php?rest_route=\/wp\/v2\/pages\/1052\/revisions"}],"predecessor-version":[{"id":1060,"href":"https:\/\/www.sslwrp.goleniow.net.pl\/index.php?rest_route=\/wp\/v2\/pages\/1052\/revisions\/1060"}],"wp:attachment":[{"href":"https:\/\/www.sslwrp.goleniow.net.pl\/index.php?rest_route=%2Fwp%2Fv2%2Fmedia&parent=1052"}],"curies":[{"name":"wp","href":"https:\/\/api.w.org\/{rel}","templated":true}]}}